{"id":15124,"date":"2020-05-29T11:09:16","date_gmt":"2020-05-29T03:09:16","guid":{"rendered":"https:\/\/www.fjpremium.com\/?post_type=product&#038;p=15124"},"modified":"2023-12-14T13:55:55","modified_gmt":"2023-12-14T05:55:55","slug":"cat-7-s-ftp-shielded-and-foiled-twisted-pair-ethernet-installation-cable-600mhz","status":"publish","type":"product","link":"https:\/\/www.fjpremium.com\/fr\/product\/cat-7-s-ftp-shielded-and-foiled-twisted-pair-ethernet-installation-cable-600mhz\/","title":{"rendered":"S\/FTP C\u00e2ble d'installation Ethernet \u00e0 paires torsad\u00e9es blind\u00e9es et envelopp\u00e9es Cat 7, 600MHZ"},"content":{"rendered":"<p>Con\u00e7u pour permettre la transmission de donn\u00e9es \u00e0 10 gigabits et prendre en charge une bande passante plus rapide jusqu'\u00e0 600 MHz, ce c\u00e2ble blind\u00e9 Cat 7 garantit des performances exceptionnelles dans les r\u00e9seaux haut d\u00e9bit d'aujourd'hui.<\/p>\n<p>Il b\u00e9n\u00e9ficie d'une construction S\/FTP, qui consiste en quatre paires blind\u00e9es individuellement de conducteurs en cuivre nu massif de calibre 23.<\/p>\n<p>Cette conception prot\u00e8ge contre les interf\u00e9rences \u00e9lectromagn\u00e9tiques (EMI), garantissant que vos connexions r\u00e9seau restent stables et sans interf\u00e9rences, m\u00eame dans des environnements \u00e9lectriquement bruyants.<\/p>\n<p>Le c\u00e2ble est \u00e9quip\u00e9 d'un conducteur en cuivre massif sans oxyg\u00e8ne de haute qualit\u00e9 23AWG 0,57 mm, qui am\u00e9liore la transmission des signaux et garantit des performances r\u00e9seau optimales.<\/p>\n<p>L'isolation en mousse prot\u00e8ge davantage les conducteurs tout en conservant la flexibilit\u00e9 n\u00e9cessaire \u00e0 une installation ais\u00e9e.<\/p>\n<p>Diff\u00e9rentes options de gaine sont disponibles pour ce c\u00e2ble blind\u00e9 Cat 7, notamment PVC, CMR, CMP, LSZH et PE, ce qui vous permet de choisir l'option id\u00e9ale pour vos besoins d'installation sp\u00e9cifiques.<\/p>\n<p>De plus, il est disponible en plusieurs couleurs, ce qui facilite l'identification et la gestion de vos connexions r\u00e9seau.<\/p>\n<p>En outre, Fluke et Network Analyzer testent et v\u00e9rifient notre c\u00e2ble blind\u00e9 Cat 7, garantissant sa fiabilit\u00e9 et ses performances.<\/p>\n<p>Il est \u00e9galement conforme aux normes RoHS et REACH, et certifi\u00e9 CPR Eca et Dca.<\/p>\n<p>Vous \u00eates ainsi assur\u00e9 d'utiliser un produit fiable et respectueux de l'environnement, conforme aux normes industrielles telles que IEC\/ISO 11801, ISO\/IEC 61156-5 et ANSI\/TIA568C.2.<\/p>\n<p>En conclusion, avec sa construction solide, sa gamme d'options de gaine et sa conformit\u00e9 aux normes industrielles, ce c\u00e2ble est une solution fiable et polyvalente pour tous vos besoins de mise en r\u00e9seau.<\/p>\n<h2>T\u00e9l\u00e9charger :<\/h2>\n<ul>\n<li>Fiche technique de Cat7 S\/FTP Netwoking installation bulk cable<\/li>\n<\/ul>\n<h2>Informations sur la commande :<\/h2>\n<ul>\n<li>FS17008-C : PVC<\/li>\n<li>FS17008-L : LSZH<\/li>\n<li>FS17008-M : Class\u00e9 CM<\/li>\n<li>FS17008-R : El\u00e9vateur CMR<\/li>\n<li>FS17008-P : Pl\u00e9num CMP<\/li>\n<li>FS17008-E : PE pour l'ext\u00e9rieur<\/li>\n<\/ul>","protected":false},"excerpt":{"rendered":"<p>Notre c\u00e2ble d'installation Ethernet Ccat 7 blind\u00e9 et gain\u00e9 est parfait pour les communications de donn\u00e9es de haute performance, offrant une connectivit\u00e9 fiable pour la voix et plus encore.<\/p>","protected":false},"featured_media":15146,"template":"","meta":{"_acf_changed":false,"_seopress_robots_primary_cat":"","_seopress_titles_title":"Cat 7 Shielded And Foiled Twisted Pair Ethernet Cable - Farsince","_seopress_titles_desc":"","_seopress_robots_index":"","site-sidebar-layout":"default","site-content-layout":"default","ast-site-content-layout":"default","site-content-style":"default","site-sidebar-style":"default","ast-global-header-display":"","ast-banner-title-visibility":"","ast-main-header-display":"","ast-hfb-above-header-display":"","ast-hfb-below-header-display":"","ast-hfb-mobile-header-display":"","site-post-title":"","ast-breadcrumbs-content":"","ast-featured-img":"","footer-sml-layout":"","ast-disable-related-posts":"","theme-transparent-header-meta":"default","adv-header-id-meta":"","stick-header-meta":"","header-above-stick-meta":"","header-main-stick-meta":"","header-below-stick-meta":"","astra-migrate-meta-layouts":"default","ast-page-background-enabled":"default","ast-page-background-meta":{"desktop":{"background-color":"","background-image":"","background-repeat":"repeat","background-position":"center center","background-size":"auto","background-attachment":"scroll","background-type":"","background-media":"","overlay-type":"","overlay-color":"","overlay-opacity":"","overlay-gradient":""},"tablet":{"background-color":"","background-image":"","background-repeat":"repeat","background-position":"center center","background-size":"auto","background-attachment":"scroll","background-type":"","background-media":"","overlay-type":"","overlay-color":"","overlay-opacity":"","overlay-gradient":""},"mobile":{"background-color":"","background-image":"","background-repeat":"repeat","background-position":"center center","background-size":"auto","background-attachment":"scroll","background-type":"","background-media":"","overlay-type":"","overlay-color":"","overlay-opacity":"","overlay-gradient":""}},"ast-content-background-meta":{"desktop":{"background-color":"var(--ast-global-color-5)","background-image":"","background-repeat":"repeat","background-position":"center center","background-size":"auto","background-attachment":"scroll","background-type":"","background-media":"","overlay-type":"","overlay-color":"","overlay-opacity":"","overlay-gradient":""},"tablet":{"background-color":"var(--ast-global-color-5)","background-image":"","background-repeat":"repeat","background-position":"center center","background-size":"auto","background-attachment":"scroll","background-type":"","background-media":"","overlay-type":"","overlay-color":"","overlay-opacity":"","overlay-gradient":""},"mobile":{"background-color":"var(--ast-global-color-5)","background-image":"","background-repeat":"repeat","background-position":"center center","background-size":"auto","background-attachment":"scroll","background-type":"","background-media":"","overlay-type":"","overlay-color":"","overlay-opacity":"","overlay-gradient":""}},"iawp_total_views":54},"product_brand":[],"product_cat":[460,252,209],"product_tag":[],"class_list":{"0":"post-15124","1":"product","2":"type-product","3":"status-publish","4":"has-post-thumbnail","6":"product_cat-featured-products","7":"product_cat-bulk-cables","8":"product_cat-ethernet-cable","9":"desktop-align-left","10":"tablet-align-left","11":"mobile-align-left","13":"first","14":"instock","15":"featured","16":"shipping-taxable","17":"purchasable","18":"product-type-simple"},"acf":[],"_links":{"self":[{"href":"https:\/\/www.fjpremium.com\/fr\/wp-json\/wp\/v2\/product\/15124","targetHints":{"allow":["GET"]}}],"collection":[{"href":"https:\/\/www.fjpremium.com\/fr\/wp-json\/wp\/v2\/product"}],"about":[{"href":"https:\/\/www.fjpremium.com\/fr\/wp-json\/wp\/v2\/types\/product"}],"wp:featuredmedia":[{"embeddable":true,"href":"https:\/\/www.fjpremium.com\/fr\/wp-json\/wp\/v2\/media\/15146"}],"wp:attachment":[{"href":"https:\/\/www.fjpremium.com\/fr\/wp-json\/wp\/v2\/media?parent=15124"}],"wp:term":[{"taxonomy":"product_brand","embeddable":true,"href":"https:\/\/www.fjpremium.com\/fr\/wp-json\/wp\/v2\/product_brand?post=15124"},{"taxonomy":"product_cat","embeddable":true,"href":"https:\/\/www.fjpremium.com\/fr\/wp-json\/wp\/v2\/product_cat?post=15124"},{"taxonomy":"product_tag","embeddable":true,"href":"https:\/\/www.fjpremium.com\/fr\/wp-json\/wp\/v2\/product_tag?post=15124"}],"curies":[{"name":"wp","href":"https:\/\/api.w.org\/{rel}","templated":true}]}}