{"id":15122,"date":"2020-05-29T11:09:13","date_gmt":"2020-05-29T03:09:13","guid":{"rendered":"https:\/\/www.fjpremium.com\/?post_type=product&#038;p=15122"},"modified":"2023-12-14T13:55:56","modified_gmt":"2023-12-14T05:55:56","slug":"cat-6a-u-utp-unshielded-twisted-pair-ethernet-installation-cable","status":"publish","type":"product","link":"https:\/\/www.fjpremium.com\/fr\/product\/cat-6a-u-utp-unshielded-twisted-pair-ethernet-installation-cable\/","title":{"rendered":"Cat6A Plenum 1000ft U\/UTP Paire Torsad\u00e9e Non Blind\u00e9e - Conducteurs en cuivre massif 23AWG, Enveloppe Plenum, Transfert de donn\u00e9es 10Gbps, Diverses couleurs et longueurs, Personnalisable"},"content":{"rendered":"<ul>\n<li>Le c\u00e2ble Cat6A Plenum 1000ft U\/UTP Unshielded Twisted Pair est un c\u00e2ble r\u00e9seau de haute qualit\u00e9 con\u00e7u pour \u00eatre utilis\u00e9 dans les espaces plenum.<\/li>\n<li>Il est compos\u00e9 de conducteurs en cuivre massif 23AWG et poss\u00e8de une gaine class\u00e9e plenum, ce qui permet de l'utiliser en toute s\u00e9curit\u00e9 dans les zones \u00e0 circulation d'air.<\/li>\n<li>Ce c\u00e2ble r\u00e9pond aux normes de performance Cat6A et peut prendre en charge des vitesses de transfert de donn\u00e9es allant jusqu'\u00e0 10 Gbps.<\/li>\n<li>Il est disponible dans une vari\u00e9t\u00e9 de couleurs et de longueurs, et peut \u00eatre personnalis\u00e9 pour r\u00e9pondre \u00e0 des besoins sp\u00e9cifiques.<\/li>\n<li>Avec sa construction durable et ses performances fiables, le Cat6A Plenum 1000ft U\/UTP est le choix id\u00e9al pour toutes les applications de r\u00e9seaux commerciaux ou industriels.<\/li>\n<\/ul>","protected":false},"excerpt":{"rendered":"<p>C\u00e2ble r\u00e9seau Cat6A de haute qualit\u00e9 avec une gaine class\u00e9e plenum pour une utilisation dans les espaces plenum. Conforme aux normes Cat6A, il prend en charge des vitesses allant jusqu'\u00e0 10 Gbps.<\/p>","protected":false},"featured_media":15135,"template":"","meta":{"_acf_changed":false,"_seopress_robots_primary_cat":"","_seopress_titles_title":"Cat6A Plenum 1000ft U\/UTP Unshielded Twisted Pair - Farsince","_seopress_titles_desc":"Connect your devices to your network with Farsince&#039;s Cat6A Plenum 1000ft. Our cable provides reliable and seamless connection for high-speed data transfer. The U\/UTP design ensures compatibility with a variety of devices and networks, making it perfect for home or office use.","_seopress_robots_index":"","site-sidebar-layout":"default","site-content-layout":"default","ast-site-content-layout":"default","site-content-style":"default","site-sidebar-style":"default","ast-global-header-display":"","ast-banner-title-visibility":"","ast-main-header-display":"","ast-hfb-above-header-display":"","ast-hfb-below-header-display":"","ast-hfb-mobile-header-display":"","site-post-title":"","ast-breadcrumbs-content":"","ast-featured-img":"","footer-sml-layout":"","ast-disable-related-posts":"","theme-transparent-header-meta":"default","adv-header-id-meta":"","stick-header-meta":"","header-above-stick-meta":"","header-main-stick-meta":"","header-below-stick-meta":"","astra-migrate-meta-layouts":"set","ast-page-background-enabled":"default","ast-page-background-meta":{"desktop":{"background-color":"","background-image":"","background-repeat":"repeat","background-position":"center center","background-size":"auto","background-attachment":"scroll","background-type":"","background-media":"","overlay-type":"","overlay-color":"","overlay-opacity":"","overlay-gradient":""},"tablet":{"background-color":"","background-image":"","background-repeat":"repeat","background-position":"center center","background-size":"auto","background-attachment":"scroll","background-type":"","background-media":"","overlay-type":"","overlay-color":"","overlay-opacity":"","overlay-gradient":""},"mobile":{"background-color":"","background-image":"","background-repeat":"repeat","background-position":"center center","background-size":"auto","background-attachment":"scroll","background-type":"","background-media":"","overlay-type":"","overlay-color":"","overlay-opacity":"","overlay-gradient":""}},"ast-content-background-meta":{"desktop":{"background-color":"var(--ast-global-color-5)","background-image":"","background-repeat":"repeat","background-position":"center center","background-size":"auto","background-attachment":"scroll","background-type":"","background-media":"","overlay-type":"","overlay-color":"","overlay-opacity":"","overlay-gradient":""},"tablet":{"background-color":"var(--ast-global-color-5)","background-image":"","background-repeat":"repeat","background-position":"center center","background-size":"auto","background-attachment":"scroll","background-type":"","background-media":"","overlay-type":"","overlay-color":"","overlay-opacity":"","overlay-gradient":""},"mobile":{"background-color":"var(--ast-global-color-5)","background-image":"","background-repeat":"repeat","background-position":"center center","background-size":"auto","background-attachment":"scroll","background-type":"","background-media":"","overlay-type":"","overlay-color":"","overlay-opacity":"","overlay-gradient":""}},"iawp_total_views":6},"product_brand":[],"product_cat":[252,209],"product_tag":[],"class_list":{"0":"post-15122","1":"product","2":"type-product","3":"status-publish","4":"has-post-thumbnail","6":"product_cat-bulk-cables","7":"product_cat-ethernet-cable","8":"desktop-align-left","9":"tablet-align-left","10":"mobile-align-left","12":"first","13":"instock","14":"shipping-taxable","15":"purchasable","16":"product-type-simple"},"acf":[],"_links":{"self":[{"href":"https:\/\/www.fjpremium.com\/fr\/wp-json\/wp\/v2\/product\/15122","targetHints":{"allow":["GET"]}}],"collection":[{"href":"https:\/\/www.fjpremium.com\/fr\/wp-json\/wp\/v2\/product"}],"about":[{"href":"https:\/\/www.fjpremium.com\/fr\/wp-json\/wp\/v2\/types\/product"}],"wp:featuredmedia":[{"embeddable":true,"href":"https:\/\/www.fjpremium.com\/fr\/wp-json\/wp\/v2\/media\/15135"}],"wp:attachment":[{"href":"https:\/\/www.fjpremium.com\/fr\/wp-json\/wp\/v2\/media?parent=15122"}],"wp:term":[{"taxonomy":"product_brand","embeddable":true,"href":"https:\/\/www.fjpremium.com\/fr\/wp-json\/wp\/v2\/product_brand?post=15122"},{"taxonomy":"product_cat","embeddable":true,"href":"https:\/\/www.fjpremium.com\/fr\/wp-json\/wp\/v2\/product_cat?post=15122"},{"taxonomy":"product_tag","embeddable":true,"href":"https:\/\/www.fjpremium.com\/fr\/wp-json\/wp\/v2\/product_tag?post=15122"}],"curies":[{"name":"wp","href":"https:\/\/api.w.org\/{rel}","templated":true}]}}