{"id":15121,"date":"2020-05-29T11:09:12","date_gmt":"2020-05-29T03:09:12","guid":{"rendered":"https:\/\/www.fjpremium.com\/?post_type=product&#038;p=15121"},"modified":"2023-12-14T13:55:56","modified_gmt":"2023-12-14T05:55:56","slug":"cat6-u-utp-unshielded-twisted-pair-ethernet-installation-cable","status":"publish","type":"product","link":"https:\/\/www.fjpremium.com\/fr\/product\/cat6-u-utp-unshielded-twisted-pair-ethernet-installation-cable\/","title":{"rendered":"U\/UTP Cat6 Bulk Cable Ethernet Installation 1000ft 305m"},"content":{"rendered":"<p>Ce c\u00e2ble cat6 en vrac prend en charge la transmission de donn\u00e9es 1000 Base-T et offre une bande passante plus rapide allant jusqu'\u00e0 250 MHz. Compos\u00e9 de quatre paires torsad\u00e9es non blind\u00e9es de conducteurs en cuivre nu massif de calibre 23, il est dot\u00e9 d'une isolation en poly\u00e9thyl\u00e8ne haute densit\u00e9 (PEHD).<\/p>\n<p>De plus, il est disponible avec une gaine LSZH ou une gaine PVC CMR-UL, comme PVC, CMR, CMP, LSZH et PE, et des marquages s\u00e9quentiels en pieds ou en m\u00e8tres sur la gaine vous permettent de savoir exactement la quantit\u00e9 de c\u00e2ble restante.<\/p>\n<p>Le c\u00e2ble est disponible en diff\u00e9rentes couleurs, notamment en gris, blanc, bleu, noir ou personnalis\u00e9, et a \u00e9t\u00e9 test\u00e9 par des analyseurs Fluke et des analyseurs de r\u00e9seau.<\/p>\n<p>De plus, ce c\u00e2ble de haute qualit\u00e9 a re\u00e7u les certifications CPR Eca et Dca conformes aux r\u00e9glementations ROHS et REACH.<\/p>\n<p>Il est conforme aux normes industrielles telles que IEC\/ISO 11801 2e classe D, ANSI\/TIA568C.2 cat\u00e9gorie 6 et ISO\/IEC 61156-5 cat\u00e9gorie 6.<\/p>\n<p>Par cons\u00e9quent, lorsque vous choisissez un c\u00e2ble cat6 bulk pour vos besoins en r\u00e9seau, ne cherchez pas plus loin que notre offre.<\/p>\n<p>Avec sa construction non blind\u00e9e, une large gamme d'options de gaines et de couleurs, et l'adh\u00e9sion aux normes industrielles, ce c\u00e2ble fournira des performances fiables pour votre infrastructure de r\u00e9seau.<\/p>\n<h2>T\u00e9l\u00e9charger :<\/h2>\n<ul>\n<li>Fiche technique de Cat6 Netwoking installation bulk cable<\/li>\n<\/ul>\n<h2>Informations sur la commande :<\/h2>\n<ul>\n<li>FS17003-C : PVC<\/li>\n<li>FS17003-L : LSZH<\/li>\n<li>FS17003-M : Class\u00e9 CM<\/li>\n<li>FS17003-R : Support CMR<\/li>\n<li>FS17003-P : Pl\u00e9num CMP<\/li>\n<li>FS17003-E : PE pour l'ext\u00e9rieur<\/li>\n<\/ul>","protected":false},"excerpt":{"rendered":"<p>D\u00e9couvrez notre c\u00e2ble d'installation Ethernet U\/UTP cat6 bulk cable, parfait pour des communications de donn\u00e9es de haute performance dans diverses applications.<\/p>","protected":false},"featured_media":15126,"template":"","meta":{"_acf_changed":false,"_seopress_robots_primary_cat":"","_seopress_titles_title":"Best Cat6 Bulk Cable - Farsince","_seopress_titles_desc":"","_seopress_robots_index":"","site-sidebar-layout":"default","site-content-layout":"default","ast-site-content-layout":"default","site-content-style":"default","site-sidebar-style":"default","ast-global-header-display":"","ast-banner-title-visibility":"","ast-main-header-display":"","ast-hfb-above-header-display":"","ast-hfb-below-header-display":"","ast-hfb-mobile-header-display":"","site-post-title":"","ast-breadcrumbs-content":"","ast-featured-img":"","footer-sml-layout":"","ast-disable-related-posts":"","theme-transparent-header-meta":"default","adv-header-id-meta":"","stick-header-meta":"","header-above-stick-meta":"","header-main-stick-meta":"","header-below-stick-meta":"","astra-migrate-meta-layouts":"default","ast-page-background-enabled":"default","ast-page-background-meta":{"desktop":{"background-color":"","background-image":"","background-repeat":"repeat","background-position":"center center","background-size":"auto","background-attachment":"scroll","background-type":"","background-media":"","overlay-type":"","overlay-color":"","overlay-opacity":"","overlay-gradient":""},"tablet":{"background-color":"","background-image":"","background-repeat":"repeat","background-position":"center center","background-size":"auto","background-attachment":"scroll","background-type":"","background-media":"","overlay-type":"","overlay-color":"","overlay-opacity":"","overlay-gradient":""},"mobile":{"background-color":"","background-image":"","background-repeat":"repeat","background-position":"center center","background-size":"auto","background-attachment":"scroll","background-type":"","background-media":"","overlay-type":"","overlay-color":"","overlay-opacity":"","overlay-gradient":""}},"ast-content-background-meta":{"desktop":{"background-color":"var(--ast-global-color-5)","background-image":"","background-repeat":"repeat","background-position":"center center","background-size":"auto","background-attachment":"scroll","background-type":"","background-media":"","overlay-type":"","overlay-color":"","overlay-opacity":"","overlay-gradient":""},"tablet":{"background-color":"var(--ast-global-color-5)","background-image":"","background-repeat":"repeat","background-position":"center center","background-size":"auto","background-attachment":"scroll","background-type":"","background-media":"","overlay-type":"","overlay-color":"","overlay-opacity":"","overlay-gradient":""},"mobile":{"background-color":"var(--ast-global-color-5)","background-image":"","background-repeat":"repeat","background-position":"center center","background-size":"auto","background-attachment":"scroll","background-type":"","background-media":"","overlay-type":"","overlay-color":"","overlay-opacity":"","overlay-gradient":""}},"iawp_total_views":8},"product_brand":[],"product_cat":[252,209],"product_tag":[],"class_list":{"0":"post-15121","1":"product","2":"type-product","3":"status-publish","4":"has-post-thumbnail","6":"product_cat-bulk-cables","7":"product_cat-ethernet-cable","8":"desktop-align-left","9":"tablet-align-left","10":"mobile-align-left","12":"first","13":"instock","14":"shipping-taxable","15":"purchasable","16":"product-type-simple"},"acf":[],"_links":{"self":[{"href":"https:\/\/www.fjpremium.com\/fr\/wp-json\/wp\/v2\/product\/15121","targetHints":{"allow":["GET"]}}],"collection":[{"href":"https:\/\/www.fjpremium.com\/fr\/wp-json\/wp\/v2\/product"}],"about":[{"href":"https:\/\/www.fjpremium.com\/fr\/wp-json\/wp\/v2\/types\/product"}],"wp:featuredmedia":[{"embeddable":true,"href":"https:\/\/www.fjpremium.com\/fr\/wp-json\/wp\/v2\/media\/15126"}],"wp:attachment":[{"href":"https:\/\/www.fjpremium.com\/fr\/wp-json\/wp\/v2\/media?parent=15121"}],"wp:term":[{"taxonomy":"product_brand","embeddable":true,"href":"https:\/\/www.fjpremium.com\/fr\/wp-json\/wp\/v2\/product_brand?post=15121"},{"taxonomy":"product_cat","embeddable":true,"href":"https:\/\/www.fjpremium.com\/fr\/wp-json\/wp\/v2\/product_cat?post=15121"},{"taxonomy":"product_tag","embeddable":true,"href":"https:\/\/www.fjpremium.com\/fr\/wp-json\/wp\/v2\/product_tag?post=15121"}],"curies":[{"name":"wp","href":"https:\/\/api.w.org\/{rel}","templated":true}]}}