{"id":15053,"date":"2020-05-25T16:44:00","date_gmt":"2020-05-25T08:44:00","guid":{"rendered":"https:\/\/www.fjpremium.com\/?post_type=product&#038;p=15053"},"modified":"2024-03-14T15:22:54","modified_gmt":"2024-03-14T07:22:54","slug":"vga-hd15-female-to-female-panel-mount-cable","status":"publish","type":"product","link":"https:\/\/www.fjpremium.com\/fr\/product\/vga-hd15-female-to-female-panel-mount-cable\/","title":{"rendered":"C\u00e2ble VGA HD15 femelle-femelle"},"content":{"rendered":"<p>Ce c\u00e2ble constitue une solution id\u00e9ale pour combiner deux c\u00e2bles VGA afin d'obtenir une connectivit\u00e9 s\u00e9curis\u00e9e \u00e0 travers un panneau. Vous pouvez d\u00e9sormais fournir sans effort une connectivit\u00e9 d'affichage \u00e0 partir d'une source situ\u00e9e dans un environnement s\u00e9curis\u00e9.<\/p>\n<p>Sa courte longueur et sa conception de pointe assurent une perte de signal minimale, garantissant une exp\u00e9rience visuelle optimale.<\/p>\n<p>Il prend en charge les r\u00e9solutions vid\u00e9o jusqu'\u00e0 2048\u00d71536 (QXGA), y compris les r\u00e9solutions les plus courantes telles que 1920\u00d71200 (WUXGA), 1600\u00d71200 (UXGA), 1680\u00d71050 (WSXGA+), 1400\u00d71050 (SXGA+), 1280\u00d7800 (WXGA), 1024\u00d7768 (XGA), 800\u00d7600 (SVGA) et 640\u00d7480 (VGA).<\/p>\n<p>Les conducteurs enti\u00e8rement blind\u00e9s de notre c\u00e2ble VGA HD15 offrent une immunit\u00e9 totale aux interf\u00e9rences EMI\/RFI, tandis que les connecteurs plaqu\u00e9s or 24K garantissent un transfert de signal sup\u00e9rieur.<\/p>\n<p>Chaque c\u00e2ble est minutieusement test\u00e9 pour r\u00e9pondre aux normes de l'industrie, garantissant une fonctionnalit\u00e9 sans faille.<\/p>\n<p>Ses caract\u00e9ristiques :<\/p>\n<ul>\n<li>Type d'\u00e9crou et de vis : #4-40 nickel\u00e9<\/li>\n<li>Conducteur du c\u00e2ble : Cuivre \u00e9tam\u00e9<\/li>\n<li>Isolation : PE SKIN\/HDPE mouss\u00e9<\/li>\n<li>Calibre du fil : 30AWG 7\/0.10mm<\/li>\n<li>Blindage : paire torsad\u00e9e de feuilles d'aluminium, feuilles d'aluminium globales, tresse<\/li>\n<li>Bo\u00eetier : Moulage par injection<\/li>\n<li>Gaine : PVC<\/li>\n<li>Diam\u00e8tre ext\u00e9rieur : 6,0\u00b10,2mm<\/li>\n<li>Conformit\u00e9 : RoHS, REACH, CE<\/li>\n<\/ul>\n<p>De plus, vous pouvez compter sur notre garantie de 2 ans pour une tranquillit\u00e9 d'esprit in\u00e9gal\u00e9e. Dans l'ensemble, contactez-nous d\u00e8s aujourd'hui et investissez dans ce c\u00e2ble.<\/p>","protected":false},"excerpt":{"rendered":"<p>Am\u00e9liorez la connectivit\u00e9 avec le c\u00e2ble FARSINCE VGA HD15, combinant deux c\u00e2bles VGA en toute s\u00e9curit\u00e9 via un panneau, offrant des r\u00e9solutions jusqu&#039;\u00e0 2048 \u00d7 1536 (QXGA).<\/p>","protected":false},"featured_media":15059,"template":"","meta":{"_acf_changed":false,"_seopress_robots_primary_cat":"","_seopress_titles_title":"VGA HD15 Cable Female to Female - FARSINCE","_seopress_titles_desc":"","_seopress_robots_index":"","site-sidebar-layout":"default","site-content-layout":"default","ast-site-content-layout":"default","site-content-style":"default","site-sidebar-style":"default","ast-global-header-display":"","ast-banner-title-visibility":"","ast-main-header-display":"","ast-hfb-above-header-display":"","ast-hfb-below-header-display":"","ast-hfb-mobile-header-display":"","site-post-title":"","ast-breadcrumbs-content":"","ast-featured-img":"","footer-sml-layout":"","ast-disable-related-posts":"","theme-transparent-header-meta":"default","adv-header-id-meta":"","stick-header-meta":"","header-above-stick-meta":"","header-main-stick-meta":"","header-below-stick-meta":"","astra-migrate-meta-layouts":"set","ast-page-background-enabled":"default","ast-page-background-meta":{"desktop":{"background-color":"","background-image":"","background-repeat":"repeat","background-position":"center center","background-size":"auto","background-attachment":"scroll","background-type":"","background-media":"","overlay-type":"","overlay-color":"","overlay-opacity":"","overlay-gradient":""},"tablet":{"background-color":"","background-image":"","background-repeat":"repeat","background-position":"center center","background-size":"auto","background-attachment":"scroll","background-type":"","background-media":"","overlay-type":"","overlay-color":"","overlay-opacity":"","overlay-gradient":""},"mobile":{"background-color":"","background-image":"","background-repeat":"repeat","background-position":"center center","background-size":"auto","background-attachment":"scroll","background-type":"","background-media":"","overlay-type":"","overlay-color":"","overlay-opacity":"","overlay-gradient":""}},"ast-content-background-meta":{"desktop":{"background-color":"var(--ast-global-color-5)","background-image":"","background-repeat":"repeat","background-position":"center center","background-size":"auto","background-attachment":"scroll","background-type":"","background-media":"","overlay-type":"","overlay-color":"","overlay-opacity":"","overlay-gradient":""},"tablet":{"background-color":"var(--ast-global-color-5)","background-image":"","background-repeat":"repeat","background-position":"center center","background-size":"auto","background-attachment":"scroll","background-type":"","background-media":"","overlay-type":"","overlay-color":"","overlay-opacity":"","overlay-gradient":""},"mobile":{"background-color":"var(--ast-global-color-5)","background-image":"","background-repeat":"repeat","background-position":"center center","background-size":"auto","background-attachment":"scroll","background-type":"","background-media":"","overlay-type":"","overlay-color":"","overlay-opacity":"","overlay-gradient":""}},"iawp_total_views":3},"product_brand":[],"product_cat":[238,678],"product_tag":[],"class_list":{"0":"post-15053","1":"product","2":"type-product","3":"status-publish","4":"has-post-thumbnail","6":"product_cat-panel-mount","7":"product_cat-panel-mount-cables","8":"desktop-align-left","9":"tablet-align-left","10":"mobile-align-left","12":"first","13":"instock","14":"shipping-taxable","15":"purchasable","16":"product-type-simple"},"acf":[],"_links":{"self":[{"href":"https:\/\/www.fjpremium.com\/fr\/wp-json\/wp\/v2\/product\/15053","targetHints":{"allow":["GET"]}}],"collection":[{"href":"https:\/\/www.fjpremium.com\/fr\/wp-json\/wp\/v2\/product"}],"about":[{"href":"https:\/\/www.fjpremium.com\/fr\/wp-json\/wp\/v2\/types\/product"}],"wp:featuredmedia":[{"embeddable":true,"href":"https:\/\/www.fjpremium.com\/fr\/wp-json\/wp\/v2\/media\/15059"}],"wp:attachment":[{"href":"https:\/\/www.fjpremium.com\/fr\/wp-json\/wp\/v2\/media?parent=15053"}],"wp:term":[{"taxonomy":"product_brand","embeddable":true,"href":"https:\/\/www.fjpremium.com\/fr\/wp-json\/wp\/v2\/product_brand?post=15053"},{"taxonomy":"product_cat","embeddable":true,"href":"https:\/\/www.fjpremium.com\/fr\/wp-json\/wp\/v2\/product_cat?post=15053"},{"taxonomy":"product_tag","embeddable":true,"href":"https:\/\/www.fjpremium.com\/fr\/wp-json\/wp\/v2\/product_tag?post=15053"}],"curies":[{"name":"wp","href":"https:\/\/api.w.org\/{rel}","templated":true}]}}