{"id":15037,"date":"2020-05-25T16:32:32","date_gmt":"2020-05-25T08:32:32","guid":{"rendered":"https:\/\/www.fjpremium.com\/?post_type=product&#038;p=15037"},"modified":"2024-03-14T14:54:11","modified_gmt":"2024-03-14T06:54:11","slug":"cat5e-cat6-cat6a-rj45-ftp-stp-shield-male-to-female-panel-mount-extention-cable","status":"publish","type":"product","link":"https:\/\/www.fjpremium.com\/fr\/product\/cat5e-cat6-cat6a-rj45-ftp-stp-shield-male-to-female-panel-mount-extention-cable\/","title":{"rendered":"FTP STP Cat5e Cat6 Shielded Ethernet Cable Male to Female"},"content":{"rendered":"<p>Con\u00e7u pour \u00e9tendre les connexions \u00e0 travers un panneau, ce c\u00e2ble Ethernet blind\u00e9 Cat5e Cat6 conforme aux normes industrielles offre un acc\u00e8s \u00e0 une source s\u00e9curis\u00e9e et confin\u00e9e. Il surpasse les normes de performance de la cat\u00e9gorie 5E\/6 conform\u00e9ment aux sp\u00e9cifications TIA\/EIA-568-C.2.<\/p>\n<p>Les contacts plaqu\u00e9s or et les capuchons anti-traction moul\u00e9s renforcent la durabilit\u00e9 et la s\u00e9curit\u00e9 de la connectivit\u00e9, tandis que les conducteurs en cuivre nu am\u00e9liorent les performances du c\u00e2ble en conformit\u00e9 avec les normes relatives aux c\u00e2bles de communication.<\/p>\n<p>Vous b\u00e9n\u00e9ficierez de transferts de donn\u00e9es rapides gr\u00e2ce \u00e0 la bande passante \u00e9lev\u00e9e de 350 MHz du c\u00e2ble, parfaite pour les applications de serveur, l'informatique en nuage, la vid\u00e9osurveillance et le streaming HD.<\/p>\n<p>Ses caract\u00e9ristiques :<\/p>\n<ul>\n<li>Type d'\u00e9crou et de vis : #M3 nickel\u00e9<\/li>\n<li>Pas du trou : 25mm<\/li>\n<li>Isolation : PE SKIN\/HDPE mouss\u00e9<\/li>\n<li>Calibre du fil : 26AWG 7\/0.15mm<\/li>\n<li>Bo\u00eetier : Moulage par injection<\/li>\n<li>Gaine : PVC<\/li>\n<li>Diam\u00e8tre ext\u00e9rieur : 5,5\u00b1 0,2mm ou 6,0\u00b10,2mm<\/li>\n<li>Conformit\u00e9 : RoHS, REACH, CE<\/li>\n<\/ul>\n<p>De plus, il b\u00e9n\u00e9ficie d'une garantie de 2 ans de notre part. En r\u00e9sum\u00e9, contactez-nous d\u00e8s aujourd'hui pour l'ajouter \u00e0 votre inventaire.<\/p>","protected":false},"excerpt":{"rendered":"<p>Maximisez la connectivit\u00e9 du r\u00e9seau LAN avec le c\u00e2ble Ethernet blind\u00e9 FTP STP Cat5e Cat6 de FARSINCE, offrant un transfert de donn\u00e9es rapide et b\u00e9n\u00e9ficiant d&#039;une garantie de 2 ans.<\/p>","protected":false},"featured_media":15047,"template":"","meta":{"_acf_changed":false,"_seopress_robots_primary_cat":"","_seopress_titles_title":"FTP STP Cat5e Cat6 Shielded Ethernet Cable - Farsince","_seopress_titles_desc":"Maximise LAN network&#039;s connectivity with FARSINCE&#039;s superior Cat6 shielded Ethernet cable, boasting fast data transfer and supported by a 2-year warranty.","_seopress_robots_index":"","site-sidebar-layout":"default","site-content-layout":"default","ast-site-content-layout":"default","site-content-style":"default","site-sidebar-style":"default","ast-global-header-display":"","ast-banner-title-visibility":"","ast-main-header-display":"","ast-hfb-above-header-display":"","ast-hfb-below-header-display":"","ast-hfb-mobile-header-display":"","site-post-title":"","ast-breadcrumbs-content":"","ast-featured-img":"","footer-sml-layout":"","ast-disable-related-posts":"","theme-transparent-header-meta":"default","adv-header-id-meta":"","stick-header-meta":"","header-above-stick-meta":"","header-main-stick-meta":"","header-below-stick-meta":"","astra-migrate-meta-layouts":"set","ast-page-background-enabled":"default","ast-page-background-meta":{"desktop":{"background-color":"","background-image":"","background-repeat":"repeat","background-position":"center center","background-size":"auto","background-attachment":"scroll","background-type":"","background-media":"","overlay-type":"","overlay-color":"","overlay-opacity":"","overlay-gradient":""},"tablet":{"background-color":"","background-image":"","background-repeat":"repeat","background-position":"center center","background-size":"auto","background-attachment":"scroll","background-type":"","background-media":"","overlay-type":"","overlay-color":"","overlay-opacity":"","overlay-gradient":""},"mobile":{"background-color":"","background-image":"","background-repeat":"repeat","background-position":"center center","background-size":"auto","background-attachment":"scroll","background-type":"","background-media":"","overlay-type":"","overlay-color":"","overlay-opacity":"","overlay-gradient":""}},"ast-content-background-meta":{"desktop":{"background-color":"var(--ast-global-color-5)","background-image":"","background-repeat":"repeat","background-position":"center center","background-size":"auto","background-attachment":"scroll","background-type":"","background-media":"","overlay-type":"","overlay-color":"","overlay-opacity":"","overlay-gradient":""},"tablet":{"background-color":"var(--ast-global-color-5)","background-image":"","background-repeat":"repeat","background-position":"center center","background-size":"auto","background-attachment":"scroll","background-type":"","background-media":"","overlay-type":"","overlay-color":"","overlay-opacity":"","overlay-gradient":""},"mobile":{"background-color":"var(--ast-global-color-5)","background-image":"","background-repeat":"repeat","background-position":"center center","background-size":"auto","background-attachment":"scroll","background-type":"","background-media":"","overlay-type":"","overlay-color":"","overlay-opacity":"","overlay-gradient":""}},"iawp_total_views":5},"product_brand":[],"product_cat":[238,678],"product_tag":[],"class_list":{"0":"post-15037","1":"product","2":"type-product","3":"status-publish","4":"has-post-thumbnail","6":"product_cat-panel-mount","7":"product_cat-panel-mount-cables","8":"desktop-align-left","9":"tablet-align-left","10":"mobile-align-left","12":"first","13":"instock","14":"shipping-taxable","15":"purchasable","16":"product-type-simple"},"acf":[],"_links":{"self":[{"href":"https:\/\/www.fjpremium.com\/fr\/wp-json\/wp\/v2\/product\/15037","targetHints":{"allow":["GET"]}}],"collection":[{"href":"https:\/\/www.fjpremium.com\/fr\/wp-json\/wp\/v2\/product"}],"about":[{"href":"https:\/\/www.fjpremium.com\/fr\/wp-json\/wp\/v2\/types\/product"}],"wp:featuredmedia":[{"embeddable":true,"href":"https:\/\/www.fjpremium.com\/fr\/wp-json\/wp\/v2\/media\/15047"}],"wp:attachment":[{"href":"https:\/\/www.fjpremium.com\/fr\/wp-json\/wp\/v2\/media?parent=15037"}],"wp:term":[{"taxonomy":"product_brand","embeddable":true,"href":"https:\/\/www.fjpremium.com\/fr\/wp-json\/wp\/v2\/product_brand?post=15037"},{"taxonomy":"product_cat","embeddable":true,"href":"https:\/\/www.fjpremium.com\/fr\/wp-json\/wp\/v2\/product_cat?post=15037"},{"taxonomy":"product_tag","embeddable":true,"href":"https:\/\/www.fjpremium.com\/fr\/wp-json\/wp\/v2\/product_tag?post=15037"}],"curies":[{"name":"wp","href":"https:\/\/api.w.org\/{rel}","templated":true}]}}