{"id":15036,"date":"2020-05-25T16:32:31","date_gmt":"2020-05-25T08:32:31","guid":{"rendered":"https:\/\/www.fjpremium.com\/?post_type=product&#038;p=15036"},"modified":"2024-01-12T15:48:14","modified_gmt":"2024-01-12T07:48:14","slug":"cat5e-cat6-cat6a-rj45-utp-unshield-male-to-female-panel-mount-extention-cable","status":"publish","type":"product","link":"https:\/\/www.fjpremium.com\/fr\/product\/cat5e-cat6-cat6a-rj45-utp-unshield-male-to-female-panel-mount-extention-cable\/","title":{"rendered":"Cat5e\/Cat6\/Cat6a RJ45 C\u00e2ble \u00e0 paires torsad\u00e9es non blind\u00e9es m\u00e2le-femelle"},"content":{"rendered":"<p>Notre solution exceptionnelle amplifie la port\u00e9e entre les divers composants du r\u00e9seau LAN \u00e0 travers un panneau, permettant des connexions \u00e0 partir de sources s\u00e9curis\u00e9es et isol\u00e9es.<\/p>\n<p>Il s'aligne sur les attentes de performance de la cat\u00e9gorie 5E d\u00e9finies par les sp\u00e9cifications TIA\/EIA-568-C.2. Les contacts plaqu\u00e9s or et les capuchons anti-traction moul\u00e9s garantissent la durabilit\u00e9 du c\u00e2ble et une connexion s\u00e9curis\u00e9e.<\/p>\n<p>Les conducteurs en cuivre nu de ce c\u00e2ble \u00e0 paires torsad\u00e9es non blind\u00e9es optimisent les performances du c\u00e2ble tout en r\u00e9pondant aux sp\u00e9cifications des c\u00e2bles de communication.<\/p>\n<p>La bande passante \u00e9lev\u00e9e (jusqu'\u00e0 350 MHz) garantit un transfert de donn\u00e9es rapide pour les applications serveur, l'informatique en nuage, la vid\u00e9osurveillance et le streaming vid\u00e9o HD.<\/p>\n<p>Ses caract\u00e9ristiques :<\/p>\n<ul>\n<li>Connecteur 1 : RJ45 m\u00e2le<\/li>\n<li>Connecteur 2 : RJ45 femelle avec verrouillage \u00e0 vis<\/li>\n<li>Contact plaqu\u00e9 or 3U, coque plaqu\u00e9e nickel<\/li>\n<li>Type d'\u00e9crou et de vis : #M3 nickel\u00e9<\/li>\n<li>Isolation : PE SKIN\/HDPE mouss\u00e9<\/li>\n<li>Calibre du fil : 26AWG 7\/0.15mm<\/li>\n<li>Bo\u00eetier : Moulage par injection<\/li>\n<li>Gaine : PVC<\/li>\n<li>Diam\u00e8tre ext\u00e9rieur : 5,5\u00b1 0,2mm ou 6,0\u00b1 0,2mm<\/li>\n<li>Conformit\u00e9 : RoHS, REACH<\/li>\n<\/ul>\n<p>De plus, vous pouvez faire confiance \u00e0 la garantie de 2 ans de FARSINCE. En bref, contactez-nous d\u00e8s aujourd'hui et commandez-la.<\/p>","protected":false},"excerpt":{"rendered":"<p>\u00c9tendez la port\u00e9e du r\u00e9seau avec le c\u00e2ble \u00e0 paire torsad\u00e9e non blind\u00e9 FARSINCE Cat5e\/Cat6\/Cat6a RJ45, offrant un transfert de donn\u00e9es \u00e0 haut d\u00e9bit et une construction robuste.<\/p>","protected":false},"featured_media":15042,"template":"","meta":{"_acf_changed":false,"_seopress_robots_primary_cat":"","_seopress_titles_title":"Cat5e\/Cat6\/Cat6a RJ45 Unshielded Twisted Pair Cable - Farsince","_seopress_titles_desc":"","_seopress_robots_index":"","site-sidebar-layout":"default","site-content-layout":"default","ast-site-content-layout":"default","site-content-style":"default","site-sidebar-style":"default","ast-global-header-display":"","ast-banner-title-visibility":"","ast-main-header-display":"","ast-hfb-above-header-display":"","ast-hfb-below-header-display":"","ast-hfb-mobile-header-display":"","site-post-title":"","ast-breadcrumbs-content":"","ast-featured-img":"","footer-sml-layout":"","ast-disable-related-posts":"","theme-transparent-header-meta":"default","adv-header-id-meta":"","stick-header-meta":"","header-above-stick-meta":"","header-main-stick-meta":"","header-below-stick-meta":"","astra-migrate-meta-layouts":"set","ast-page-background-enabled":"default","ast-page-background-meta":{"desktop":{"background-color":"","background-image":"","background-repeat":"repeat","background-position":"center center","background-size":"auto","background-attachment":"scroll","background-type":"","background-media":"","overlay-type":"","overlay-color":"","overlay-opacity":"","overlay-gradient":""},"tablet":{"background-color":"","background-image":"","background-repeat":"repeat","background-position":"center center","background-size":"auto","background-attachment":"scroll","background-type":"","background-media":"","overlay-type":"","overlay-color":"","overlay-opacity":"","overlay-gradient":""},"mobile":{"background-color":"","background-image":"","background-repeat":"repeat","background-position":"center center","background-size":"auto","background-attachment":"scroll","background-type":"","background-media":"","overlay-type":"","overlay-color":"","overlay-opacity":"","overlay-gradient":""}},"ast-content-background-meta":{"desktop":{"background-color":"var(--ast-global-color-5)","background-image":"","background-repeat":"repeat","background-position":"center center","background-size":"auto","background-attachment":"scroll","background-type":"","background-media":"","overlay-type":"","overlay-color":"","overlay-opacity":"","overlay-gradient":""},"tablet":{"background-color":"var(--ast-global-color-5)","background-image":"","background-repeat":"repeat","background-position":"center center","background-size":"auto","background-attachment":"scroll","background-type":"","background-media":"","overlay-type":"","overlay-color":"","overlay-opacity":"","overlay-gradient":""},"mobile":{"background-color":"var(--ast-global-color-5)","background-image":"","background-repeat":"repeat","background-position":"center center","background-size":"auto","background-attachment":"scroll","background-type":"","background-media":"","overlay-type":"","overlay-color":"","overlay-opacity":"","overlay-gradient":""}},"iawp_total_views":8},"product_brand":[],"product_cat":[238,678],"product_tag":[],"class_list":{"0":"post-15036","1":"product","2":"type-product","3":"status-publish","4":"has-post-thumbnail","6":"product_cat-panel-mount","7":"product_cat-panel-mount-cables","8":"desktop-align-left","9":"tablet-align-left","10":"mobile-align-left","12":"first","13":"instock","14":"shipping-taxable","15":"purchasable","16":"product-type-simple"},"acf":[],"_links":{"self":[{"href":"https:\/\/www.fjpremium.com\/fr\/wp-json\/wp\/v2\/product\/15036","targetHints":{"allow":["GET"]}}],"collection":[{"href":"https:\/\/www.fjpremium.com\/fr\/wp-json\/wp\/v2\/product"}],"about":[{"href":"https:\/\/www.fjpremium.com\/fr\/wp-json\/wp\/v2\/types\/product"}],"wp:featuredmedia":[{"embeddable":true,"href":"https:\/\/www.fjpremium.com\/fr\/wp-json\/wp\/v2\/media\/15042"}],"wp:attachment":[{"href":"https:\/\/www.fjpremium.com\/fr\/wp-json\/wp\/v2\/media?parent=15036"}],"wp:term":[{"taxonomy":"product_brand","embeddable":true,"href":"https:\/\/www.fjpremium.com\/fr\/wp-json\/wp\/v2\/product_brand?post=15036"},{"taxonomy":"product_cat","embeddable":true,"href":"https:\/\/www.fjpremium.com\/fr\/wp-json\/wp\/v2\/product_cat?post=15036"},{"taxonomy":"product_tag","embeddable":true,"href":"https:\/\/www.fjpremium.com\/fr\/wp-json\/wp\/v2\/product_tag?post=15036"}],"curies":[{"name":"wp","href":"https:\/\/api.w.org\/{rel}","templated":true}]}}