{"id":15035,"date":"2020-05-25T16:32:30","date_gmt":"2020-05-25T08:32:30","guid":{"rendered":"https:\/\/www.fjpremium.com\/?post_type=product&#038;p=15035"},"modified":"2024-03-14T14:45:27","modified_gmt":"2024-03-14T06:45:27","slug":"cat5e-cat6-cat6a-rj45-female-to-female-ethernet-panel-mount-cable","status":"publish","type":"product","link":"https:\/\/www.fjpremium.com\/fr\/product\/cat5e-cat6-cat6a-rj45-female-to-female-ethernet-panel-mount-cable\/","title":{"rendered":"Cat5e\/Cat6\/Cat6a RJ45 femelle \u00e0 femelle C\u00e2ble Ethernet pour montage sur panneau"},"content":{"rendered":"<p>Le c\u00e2ble compact Ethernet \u00e0 monter sur panneau combine deux c\u00e2bles de raccordement \u00e0 travers un panneau con\u00e7u pour une connectivit\u00e9 s\u00e9curis\u00e9e dans un endroit prot\u00e9g\u00e9.<\/p>\n<p>Avec une bande passante impressionnante allant jusqu'\u00e0 350 MHz, il garantit des transferts de donn\u00e9es \u00e0 grande vitesse, id\u00e9aux pour les applications de serveur, l'informatique en nuage, la vid\u00e9osurveillance et le streaming vid\u00e9o haute d\u00e9finition.<\/p>\n<p>Conforme aux sp\u00e9cifications TIA\/EIA-568-C.2, notre c\u00e2ble est dot\u00e9 de contacts plaqu\u00e9s or et d'embouts anti-traction moul\u00e9s pour une durabilit\u00e9 accrue et des connexions s\u00fbres.<\/p>\n<p>Les conducteurs en cuivre nu sont conformes aux normes des c\u00e2bles de communication, ce qui am\u00e9liore les performances.<\/p>\n<p>Ses caract\u00e9ristiques :<\/p>\n<ul>\n<li>Type d'\u00e9crou et de vis : #M3, nickel\u00e9<\/li>\n<li>Isolation : PE SKIN\/HDPE mouss\u00e9<\/li>\n<li>Calibre du fil : 26AWG 7\/0.16mm<\/li>\n<li>Blindage : Fil de drainage, feuille d'aluminium<\/li>\n<li>Bo\u00eetier : Moulage par injection<\/li>\n<li>Gaine : PVC<\/li>\n<li>Diam\u00e8tre ext\u00e9rieur : 5,5\u00b10,2 mm<\/li>\n<li>Conformit\u00e9 : RoHS, REACH, CE<\/li>\n<\/ul>\n<p>De plus, vous aurez l'esprit tranquille gr\u00e2ce \u00e0 la garantie de 2 ans de Farsince sur ce c\u00e2ble test\u00e9 et approuv\u00e9 par l'industrie. Contactez-nous d\u00e8s aujourd'hui pour l'ajouter \u00e0 votre inventaire.<\/p>","protected":false},"excerpt":{"rendered":"<p>Am\u00e9liorez sans effort la mise en r\u00e9seau avec le c\u00e2ble Ethernet CAT5E\/CAT6\/CAT6A RJ45 femelle vers femelle \u00e0 montage sur panneau de Farsince, id\u00e9al pour les transferts de donn\u00e9es \u00e0 haut d\u00e9bit et conforme aux sp\u00e9cifications de l&#039;industrie.<\/p>","protected":false},"featured_media":15038,"template":"","meta":{"_acf_changed":false,"_seopress_robots_primary_cat":"","_seopress_titles_title":"Female to Female Ethernet Panel Mount Cable - Farsince","_seopress_titles_desc":"Effortlessly enhance the networking with Farsince&#039;s CAT5E\/CAT6\/CAT6A RJ45 female to female Ethernet panel mount cable, ideal for high-speed data transfers.","_seopress_robots_index":"","site-sidebar-layout":"default","site-content-layout":"default","ast-site-content-layout":"default","site-content-style":"default","site-sidebar-style":"default","ast-global-header-display":"","ast-banner-title-visibility":"","ast-main-header-display":"","ast-hfb-above-header-display":"","ast-hfb-below-header-display":"","ast-hfb-mobile-header-display":"","site-post-title":"","ast-breadcrumbs-content":"","ast-featured-img":"","footer-sml-layout":"","ast-disable-related-posts":"","theme-transparent-header-meta":"default","adv-header-id-meta":"","stick-header-meta":"","header-above-stick-meta":"","header-main-stick-meta":"","header-below-stick-meta":"","astra-migrate-meta-layouts":"set","ast-page-background-enabled":"default","ast-page-background-meta":{"desktop":{"background-color":"","background-image":"","background-repeat":"repeat","background-position":"center center","background-size":"auto","background-attachment":"scroll","background-type":"","background-media":"","overlay-type":"","overlay-color":"","overlay-opacity":"","overlay-gradient":""},"tablet":{"background-color":"","background-image":"","background-repeat":"repeat","background-position":"center center","background-size":"auto","background-attachment":"scroll","background-type":"","background-media":"","overlay-type":"","overlay-color":"","overlay-opacity":"","overlay-gradient":""},"mobile":{"background-color":"","background-image":"","background-repeat":"repeat","background-position":"center center","background-size":"auto","background-attachment":"scroll","background-type":"","background-media":"","overlay-type":"","overlay-color":"","overlay-opacity":"","overlay-gradient":""}},"ast-content-background-meta":{"desktop":{"background-color":"var(--ast-global-color-5)","background-image":"","background-repeat":"repeat","background-position":"center center","background-size":"auto","background-attachment":"scroll","background-type":"","background-media":"","overlay-type":"","overlay-color":"","overlay-opacity":"","overlay-gradient":""},"tablet":{"background-color":"var(--ast-global-color-5)","background-image":"","background-repeat":"repeat","background-position":"center center","background-size":"auto","background-attachment":"scroll","background-type":"","background-media":"","overlay-type":"","overlay-color":"","overlay-opacity":"","overlay-gradient":""},"mobile":{"background-color":"var(--ast-global-color-5)","background-image":"","background-repeat":"repeat","background-position":"center center","background-size":"auto","background-attachment":"scroll","background-type":"","background-media":"","overlay-type":"","overlay-color":"","overlay-opacity":"","overlay-gradient":""}},"iawp_total_views":3},"product_brand":[],"product_cat":[238,678],"product_tag":[],"class_list":{"0":"post-15035","1":"product","2":"type-product","3":"status-publish","4":"has-post-thumbnail","6":"product_cat-panel-mount","7":"product_cat-panel-mount-cables","8":"desktop-align-left","9":"tablet-align-left","10":"mobile-align-left","12":"first","13":"instock","14":"shipping-taxable","15":"purchasable","16":"product-type-simple"},"acf":[],"_links":{"self":[{"href":"https:\/\/www.fjpremium.com\/fr\/wp-json\/wp\/v2\/product\/15035","targetHints":{"allow":["GET"]}}],"collection":[{"href":"https:\/\/www.fjpremium.com\/fr\/wp-json\/wp\/v2\/product"}],"about":[{"href":"https:\/\/www.fjpremium.com\/fr\/wp-json\/wp\/v2\/types\/product"}],"wp:featuredmedia":[{"embeddable":true,"href":"https:\/\/www.fjpremium.com\/fr\/wp-json\/wp\/v2\/media\/15038"}],"wp:attachment":[{"href":"https:\/\/www.fjpremium.com\/fr\/wp-json\/wp\/v2\/media?parent=15035"}],"wp:term":[{"taxonomy":"product_brand","embeddable":true,"href":"https:\/\/www.fjpremium.com\/fr\/wp-json\/wp\/v2\/product_brand?post=15035"},{"taxonomy":"product_cat","embeddable":true,"href":"https:\/\/www.fjpremium.com\/fr\/wp-json\/wp\/v2\/product_cat?post=15035"},{"taxonomy":"product_tag","embeddable":true,"href":"https:\/\/www.fjpremium.com\/fr\/wp-json\/wp\/v2\/product_tag?post=15035"}],"curies":[{"name":"wp","href":"https:\/\/api.w.org\/{rel}","templated":true}]}}