{"id":15029,"date":"2020-05-25T16:29:39","date_gmt":"2020-05-25T08:29:39","guid":{"rendered":"https:\/\/www.fjpremium.com\/?post_type=product&#038;p=15029"},"modified":"2024-03-18T14:58:27","modified_gmt":"2024-03-18T06:58:27","slug":"cat5e-cat6-cat6a-rj45-female-to-female-ethernet-panel-mount-coupler-adapter","status":"publish","type":"product","link":"https:\/\/www.fjpremium.com\/fr\/product\/cat5e-cat6-cat6a-rj45-female-to-female-ethernet-panel-mount-coupler-adapter\/","title":{"rendered":"Cat5e\/Cat6\/Cat6a RJ45 Panel Mount Coupler Female to Female"},"content":{"rendered":"<p>La fusion de deux c\u00e2bles de raccordement \u00e0 travers un panneau est d\u00e9sormais un jeu d'enfant, vous permettant d'\u00e9tablir une connexion s\u00e9curis\u00e9e \u00e0 partir d'une source ferm\u00e9e.<\/p>\n<p>Ce coupleur RJ45 compact \u00e0 monter sur panneau est con\u00e7u pour minimiser la perte de signal et offrir des performances de transmission sup\u00e9rieures.<\/p>\n<p>Il surpasse sans effort les sp\u00e9cifications TIA\/EIA-568-C.2 et ISO\/IEC 11801, garantissant un fonctionnement exceptionnel de votre r\u00e9seau. Ses contacts plaqu\u00e9s or et ses capuchons anti-traction moul\u00e9s am\u00e9liorent la durabilit\u00e9 tout en s\u00e9curisant votre connexion.<\/p>\n<p>Ses caract\u00e9ristiques :<\/p>\n<ul>\n<li>Type d'\u00e9crou et de vis : #M3 nickel\u00e9<\/li>\n<li>Moulage int\u00e9rieur : LDPE<\/li>\n<li>Moulure ext\u00e9rieure : PVC 45P, noir<\/li>\n<li>Conformit\u00e9 : RoHS, REACH<\/li>\n<\/ul>\n<p>En outre, vous pouvez faire confiance \u00e0 nos tests rigoureux des normes industrielles et \u00e0 notre garantie de 2 ans pour vous assurer une tranquillit\u00e9 d'esprit. N'h\u00e9sitez donc pas \u00e0 nous contacter d\u00e8s aujourd'hui pour passer commande.<\/p>","protected":false},"excerpt":{"rendered":"<p>Garantissez une connectivit\u00e9 r\u00e9seau transparente avec le coupleur de haute qualit\u00e9 Cat5E\/CAT6\/CAT6A RJ45 pour montage sur panneau de Farsince, con\u00e7u pour une perte de signal minimale.<\/p>","protected":false},"featured_media":15030,"template":"","meta":{"_acf_changed":false,"_seopress_robots_primary_cat":"","_seopress_titles_title":"Cat5e\/Cat6\/Cat6a RJ45 Panel Mount Coupler - Farsince","_seopress_titles_desc":"","_seopress_robots_index":"","site-sidebar-layout":"default","site-content-layout":"default","ast-site-content-layout":"default","site-content-style":"default","site-sidebar-style":"default","ast-global-header-display":"","ast-banner-title-visibility":"","ast-main-header-display":"","ast-hfb-above-header-display":"","ast-hfb-below-header-display":"","ast-hfb-mobile-header-display":"","site-post-title":"","ast-breadcrumbs-content":"","ast-featured-img":"","footer-sml-layout":"","ast-disable-related-posts":"","theme-transparent-header-meta":"default","adv-header-id-meta":"","stick-header-meta":"","header-above-stick-meta":"","header-main-stick-meta":"","header-below-stick-meta":"","astra-migrate-meta-layouts":"set","ast-page-background-enabled":"default","ast-page-background-meta":{"desktop":{"background-color":"","background-image":"","background-repeat":"repeat","background-position":"center center","background-size":"auto","background-attachment":"scroll","background-type":"","background-media":"","overlay-type":"","overlay-color":"","overlay-opacity":"","overlay-gradient":""},"tablet":{"background-color":"","background-image":"","background-repeat":"repeat","background-position":"center center","background-size":"auto","background-attachment":"scroll","background-type":"","background-media":"","overlay-type":"","overlay-color":"","overlay-opacity":"","overlay-gradient":""},"mobile":{"background-color":"","background-image":"","background-repeat":"repeat","background-position":"center center","background-size":"auto","background-attachment":"scroll","background-type":"","background-media":"","overlay-type":"","overlay-color":"","overlay-opacity":"","overlay-gradient":""}},"ast-content-background-meta":{"desktop":{"background-color":"var(--ast-global-color-5)","background-image":"","background-repeat":"repeat","background-position":"center center","background-size":"auto","background-attachment":"scroll","background-type":"","background-media":"","overlay-type":"","overlay-color":"","overlay-opacity":"","overlay-gradient":""},"tablet":{"background-color":"var(--ast-global-color-5)","background-image":"","background-repeat":"repeat","background-position":"center center","background-size":"auto","background-attachment":"scroll","background-type":"","background-media":"","overlay-type":"","overlay-color":"","overlay-opacity":"","overlay-gradient":""},"mobile":{"background-color":"var(--ast-global-color-5)","background-image":"","background-repeat":"repeat","background-position":"center center","background-size":"auto","background-attachment":"scroll","background-type":"","background-media":"","overlay-type":"","overlay-color":"","overlay-opacity":"","overlay-gradient":""}},"iawp_total_views":6},"product_brand":[],"product_cat":[238,679],"product_tag":[],"class_list":{"0":"post-15029","1":"product","2":"type-product","3":"status-publish","4":"has-post-thumbnail","6":"product_cat-panel-mount","7":"product_cat-panel-mount-couplers","8":"desktop-align-left","9":"tablet-align-left","10":"mobile-align-left","12":"first","13":"instock","14":"shipping-taxable","15":"purchasable","16":"product-type-simple"},"acf":[],"_links":{"self":[{"href":"https:\/\/www.fjpremium.com\/fr\/wp-json\/wp\/v2\/product\/15029","targetHints":{"allow":["GET"]}}],"collection":[{"href":"https:\/\/www.fjpremium.com\/fr\/wp-json\/wp\/v2\/product"}],"about":[{"href":"https:\/\/www.fjpremium.com\/fr\/wp-json\/wp\/v2\/types\/product"}],"wp:featuredmedia":[{"embeddable":true,"href":"https:\/\/www.fjpremium.com\/fr\/wp-json\/wp\/v2\/media\/15030"}],"wp:attachment":[{"href":"https:\/\/www.fjpremium.com\/fr\/wp-json\/wp\/v2\/media?parent=15029"}],"wp:term":[{"taxonomy":"product_brand","embeddable":true,"href":"https:\/\/www.fjpremium.com\/fr\/wp-json\/wp\/v2\/product_brand?post=15029"},{"taxonomy":"product_cat","embeddable":true,"href":"https:\/\/www.fjpremium.com\/fr\/wp-json\/wp\/v2\/product_cat?post=15029"},{"taxonomy":"product_tag","embeddable":true,"href":"https:\/\/www.fjpremium.com\/fr\/wp-json\/wp\/v2\/product_tag?post=15029"}],"curies":[{"name":"wp","href":"https:\/\/api.w.org\/{rel}","templated":true}]}}