{"id":14987,"date":"2020-05-25T15:55:50","date_gmt":"2020-05-25T07:55:50","guid":{"rendered":"https:\/\/www.fjpremium.com\/?post_type=product&#038;p=14987"},"modified":"2024-03-14T14:36:31","modified_gmt":"2024-03-14T06:36:31","slug":"40gbps-thunderbolt-3-male-to-female-ethernet-panel-mount-extension-cable","status":"publish","type":"product","link":"https:\/\/www.fjpremium.com\/fr\/product\/40gbps-thunderbolt-3-male-to-female-ethernet-panel-mount-extension-cable\/","title":{"rendered":"C\u00e2ble d'extension Thunderbolt 40Gbps USB4 Thunderbolt 3 m\u00e2le vers femelle Ethernet Montage sur panneau Thunderbolt"},"content":{"rendered":"<div class=\"ast-oembed-container\" style=\"height: 100%;\"><iframe title=\"L&#039;extension USB4 Thunderbolt 3 m\u00e2le vers femelle pour montage sur panneau fonctionne parfaitement lors des tests \u00e0 40Gbps\" width=\"500\" height=\"281\" src=\"https:\/\/www.youtube.com\/embed\/BC1wiqakjcQ?feature=oembed\" frameborder=\"0\" allow=\"accelerometer; autoplay; clipboard-write; encrypted-media; gyroscope; picture-in-picture; web-share\" referrerpolicy=\"strict-origin-when-cross-origin\" allowfullscreen><\/iframe><\/div>\n<p>&nbsp;<\/p>\n<p>Ce c\u00e2ble haute performance est la solution parfaite pour \u00e9tendre la connectivit\u00e9 Thunderbolt 3 et USB4 \u00e0 travers un panneau, id\u00e9al pour la connectivit\u00e9 d'affichage dans un lieu s\u00e9curis\u00e9.<\/p>\n<p>Il est con\u00e7u pour une perte de signal minimale, transmettant efficacement les signaux audio et vid\u00e9o pour une diffusion vid\u00e9o en continu ou des exp\u00e9riences de jeu de premier ordre.<\/p>\n<p>Notre c\u00e2ble d'extension Thunderbolt est dot\u00e9 d'une conception \u00e0 vis pour des connexions s\u00e9curis\u00e9es et prend en charge 40 Gbps pour des longueurs inf\u00e9rieures \u00e0 0,8 m ou 20 Gbps pour des longueurs inf\u00e9rieures \u00e0 2,0 m.<\/p>\n<p>Il peut alimenter deux r\u00e9solutions 4K ou une seule r\u00e9solution 8K, ce qui en fait un atout indispensable pour votre arsenal technologique.<\/p>\n<p>Ses caract\u00e9ristiques :<\/p>\n<ul>\n<li>Connecteur 1 : Thunderbolt 3 &amp; USB4 (USB Type-C) M\u00e2le<\/li>\n<li>Connecteur 2 : Thunderbolt 3 et USB 4 (USB Type-C) femelle avec verrouillage par vis.<\/li>\n<li>Type d'\u00e9crou et de vis : #4-40 nickel\u00e9<\/li>\n<li>Pas des trous : 25\u00b10,2mm<\/li>\n<li>Contact plaqu\u00e9 or, coque plaqu\u00e9e nickel<\/li>\n<li>Conducteur du c\u00e2ble : Cuivre \u00e9tam\u00e9<\/li>\n<li>Type de c\u00e2ble : Torsad\u00e9 ou coaxial<\/li>\n<li>Isolation : PE SKIN\/HDPE mouss\u00e9<\/li>\n<li>Calibre du fil : 30AWG<\/li>\n<li>Blindage : paire torsad\u00e9e de feuilles d'aluminium, feuilles d'aluminium globales, tresse de cuivre \u00e9tam\u00e9<\/li>\n<li>Bo\u00eetier : Moulage par injection<\/li>\n<li>Gaine : PVC<\/li>\n<li>Diam\u00e8tre ext\u00e9rieur : 4,5\u00b10,2 mm<\/li>\n<li>Taux de transfert de donn\u00e9es : 40Gbps<\/li>\n<li>R\u00e9solution vid\u00e9o : jusqu'\u00e0 8K@60Hz<\/li>\n<\/ul>\n<p>De plus, le c\u00e2ble est conforme aux normes RoHS, REACH et CE, ce qui garantit la s\u00e9curit\u00e9 et la qualit\u00e9 du produit. Alors, contactez-nous d\u00e8s aujourd'hui et investissez dans ce c\u00e2ble d'extension Thunderbolt.<\/p>","protected":false},"excerpt":{"rendered":"<p>B\u00e9n\u00e9ficiez d'une connectivit\u00e9 ultra-rapide gr\u00e2ce au c\u00e2ble d'extension Thunderbolt 40 Gbps de FARSINCE, con\u00e7u pour minimiser la perte de signal et prendre en charge la r\u00e9solution vid\u00e9o 5K.<\/p>","protected":false},"featured_media":23741,"template":"","meta":{"_acf_changed":false,"_seopress_robots_primary_cat":"","_seopress_titles_title":"Best Thunderbolt Extension Cable - Farsince","_seopress_titles_desc":"","_seopress_robots_index":"","site-sidebar-layout":"default","site-content-layout":"default","ast-site-content-layout":"default","site-content-style":"default","site-sidebar-style":"default","ast-global-header-display":"","ast-banner-title-visibility":"","ast-main-header-display":"","ast-hfb-above-header-display":"","ast-hfb-below-header-display":"","ast-hfb-mobile-header-display":"","site-post-title":"","ast-breadcrumbs-content":"","ast-featured-img":"","footer-sml-layout":"","ast-disable-related-posts":"","theme-transparent-header-meta":"default","adv-header-id-meta":"","stick-header-meta":"","header-above-stick-meta":"","header-main-stick-meta":"","header-below-stick-meta":"","astra-migrate-meta-layouts":"set","ast-page-background-enabled":"default","ast-page-background-meta":{"desktop":{"background-color":"","background-image":"","background-repeat":"repeat","background-position":"center center","background-size":"auto","background-attachment":"scroll","background-type":"","background-media":"","overlay-type":"","overlay-color":"","overlay-opacity":"","overlay-gradient":""},"tablet":{"background-color":"","background-image":"","background-repeat":"repeat","background-position":"center center","background-size":"auto","background-attachment":"scroll","background-type":"","background-media":"","overlay-type":"","overlay-color":"","overlay-opacity":"","overlay-gradient":""},"mobile":{"background-color":"","background-image":"","background-repeat":"repeat","background-position":"center center","background-size":"auto","background-attachment":"scroll","background-type":"","background-media":"","overlay-type":"","overlay-color":"","overlay-opacity":"","overlay-gradient":""}},"ast-content-background-meta":{"desktop":{"background-color":"var(--ast-global-color-5)","background-image":"","background-repeat":"repeat","background-position":"center center","background-size":"auto","background-attachment":"scroll","background-type":"","background-media":"","overlay-type":"","overlay-color":"","overlay-opacity":"","overlay-gradient":""},"tablet":{"background-color":"var(--ast-global-color-5)","background-image":"","background-repeat":"repeat","background-position":"center center","background-size":"auto","background-attachment":"scroll","background-type":"","background-media":"","overlay-type":"","overlay-color":"","overlay-opacity":"","overlay-gradient":""},"mobile":{"background-color":"var(--ast-global-color-5)","background-image":"","background-repeat":"repeat","background-position":"center center","background-size":"auto","background-attachment":"scroll","background-type":"","background-media":"","overlay-type":"","overlay-color":"","overlay-opacity":"","overlay-gradient":""}},"iawp_total_views":671},"product_brand":[],"product_cat":[460,653,634,238,678],"product_tag":[],"class_list":{"0":"post-14987","1":"product","2":"type-product","3":"status-publish","4":"has-post-thumbnail","6":"product_cat-featured-products","7":"product_cat-usb-c","8":"product_cat-usb4-thunderbolt","9":"product_cat-panel-mount","10":"product_cat-panel-mount-cables","11":"desktop-align-left","12":"tablet-align-left","13":"mobile-align-left","15":"first","16":"instock","17":"featured","18":"shipping-taxable","19":"purchasable","20":"product-type-simple"},"acf":[],"_links":{"self":[{"href":"https:\/\/www.fjpremium.com\/fr\/wp-json\/wp\/v2\/product\/14987","targetHints":{"allow":["GET"]}}],"collection":[{"href":"https:\/\/www.fjpremium.com\/fr\/wp-json\/wp\/v2\/product"}],"about":[{"href":"https:\/\/www.fjpremium.com\/fr\/wp-json\/wp\/v2\/types\/product"}],"wp:featuredmedia":[{"embeddable":true,"href":"https:\/\/www.fjpremium.com\/fr\/wp-json\/wp\/v2\/media\/23741"}],"wp:attachment":[{"href":"https:\/\/www.fjpremium.com\/fr\/wp-json\/wp\/v2\/media?parent=14987"}],"wp:term":[{"taxonomy":"product_brand","embeddable":true,"href":"https:\/\/www.fjpremium.com\/fr\/wp-json\/wp\/v2\/product_brand?post=14987"},{"taxonomy":"product_cat","embeddable":true,"href":"https:\/\/www.fjpremium.com\/fr\/wp-json\/wp\/v2\/product_cat?post=14987"},{"taxonomy":"product_tag","embeddable":true,"href":"https:\/\/www.fjpremium.com\/fr\/wp-json\/wp\/v2\/product_tag?post=14987"}],"curies":[{"name":"wp","href":"https:\/\/api.w.org\/{rel}","templated":true}]}}