{"id":14985,"date":"2020-05-25T15:55:44","date_gmt":"2020-05-25T07:55:44","guid":{"rendered":"https:\/\/www.fjpremium.com\/?post_type=product&#038;p=14985"},"modified":"2024-03-14T11:01:37","modified_gmt":"2024-03-14T03:01:37","slug":"90-degree-angle-type-usb-3-1-type-c-male-to-female-panel-mount-extension-cable","status":"publish","type":"product","link":"https:\/\/www.fjpremium.com\/fr\/product\/90-degree-angle-type-usb-3-1-type-c-male-to-female-panel-mount-extension-cable\/","title":{"rendered":"C\u00e2ble USB 3.1 USB C 90 degr\u00e9s m\u00e2le-femelle"},"content":{"rendered":"<p>Con\u00e7u pour une perte de signal minimale, ce c\u00e2ble court relie deux c\u00e2bles USB de type C \u00e0 travers un panneau. Il vous permet d'\u00e9tablir une connectivit\u00e9 \u00e0 partir d'une source situ\u00e9e dans un endroit s\u00e9curis\u00e9.<\/p>\n<p>Notre c\u00e2ble USB C \u00e0 90 degr\u00e9s est capable d'un taux de transfert aussi \u00e9lev\u00e9 que 10Gbps et se connecte sans effort \u00e0 n'importe quel p\u00e9riph\u00e9rique USB.<\/p>\n<p>Le connecteur coud\u00e9 \u00e0 90 degr\u00e9s facilite l'utilisation des ports et r\u00e9duit la tension au point de connexion afin d'\u00e9viter d'endommager les c\u00e2bles et les ports USB de vos appareils.<\/p>\n<p>Le blindage par feuille et tresse offre une protection totale contre les interf\u00e9rences EMI\/RFI, et la structure \u00e0 paires torsad\u00e9es r\u00e9duit la diaphonie, garantissant un transfert de donn\u00e9es \u00e0 grande vitesse et sans erreur.<\/p>\n<p>Ses caract\u00e9ristiques :<\/p>\n<ul>\n<li>Type d'\u00e9crou et de vis : #4-40 nickel\u00e9<\/li>\n<li>Contact plaqu\u00e9 or, coque plaqu\u00e9e nickel<\/li>\n<li>Conducteur du c\u00e2ble : Cuivre \u00e9tam\u00e9<\/li>\n<li>Isolation : PE SKIN\/HDPE mouss\u00e9<\/li>\n<li>Calibre des fils : 34\/32\/26AWG<\/li>\n<li>Bo\u00eetier : Moulage par injection<\/li>\n<li>Gaine : PVC<\/li>\n<li>Diam\u00e8tre ext\u00e9rieur : 4,2\u00b10,2mm<\/li>\n<li>Conformit\u00e9 : RoHS, REACH, CE<\/li>\n<\/ul>\n<p>En outre, nous nous assurons que le c\u00e2ble de haute qualit\u00e9 et enti\u00e8rement fonctionnel r\u00e9pond aux normes de l'industrie et nous l'accompagnons d'une garantie de 2 ans. N'h\u00e9sitez donc pas \u00e0 nous contacter d\u00e8s aujourd'hui pour le commander.<\/p>","protected":false},"excerpt":{"rendered":"<p>Farsince pr\u00e9sente son c\u00e2ble USB C \u00e0 90 degr\u00e9s de haute qualit\u00e9, qui permet de connecter facilement deux c\u00e2bles USB de type C \u00e0 travers un panneau sans perte de signal.<\/p>","protected":false},"featured_media":15022,"template":"","meta":{"_acf_changed":false,"_seopress_robots_primary_cat":"","_seopress_titles_title":"USB 3.1 USB C 90 Degree Cable Male to Female - FARSINCE","_seopress_titles_desc":"","_seopress_robots_index":"","site-sidebar-layout":"default","site-content-layout":"default","ast-site-content-layout":"default","site-content-style":"default","site-sidebar-style":"default","ast-global-header-display":"","ast-banner-title-visibility":"","ast-main-header-display":"","ast-hfb-above-header-display":"","ast-hfb-below-header-display":"","ast-hfb-mobile-header-display":"","site-post-title":"","ast-breadcrumbs-content":"","ast-featured-img":"","footer-sml-layout":"","ast-disable-related-posts":"","theme-transparent-header-meta":"default","adv-header-id-meta":"","stick-header-meta":"","header-above-stick-meta":"","header-main-stick-meta":"","header-below-stick-meta":"","astra-migrate-meta-layouts":"set","ast-page-background-enabled":"default","ast-page-background-meta":{"desktop":{"background-color":"","background-image":"","background-repeat":"repeat","background-position":"center center","background-size":"auto","background-attachment":"scroll","background-type":"","background-media":"","overlay-type":"","overlay-color":"","overlay-opacity":"","overlay-gradient":""},"tablet":{"background-color":"","background-image":"","background-repeat":"repeat","background-position":"center center","background-size":"auto","background-attachment":"scroll","background-type":"","background-media":"","overlay-type":"","overlay-color":"","overlay-opacity":"","overlay-gradient":""},"mobile":{"background-color":"","background-image":"","background-repeat":"repeat","background-position":"center center","background-size":"auto","background-attachment":"scroll","background-type":"","background-media":"","overlay-type":"","overlay-color":"","overlay-opacity":"","overlay-gradient":""}},"ast-content-background-meta":{"desktop":{"background-color":"var(--ast-global-color-5)","background-image":"","background-repeat":"repeat","background-position":"center center","background-size":"auto","background-attachment":"scroll","background-type":"","background-media":"","overlay-type":"","overlay-color":"","overlay-opacity":"","overlay-gradient":""},"tablet":{"background-color":"var(--ast-global-color-5)","background-image":"","background-repeat":"repeat","background-position":"center center","background-size":"auto","background-attachment":"scroll","background-type":"","background-media":"","overlay-type":"","overlay-color":"","overlay-opacity":"","overlay-gradient":""},"mobile":{"background-color":"var(--ast-global-color-5)","background-image":"","background-repeat":"repeat","background-position":"center center","background-size":"auto","background-attachment":"scroll","background-type":"","background-media":"","overlay-type":"","overlay-color":"","overlay-opacity":"","overlay-gradient":""}},"iawp_total_views":12},"product_brand":[],"product_cat":[238,678],"product_tag":[],"class_list":{"0":"post-14985","1":"product","2":"type-product","3":"status-publish","4":"has-post-thumbnail","6":"product_cat-panel-mount","7":"product_cat-panel-mount-cables","8":"desktop-align-left","9":"tablet-align-left","10":"mobile-align-left","12":"first","13":"instock","14":"shipping-taxable","15":"purchasable","16":"product-type-simple"},"acf":[],"_links":{"self":[{"href":"https:\/\/www.fjpremium.com\/fr\/wp-json\/wp\/v2\/product\/14985","targetHints":{"allow":["GET"]}}],"collection":[{"href":"https:\/\/www.fjpremium.com\/fr\/wp-json\/wp\/v2\/product"}],"about":[{"href":"https:\/\/www.fjpremium.com\/fr\/wp-json\/wp\/v2\/types\/product"}],"wp:featuredmedia":[{"embeddable":true,"href":"https:\/\/www.fjpremium.com\/fr\/wp-json\/wp\/v2\/media\/15022"}],"wp:attachment":[{"href":"https:\/\/www.fjpremium.com\/fr\/wp-json\/wp\/v2\/media?parent=14985"}],"wp:term":[{"taxonomy":"product_brand","embeddable":true,"href":"https:\/\/www.fjpremium.com\/fr\/wp-json\/wp\/v2\/product_brand?post=14985"},{"taxonomy":"product_cat","embeddable":true,"href":"https:\/\/www.fjpremium.com\/fr\/wp-json\/wp\/v2\/product_cat?post=14985"},{"taxonomy":"product_tag","embeddable":true,"href":"https:\/\/www.fjpremium.com\/fr\/wp-json\/wp\/v2\/product_tag?post=14985"}],"curies":[{"name":"wp","href":"https:\/\/api.w.org\/{rel}","templated":true}]}}