{"id":14984,"date":"2020-05-25T15:55:40","date_gmt":"2020-05-25T07:55:40","guid":{"rendered":"https:\/\/www.fjpremium.com\/?post_type=product&#038;p=14984"},"modified":"2024-03-14T10:39:22","modified_gmt":"2024-03-14T02:39:22","slug":"usb-3-1-type-c-male-to-female-panel-mount-extension-cable","status":"publish","type":"product","link":"https:\/\/www.fjpremium.com\/fr\/product\/usb-3-1-type-c-male-to-female-panel-mount-extension-cable\/","title":{"rendered":"C\u00e2ble d'extension USB 3.1 de type C m\u00e2le vers femelle pour montage sur panneau"},"content":{"rendered":"<p>Notre c\u00e2ble est la solution id\u00e9ale pour connecter deux c\u00e2bles USB de type C \u00e0 travers un panneau, vous offrant un moyen s\u00e9curis\u00e9 de fournir une connectivit\u00e9 \u00e0 partir d'une source confin\u00e9e.<\/p>\n<p>Et gr\u00e2ce \u00e0 sa conception concise et \u00e0 sa longueur limit\u00e9e, il garantit une perte de signal minimale.<\/p>\n<p>Ce c\u00e2ble d'extension USB 3.1 se fixe rapidement et sans effort \u00e0 n'importe quel p\u00e9riph\u00e9rique USB et offre un taux de transfert pouvant atteindre 10 Gbps.<\/p>\n<p>Le connecteur coud\u00e9 \u00e0 90 degr\u00e9s est une caract\u00e9ristique remarquable, offrant un acc\u00e8s au port sans effort, r\u00e9duisant la tension au point de connexion et \u00e9vitant d'endommager le c\u00e2ble et le port sur vos appareils.<\/p>\n<p>Ses caract\u00e9ristiques :<\/p>\n<ul>\n<li>Type d'\u00e9crou et de vis : #4-40 nickel\u00e9<\/li>\n<li>Contact plaqu\u00e9 or, coque plaqu\u00e9e nickel<\/li>\n<li>Conducteur du c\u00e2ble : Cuivre \u00e9tam\u00e9<\/li>\n<li>Isolation : PE SKIN\/HDPE mouss\u00e9<\/li>\n<li>Calibre des fils : 34\/32\/26AWG<\/li>\n<li>Bo\u00eetier : Moulage par injection<\/li>\n<li>Gaine : PVC<\/li>\n<li>Diam\u00e8tre ext\u00e9rieur : 4,2\u00b10,2mm<\/li>\n<li>Conformit\u00e9 : RoHS, REACH, CE<\/li>\n<\/ul>\n<p>En outre, son blindage par feuille et tresse offre une protection compl\u00e8te contre les interf\u00e9rences EMI\/RFI, et la conception \u00e0 paires torsad\u00e9es r\u00e9duit la diaphonie, promettant une transmission de donn\u00e9es \u00e0 grande vitesse et sans erreur.<\/p>\n<p>Test\u00e9 pour des performances optimales aux normes de l'industrie, ce c\u00e2ble d'extension USB 3.1 de haute qualit\u00e9 est enti\u00e8rement op\u00e9rationnel et b\u00e9n\u00e9ficie d'une garantie de 2 ans de la part de Farsince. Dans l'ensemble, contactez-nous d\u00e8s aujourd'hui et investissez dans ce c\u00e2ble.<\/p>","protected":false},"excerpt":{"rendered":"<p>Profitez d'un transfert de donn\u00e9es ultra-rapide gr\u00e2ce au c\u00e2ble d'extension USB 3.1 coud\u00e9 de Farsine, qui prend en charge la charge rapide USB, le choix ultime en mati\u00e8re de performance.<\/p>","protected":false},"featured_media":15004,"template":"","meta":{"_acf_changed":false,"_seopress_robots_primary_cat":"","_seopress_titles_title":"Best Panel Mount USB 3.1 Extension Cable - Farsince","_seopress_titles_desc":"","_seopress_robots_index":"","site-sidebar-layout":"default","site-content-layout":"default","ast-site-content-layout":"default","site-content-style":"default","site-sidebar-style":"default","ast-global-header-display":"","ast-banner-title-visibility":"","ast-main-header-display":"","ast-hfb-above-header-display":"","ast-hfb-below-header-display":"","ast-hfb-mobile-header-display":"","site-post-title":"","ast-breadcrumbs-content":"","ast-featured-img":"","footer-sml-layout":"","ast-disable-related-posts":"","theme-transparent-header-meta":"default","adv-header-id-meta":"","stick-header-meta":"","header-above-stick-meta":"","header-main-stick-meta":"","header-below-stick-meta":"","astra-migrate-meta-layouts":"set","ast-page-background-enabled":"default","ast-page-background-meta":{"desktop":{"background-color":"","background-image":"","background-repeat":"repeat","background-position":"center center","background-size":"auto","background-attachment":"scroll","background-type":"","background-media":"","overlay-type":"","overlay-color":"","overlay-opacity":"","overlay-gradient":""},"tablet":{"background-color":"","background-image":"","background-repeat":"repeat","background-position":"center center","background-size":"auto","background-attachment":"scroll","background-type":"","background-media":"","overlay-type":"","overlay-color":"","overlay-opacity":"","overlay-gradient":""},"mobile":{"background-color":"","background-image":"","background-repeat":"repeat","background-position":"center center","background-size":"auto","background-attachment":"scroll","background-type":"","background-media":"","overlay-type":"","overlay-color":"","overlay-opacity":"","overlay-gradient":""}},"ast-content-background-meta":{"desktop":{"background-color":"var(--ast-global-color-5)","background-image":"","background-repeat":"repeat","background-position":"center center","background-size":"auto","background-attachment":"scroll","background-type":"","background-media":"","overlay-type":"","overlay-color":"","overlay-opacity":"","overlay-gradient":""},"tablet":{"background-color":"var(--ast-global-color-5)","background-image":"","background-repeat":"repeat","background-position":"center center","background-size":"auto","background-attachment":"scroll","background-type":"","background-media":"","overlay-type":"","overlay-color":"","overlay-opacity":"","overlay-gradient":""},"mobile":{"background-color":"var(--ast-global-color-5)","background-image":"","background-repeat":"repeat","background-position":"center center","background-size":"auto","background-attachment":"scroll","background-type":"","background-media":"","overlay-type":"","overlay-color":"","overlay-opacity":"","overlay-gradient":""}},"iawp_total_views":113},"product_brand":[],"product_cat":[460,238,678],"product_tag":[],"class_list":{"0":"post-14984","1":"product","2":"type-product","3":"status-publish","4":"has-post-thumbnail","6":"product_cat-featured-products","7":"product_cat-panel-mount","8":"product_cat-panel-mount-cables","9":"desktop-align-left","10":"tablet-align-left","11":"mobile-align-left","13":"first","14":"instock","15":"featured","16":"shipping-taxable","17":"purchasable","18":"product-type-simple"},"acf":[],"_links":{"self":[{"href":"https:\/\/www.fjpremium.com\/fr\/wp-json\/wp\/v2\/product\/14984","targetHints":{"allow":["GET"]}}],"collection":[{"href":"https:\/\/www.fjpremium.com\/fr\/wp-json\/wp\/v2\/product"}],"about":[{"href":"https:\/\/www.fjpremium.com\/fr\/wp-json\/wp\/v2\/types\/product"}],"wp:featuredmedia":[{"embeddable":true,"href":"https:\/\/www.fjpremium.com\/fr\/wp-json\/wp\/v2\/media\/15004"}],"wp:attachment":[{"href":"https:\/\/www.fjpremium.com\/fr\/wp-json\/wp\/v2\/media?parent=14984"}],"wp:term":[{"taxonomy":"product_brand","embeddable":true,"href":"https:\/\/www.fjpremium.com\/fr\/wp-json\/wp\/v2\/product_brand?post=14984"},{"taxonomy":"product_cat","embeddable":true,"href":"https:\/\/www.fjpremium.com\/fr\/wp-json\/wp\/v2\/product_cat?post=14984"},{"taxonomy":"product_tag","embeddable":true,"href":"https:\/\/www.fjpremium.com\/fr\/wp-json\/wp\/v2\/product_tag?post=14984"}],"curies":[{"name":"wp","href":"https:\/\/api.w.org\/{rel}","templated":true}]}}