{"id":14957,"date":"2020-05-25T11:27:40","date_gmt":"2020-05-25T03:27:40","guid":{"rendered":"https:\/\/www.fjpremium.com\/?post_type=product&#038;p=14957"},"modified":"2024-03-12T13:40:08","modified_gmt":"2024-03-12T05:40:08","slug":"displayport-male-to-female-panel-mount-extension-cable","status":"publish","type":"product","link":"https:\/\/www.fjpremium.com\/fr\/product\/displayport-male-to-female-panel-mount-extension-cable\/","title":{"rendered":"Extension du c\u00e2ble DisplayPort m\u00e2le-femelle pour montage sur panneau"},"content":{"rendered":"<p>Cette solution r\u00e9volutionnaire vous permet de fusionner deux c\u00e2bles DisplayPort pour obtenir une connectivit\u00e9 transparente \u00e0 travers le panneau \u00e0 partir d'une source s\u00e9curis\u00e9e. Sa conception courte et pr\u00e9cise garantit une perte de signal minimale.<\/p>\n<p>En outre, vous ressentirez le frisson des jeux ou la clart\u00e9 de la diffusion vid\u00e9o en transmettant les signaux audio et vid\u00e9o de votre ordinateur \u00e0 l'\u00e9cran.<\/p>\n<p>Le c\u00e2ble prend en charge les r\u00e9solutions vid\u00e9o 4K et 1080P et offre un passage audio sans faille pour les canaux num\u00e9riques non compress\u00e9s 7.1, 5.1 ou 2.<\/p>\n<p>Conforme aux normes DisplayPort 1.2, avec des conducteurs enti\u00e8rement blind\u00e9s pour l'immunit\u00e9 aux interf\u00e9rences EMI\/RFI et des connecteurs plaqu\u00e9s or 24K pour un transfert de signal sup\u00e9rieur, il garantit la fiabilit\u00e9.<\/p>\n<p>Ses caract\u00e9ristiques :<\/p>\n<ul>\n<li>Type d'\u00e9crou et de vis : #4-40 nickel\u00e9<\/li>\n<li>Conducteur du c\u00e2ble : Cuivre \u00e9tam\u00e9<\/li>\n<li>Isolation : PE SKIN\/HDPE mouss\u00e9<\/li>\n<li>Calibre du fil : 28AWG 7\/0.12mm<\/li>\n<li>Blindage : paire torsad\u00e9e de feuilles d'aluminium, feuilles d'aluminium globales, tresse<\/li>\n<li>Bo\u00eetier : Moulage par injection<\/li>\n<li>Gaine : PVC<\/li>\n<li>Diam\u00e8tre ext\u00e9rieur : 7,0\u00b10,2mm<\/li>\n<li>Conformit\u00e9 : RoHS, REACH, CE<\/li>\n<\/ul>\n<p>En outre, fabriqu\u00e9e \u00e0 partir de mat\u00e9riaux de haute qualit\u00e9, cette extension de c\u00e2ble DisplayPort robuste offre des performances constantes pendant toute sa dur\u00e9e de vie.<\/p>\n<p>Il a \u00e9t\u00e9 test\u00e9 conform\u00e9ment aux normes industrielles et b\u00e9n\u00e9ficie de la garantie de 2 ans de FARSINCE. Dans l'ensemble, contactez-nous d\u00e8s aujourd'hui et investissez dans ce produit.<\/p>","protected":false},"excerpt":{"rendered":"<p>D\u00e9couvrez l&#039;extension de c\u00e2ble DisplayPort sup\u00e9rieure de FARSINCE, fusionnant deux c\u00e2bles DisplayPort pour une transmission audiovisuelle de premier ordre, s\u00e9curis\u00e9e et sans d\u00e9faut.<\/p>","protected":false},"featured_media":14971,"template":"","meta":{"_acf_changed":false,"_seopress_robots_primary_cat":"","_seopress_titles_title":"Panel Mount DisplayPort Cable Extension - Farsince","_seopress_titles_desc":"","_seopress_robots_index":"","site-sidebar-layout":"default","site-content-layout":"default","ast-site-content-layout":"default","site-content-style":"default","site-sidebar-style":"default","ast-global-header-display":"","ast-banner-title-visibility":"","ast-main-header-display":"","ast-hfb-above-header-display":"","ast-hfb-below-header-display":"","ast-hfb-mobile-header-display":"","site-post-title":"","ast-breadcrumbs-content":"","ast-featured-img":"","footer-sml-layout":"","ast-disable-related-posts":"","theme-transparent-header-meta":"default","adv-header-id-meta":"","stick-header-meta":"","header-above-stick-meta":"","header-main-stick-meta":"","header-below-stick-meta":"","astra-migrate-meta-layouts":"set","ast-page-background-enabled":"default","ast-page-background-meta":{"desktop":{"background-color":"","background-image":"","background-repeat":"repeat","background-position":"center center","background-size":"auto","background-attachment":"scroll","background-type":"","background-media":"","overlay-type":"","overlay-color":"","overlay-opacity":"","overlay-gradient":""},"tablet":{"background-color":"","background-image":"","background-repeat":"repeat","background-position":"center center","background-size":"auto","background-attachment":"scroll","background-type":"","background-media":"","overlay-type":"","overlay-color":"","overlay-opacity":"","overlay-gradient":""},"mobile":{"background-color":"","background-image":"","background-repeat":"repeat","background-position":"center center","background-size":"auto","background-attachment":"scroll","background-type":"","background-media":"","overlay-type":"","overlay-color":"","overlay-opacity":"","overlay-gradient":""}},"ast-content-background-meta":{"desktop":{"background-color":"var(--ast-global-color-5)","background-image":"","background-repeat":"repeat","background-position":"center center","background-size":"auto","background-attachment":"scroll","background-type":"","background-media":"","overlay-type":"","overlay-color":"","overlay-opacity":"","overlay-gradient":""},"tablet":{"background-color":"var(--ast-global-color-5)","background-image":"","background-repeat":"repeat","background-position":"center center","background-size":"auto","background-attachment":"scroll","background-type":"","background-media":"","overlay-type":"","overlay-color":"","overlay-opacity":"","overlay-gradient":""},"mobile":{"background-color":"var(--ast-global-color-5)","background-image":"","background-repeat":"repeat","background-position":"center center","background-size":"auto","background-attachment":"scroll","background-type":"","background-media":"","overlay-type":"","overlay-color":"","overlay-opacity":"","overlay-gradient":""}},"iawp_total_views":9},"product_brand":[],"product_cat":[238,678],"product_tag":[],"class_list":{"0":"post-14957","1":"product","2":"type-product","3":"status-publish","4":"has-post-thumbnail","6":"product_cat-panel-mount","7":"product_cat-panel-mount-cables","8":"desktop-align-left","9":"tablet-align-left","10":"mobile-align-left","12":"first","13":"instock","14":"shipping-taxable","15":"purchasable","16":"product-type-simple"},"acf":[],"_links":{"self":[{"href":"https:\/\/www.fjpremium.com\/fr\/wp-json\/wp\/v2\/product\/14957","targetHints":{"allow":["GET"]}}],"collection":[{"href":"https:\/\/www.fjpremium.com\/fr\/wp-json\/wp\/v2\/product"}],"about":[{"href":"https:\/\/www.fjpremium.com\/fr\/wp-json\/wp\/v2\/types\/product"}],"wp:featuredmedia":[{"embeddable":true,"href":"https:\/\/www.fjpremium.com\/fr\/wp-json\/wp\/v2\/media\/14971"}],"wp:attachment":[{"href":"https:\/\/www.fjpremium.com\/fr\/wp-json\/wp\/v2\/media?parent=14957"}],"wp:term":[{"taxonomy":"product_brand","embeddable":true,"href":"https:\/\/www.fjpremium.com\/fr\/wp-json\/wp\/v2\/product_brand?post=14957"},{"taxonomy":"product_cat","embeddable":true,"href":"https:\/\/www.fjpremium.com\/fr\/wp-json\/wp\/v2\/product_cat?post=14957"},{"taxonomy":"product_tag","embeddable":true,"href":"https:\/\/www.fjpremium.com\/fr\/wp-json\/wp\/v2\/product_tag?post=14957"}],"curies":[{"name":"wp","href":"https:\/\/api.w.org\/{rel}","templated":true}]}}