{"id":14956,"date":"2020-05-25T11:27:37","date_gmt":"2020-05-25T03:27:37","guid":{"rendered":"https:\/\/www.fjpremium.com\/?post_type=product&#038;p=14956"},"modified":"2024-03-12T13:09:57","modified_gmt":"2024-03-12T05:09:57","slug":"displayport-female-to-female-panel-mount-cable","status":"publish","type":"product","link":"https:\/\/www.fjpremium.com\/fr\/product\/displayport-female-to-female-panel-mount-cable\/","title":{"rendered":"Adaptateur DisplayPort femelle C\u00e2ble pour montage sur panneau"},"content":{"rendered":"<p>Notre c\u00e2ble adaptateur est m\u00e9ticuleusement con\u00e7u pour fusionner deux c\u00e2bles DisplayPort, offrant une connectivit\u00e9 transparente via un panneau.<\/p>\n<p>Il s'agit d'une solution id\u00e9ale pour \u00e9tablir une connectivit\u00e9 d'affichage en toute s\u00e9curit\u00e9 tout en garantissant une perte de signal minimale.<\/p>\n<p>Cet adaptateur DisplayPort femelle transmet sans effort les signaux audio et vid\u00e9o de votre ordinateur au moniteur.<\/p>\n<p>Il prend en charge les r\u00e9solutions vid\u00e9o jusqu'\u00e0 4K et 1080P, avec une transmission audio irr\u00e9prochable pour les canaux num\u00e9riques non compress\u00e9s 7.1, 5.1 ou 2. Conforme \u00e0 la norme DisplayPort 1.2, il convient \u00e9galement aux applications haute performance.<\/p>\n<p>Ses caract\u00e9ristiques :<\/p>\n<ul>\n<li>Type d'\u00e9crou et de vis : #4-40 nickel\u00e9<\/li>\n<li>Conducteur du c\u00e2ble : Cuivre \u00e9tam\u00e9<\/li>\n<li>Isolation : PE SKIN\/HDPE mouss\u00e9<\/li>\n<li>Calibre du fil : 28AWG 7\/0.12mm<\/li>\n<li>Blindage : paire torsad\u00e9e de feuilles d'aluminium, feuilles d'aluminium globales, tresse<\/li>\n<li>Bo\u00eetier : Moulage par injection<\/li>\n<li>Gaine : PVC<\/li>\n<li>Diam\u00e8tre ext\u00e9rieur : 7,0\u00b10,2mm<\/li>\n<li>Conformit\u00e9 : RoHS, REACH, CE<\/li>\n<\/ul>\n<p>En outre, les conducteurs enti\u00e8rement blind\u00e9s du c\u00e2ble r\u00e9sistent aux interf\u00e9rences EMI\/RFI, tandis que les connecteurs plaqu\u00e9s or 24K garantissent une transmission sup\u00e9rieure du signal.<\/p>\n<p>Il a \u00e9t\u00e9 test\u00e9 de mani\u00e8re approfondie pour r\u00e9pondre aux normes de l'industrie et b\u00e9n\u00e9ficie de la garantie de 2 ans de FARSINCE. En conclusion, contactez-nous d\u00e8s aujourd'hui pour l'ajouter \u00e0 votre inventaire.<\/p>","protected":false},"excerpt":{"rendered":"<p>Entrez dans un nouveau domaine de connectivit\u00e9 avec l'adaptateur DisplayPort femelle de haute qualit\u00e9 de FARSINCE, qui combine deux c\u00e2bles DisplayPort pour une transmission audiovisuelle haute r\u00e9solution.<\/p>","protected":false},"featured_media":14966,"template":"","meta":{"_acf_changed":false,"_seopress_robots_primary_cat":"","_seopress_titles_title":"DisplayPort Female Adapter Panel Mount Cable - FARSINCE","_seopress_titles_desc":"Engage in a new realm of connectivity with our DisplayPort female adapter, combining two DisplayPort cables for high-resolution audio-visual transmission. ","_seopress_robots_index":"","site-sidebar-layout":"default","site-content-layout":"default","ast-site-content-layout":"default","site-content-style":"default","site-sidebar-style":"default","ast-global-header-display":"","ast-banner-title-visibility":"","ast-main-header-display":"","ast-hfb-above-header-display":"","ast-hfb-below-header-display":"","ast-hfb-mobile-header-display":"","site-post-title":"","ast-breadcrumbs-content":"","ast-featured-img":"","footer-sml-layout":"","ast-disable-related-posts":"","theme-transparent-header-meta":"default","adv-header-id-meta":"","stick-header-meta":"","header-above-stick-meta":"","header-main-stick-meta":"","header-below-stick-meta":"","astra-migrate-meta-layouts":"set","ast-page-background-enabled":"default","ast-page-background-meta":{"desktop":{"background-color":"","background-image":"","background-repeat":"repeat","background-position":"center center","background-size":"auto","background-attachment":"scroll","background-type":"","background-media":"","overlay-type":"","overlay-color":"","overlay-opacity":"","overlay-gradient":""},"tablet":{"background-color":"","background-image":"","background-repeat":"repeat","background-position":"center center","background-size":"auto","background-attachment":"scroll","background-type":"","background-media":"","overlay-type":"","overlay-color":"","overlay-opacity":"","overlay-gradient":""},"mobile":{"background-color":"","background-image":"","background-repeat":"repeat","background-position":"center center","background-size":"auto","background-attachment":"scroll","background-type":"","background-media":"","overlay-type":"","overlay-color":"","overlay-opacity":"","overlay-gradient":""}},"ast-content-background-meta":{"desktop":{"background-color":"var(--ast-global-color-5)","background-image":"","background-repeat":"repeat","background-position":"center center","background-size":"auto","background-attachment":"scroll","background-type":"","background-media":"","overlay-type":"","overlay-color":"","overlay-opacity":"","overlay-gradient":""},"tablet":{"background-color":"var(--ast-global-color-5)","background-image":"","background-repeat":"repeat","background-position":"center center","background-size":"auto","background-attachment":"scroll","background-type":"","background-media":"","overlay-type":"","overlay-color":"","overlay-opacity":"","overlay-gradient":""},"mobile":{"background-color":"var(--ast-global-color-5)","background-image":"","background-repeat":"repeat","background-position":"center center","background-size":"auto","background-attachment":"scroll","background-type":"","background-media":"","overlay-type":"","overlay-color":"","overlay-opacity":"","overlay-gradient":""}},"iawp_total_views":9},"product_brand":[],"product_cat":[238,678],"product_tag":[],"class_list":{"0":"post-14956","1":"product","2":"type-product","3":"status-publish","4":"has-post-thumbnail","6":"product_cat-panel-mount","7":"product_cat-panel-mount-cables","8":"desktop-align-left","9":"tablet-align-left","10":"mobile-align-left","12":"first","13":"instock","14":"shipping-taxable","15":"purchasable","16":"product-type-simple"},"acf":[],"_links":{"self":[{"href":"https:\/\/www.fjpremium.com\/fr\/wp-json\/wp\/v2\/product\/14956","targetHints":{"allow":["GET"]}}],"collection":[{"href":"https:\/\/www.fjpremium.com\/fr\/wp-json\/wp\/v2\/product"}],"about":[{"href":"https:\/\/www.fjpremium.com\/fr\/wp-json\/wp\/v2\/types\/product"}],"wp:featuredmedia":[{"embeddable":true,"href":"https:\/\/www.fjpremium.com\/fr\/wp-json\/wp\/v2\/media\/14966"}],"wp:attachment":[{"href":"https:\/\/www.fjpremium.com\/fr\/wp-json\/wp\/v2\/media?parent=14956"}],"wp:term":[{"taxonomy":"product_brand","embeddable":true,"href":"https:\/\/www.fjpremium.com\/fr\/wp-json\/wp\/v2\/product_brand?post=14956"},{"taxonomy":"product_cat","embeddable":true,"href":"https:\/\/www.fjpremium.com\/fr\/wp-json\/wp\/v2\/product_cat?post=14956"},{"taxonomy":"product_tag","embeddable":true,"href":"https:\/\/www.fjpremium.com\/fr\/wp-json\/wp\/v2\/product_tag?post=14956"}],"curies":[{"name":"wp","href":"https:\/\/api.w.org\/{rel}","templated":true}]}}