{"id":14955,"date":"2020-05-25T11:27:35","date_gmt":"2020-05-25T03:27:35","guid":{"rendered":"https:\/\/www.fjpremium.com\/?post_type=product&#038;p=14955"},"modified":"2024-03-18T13:31:40","modified_gmt":"2024-03-18T05:31:40","slug":"displayport-female-to-female-panel-mount-coupler-adapter-with-screw-locking","status":"publish","type":"product","link":"https:\/\/www.fjpremium.com\/fr\/product\/displayport-female-to-female-panel-mount-coupler-adapter-with-screw-locking\/","title":{"rendered":"Best DisplayPort Adapter Female to Female Panel Mount Coupler (Adaptateur DisplayPort femelle vers femelle)"},"content":{"rendered":"<p>Le meilleur adaptateur DisplayPort offre une connectivit\u00e9 femelle-femelle avec un design de vis innovant qui assure une connexion solide.<\/p>\n<p>Il simplifie votre installation en combinant deux c\u00e2bles DisplayPort \u00e0 travers un panneau sans perte de signal ou en \u00e9tendant votre port\u00e9e \u00e0 un hub DisplayPort MST pour un bureau sans encombrement.<\/p>\n<p>Ce coupleur garantit des performances exceptionnelles gr\u00e2ce \u00e0 la prise en charge de la bande passante \u00e0 haut d\u00e9bit (HBR) et \u00e0 des capacit\u00e9s de r\u00e9solution allant jusqu'\u00e0 4k.<\/p>\n<p>Ses caract\u00e9ristiques :<\/p>\n<ul>\n<li>Type d'\u00e9crou et de vis : #4-40 nickel\u00e9<\/li>\n<li>Contact plaqu\u00e9 or ; coque plaqu\u00e9e or<\/li>\n<li>Moulage int\u00e9rieur : LDPE<\/li>\n<li>Moulure ext\u00e9rieure : PVC 45P, noir<\/li>\n<li>Conformit\u00e9 : RoHS, REACH<\/li>\n<\/ul>\n<p>De plus, soutenu par la garantie de plusieurs ann\u00e9es de FARSINCE, il adh\u00e8re aux normes DisplayPort 1.2. En r\u00e9sum\u00e9, investissez dans ce produit et am\u00e9liorez votre inventaire.<\/p>","protected":false},"excerpt":{"rendered":"<p>Am\u00e9liorez votre exp\u00e9rience audiovisuelle avec le meilleur adaptateur DisplayPort de FARSINCE, con\u00e7u pour transmettre un son et une vid\u00e9o HD de qualit\u00e9 sup\u00e9rieure de votre ordinateur \u00e0 votre \u00e9cran.<\/p>","protected":false},"featured_media":14958,"template":"","meta":{"_acf_changed":false,"_seopress_robots_primary_cat":"","_seopress_titles_title":"Best DisplayPort Adapter Female to Female - Farsince","_seopress_titles_desc":"Upgrade your audio-visual experience with this best DisplayPort adapter, engineered to transmit superior HD audio and video from your computer to your display. ","_seopress_robots_index":"","site-sidebar-layout":"default","site-content-layout":"default","ast-site-content-layout":"default","site-content-style":"default","site-sidebar-style":"default","ast-global-header-display":"","ast-banner-title-visibility":"","ast-main-header-display":"","ast-hfb-above-header-display":"","ast-hfb-below-header-display":"","ast-hfb-mobile-header-display":"","site-post-title":"","ast-breadcrumbs-content":"","ast-featured-img":"","footer-sml-layout":"","ast-disable-related-posts":"","theme-transparent-header-meta":"default","adv-header-id-meta":"","stick-header-meta":"","header-above-stick-meta":"","header-main-stick-meta":"","header-below-stick-meta":"","astra-migrate-meta-layouts":"set","ast-page-background-enabled":"default","ast-page-background-meta":{"desktop":{"background-color":"","background-image":"","background-repeat":"repeat","background-position":"center center","background-size":"auto","background-attachment":"scroll","background-type":"","background-media":"","overlay-type":"","overlay-color":"","overlay-opacity":"","overlay-gradient":""},"tablet":{"background-color":"","background-image":"","background-repeat":"repeat","background-position":"center center","background-size":"auto","background-attachment":"scroll","background-type":"","background-media":"","overlay-type":"","overlay-color":"","overlay-opacity":"","overlay-gradient":""},"mobile":{"background-color":"","background-image":"","background-repeat":"repeat","background-position":"center center","background-size":"auto","background-attachment":"scroll","background-type":"","background-media":"","overlay-type":"","overlay-color":"","overlay-opacity":"","overlay-gradient":""}},"ast-content-background-meta":{"desktop":{"background-color":"var(--ast-global-color-5)","background-image":"","background-repeat":"repeat","background-position":"center center","background-size":"auto","background-attachment":"scroll","background-type":"","background-media":"","overlay-type":"","overlay-color":"","overlay-opacity":"","overlay-gradient":""},"tablet":{"background-color":"var(--ast-global-color-5)","background-image":"","background-repeat":"repeat","background-position":"center center","background-size":"auto","background-attachment":"scroll","background-type":"","background-media":"","overlay-type":"","overlay-color":"","overlay-opacity":"","overlay-gradient":""},"mobile":{"background-color":"var(--ast-global-color-5)","background-image":"","background-repeat":"repeat","background-position":"center center","background-size":"auto","background-attachment":"scroll","background-type":"","background-media":"","overlay-type":"","overlay-color":"","overlay-opacity":"","overlay-gradient":""}},"iawp_total_views":11},"product_brand":[],"product_cat":[238,679],"product_tag":[],"class_list":{"0":"post-14955","1":"product","2":"type-product","3":"status-publish","4":"has-post-thumbnail","6":"product_cat-panel-mount","7":"product_cat-panel-mount-couplers","8":"desktop-align-left","9":"tablet-align-left","10":"mobile-align-left","12":"first","13":"instock","14":"shipping-taxable","15":"purchasable","16":"product-type-simple"},"acf":[],"_links":{"self":[{"href":"https:\/\/www.fjpremium.com\/fr\/wp-json\/wp\/v2\/product\/14955","targetHints":{"allow":["GET"]}}],"collection":[{"href":"https:\/\/www.fjpremium.com\/fr\/wp-json\/wp\/v2\/product"}],"about":[{"href":"https:\/\/www.fjpremium.com\/fr\/wp-json\/wp\/v2\/types\/product"}],"wp:featuredmedia":[{"embeddable":true,"href":"https:\/\/www.fjpremium.com\/fr\/wp-json\/wp\/v2\/media\/14958"}],"wp:attachment":[{"href":"https:\/\/www.fjpremium.com\/fr\/wp-json\/wp\/v2\/media?parent=14955"}],"wp:term":[{"taxonomy":"product_brand","embeddable":true,"href":"https:\/\/www.fjpremium.com\/fr\/wp-json\/wp\/v2\/product_brand?post=14955"},{"taxonomy":"product_cat","embeddable":true,"href":"https:\/\/www.fjpremium.com\/fr\/wp-json\/wp\/v2\/product_cat?post=14955"},{"taxonomy":"product_tag","embeddable":true,"href":"https:\/\/www.fjpremium.com\/fr\/wp-json\/wp\/v2\/product_tag?post=14955"}],"curies":[{"name":"wp","href":"https:\/\/api.w.org\/{rel}","templated":true}]}}