{"id":14935,"date":"2020-05-25T11:13:55","date_gmt":"2020-05-25T03:13:55","guid":{"rendered":"https:\/\/www.fjpremium.com\/?post_type=product&#038;p=14935"},"modified":"2024-03-12T10:35:20","modified_gmt":"2024-03-12T02:35:20","slug":"flat-hdmi-male-to-female-panel-mount-extension-cable","status":"publish","type":"product","link":"https:\/\/www.fjpremium.com\/fr\/product\/flat-hdmi-male-to-female-panel-mount-extension-cable\/","title":{"rendered":"C\u00e2ble d'extension HDMI plat m\u00e2le-femelle pour montage sur panneau 8K"},"content":{"rendered":"<p>Ce c\u00e2ble d'extension HDMI plat exceptionnel est id\u00e9al pour connecter votre t\u00e9l\u00e9viseur Ultra 8K (UHD TV), votre t\u00e9l\u00e9viseur HD, votre moniteur ou votre projecteur \u00e0 des appareils sources HDMI.<\/p>\n<p>Vous pouvez vous immerger dans des images \u00e9poustouflantes gr\u00e2ce \u00e0 la prise en charge de la 3D et des r\u00e9solutions vid\u00e9o Ultra HD 8K@60Hz. De plus, sa conception \u00e0 vis garantit une connexion s\u00fbre et \u00e9tanche, offrant une fiabilit\u00e9 in\u00e9gal\u00e9e.<\/p>\n<p>Les conducteurs enti\u00e8rement blind\u00e9s du c\u00e2ble assurent une immunit\u00e9 totale aux interf\u00e9rences EMI\/RFI, tandis que les connecteurs plaqu\u00e9s or 24K garantissent un transfert de signal sup\u00e9rieur.<\/p>\n<p>Ses caract\u00e9ristiques :<\/p>\n<ul>\n<li>Type d'\u00e9crou et de vis : #4-40 nickel\u00e9<\/li>\n<li>Pas du trou : 25\u00b11mm<\/li>\n<li>Conducteur du c\u00e2ble : Cuivre \u00e9tam\u00e9<\/li>\n<li>Isolation : PE SKIN\/HDPE mouss\u00e9<\/li>\n<li>Calibre des fils : 28+30AWG<\/li>\n<li>Blindage : paire torsad\u00e9e de feuilles d'aluminium, feuilles d'aluminium globales, tresse<\/li>\n<li>Bo\u00eetier : Moulage par injection<\/li>\n<li>Gaine : PVC<\/li>\n<li>Diam\u00e8tre ext\u00e9rieur : 3,2*14,5\u00b10,2mm<\/li>\n<li>Conformit\u00e9 : RoHS, REACH, CE<\/li>\n<\/ul>\n<p>Il est dot\u00e9 des technologies Dolby\u00ae True HD et DTS-HD Master Audio, et comporte jusqu'\u00e0 32 canaux audio, offrant un voyage audio immersif multidimensionnel.<\/p>\n<p>Il fournit simultan\u00e9ment deux flux vid\u00e9o \u00e0 plusieurs utilisateurs sur le m\u00eame \u00e9cran et permet d'obtenir un format vid\u00e9o grand angle 21:9.<\/p>\n<p>De plus, vous pouvez contr\u00f4ler vos appareils sans effort gr\u00e2ce aux extensions CEC, le tout g\u00e9r\u00e9 par un point de contr\u00f4le unique. Notez que l'appareil source et l'\u00e9cran doivent prendre en charge les fonctions HDMI pour des performances optimales.<\/p>\n<p>En bref, faites confiance \u00e0 notre garantie de 2 ans pour une tranquillit\u00e9 d'esprit in\u00e9gal\u00e9e. Contactez-nous d\u00e8s aujourd'hui et commandez notre c\u00e2ble d'extension HDMI plat !<\/p>","protected":false},"excerpt":{"rendered":"<p>Transformez votre exp\u00e9rience audio-vid\u00e9o avec le c\u00e2ble d'extension HDMI plat avec vis de FARSINCE, fabriqu\u00e9 avec des mat\u00e9riaux de haute qualit\u00e9, garantissant des performances sup\u00e9rieures.<\/p>","protected":false},"featured_media":14954,"template":"","meta":{"_acf_changed":false,"_seopress_robots_primary_cat":"","_seopress_titles_title":"Panel Mount Flat HDMI Extension Cable - Farsince","_seopress_titles_desc":"","_seopress_robots_index":"","site-sidebar-layout":"default","site-content-layout":"default","ast-site-content-layout":"default","site-content-style":"default","site-sidebar-style":"default","ast-global-header-display":"","ast-banner-title-visibility":"","ast-main-header-display":"","ast-hfb-above-header-display":"","ast-hfb-below-header-display":"","ast-hfb-mobile-header-display":"","site-post-title":"","ast-breadcrumbs-content":"","ast-featured-img":"","footer-sml-layout":"","ast-disable-related-posts":"","theme-transparent-header-meta":"default","adv-header-id-meta":"","stick-header-meta":"","header-above-stick-meta":"","header-main-stick-meta":"","header-below-stick-meta":"","astra-migrate-meta-layouts":"set","ast-page-background-enabled":"default","ast-page-background-meta":{"desktop":{"background-color":"","background-image":"","background-repeat":"repeat","background-position":"center center","background-size":"auto","background-attachment":"scroll","background-type":"","background-media":"","overlay-type":"","overlay-color":"","overlay-opacity":"","overlay-gradient":""},"tablet":{"background-color":"","background-image":"","background-repeat":"repeat","background-position":"center center","background-size":"auto","background-attachment":"scroll","background-type":"","background-media":"","overlay-type":"","overlay-color":"","overlay-opacity":"","overlay-gradient":""},"mobile":{"background-color":"","background-image":"","background-repeat":"repeat","background-position":"center center","background-size":"auto","background-attachment":"scroll","background-type":"","background-media":"","overlay-type":"","overlay-color":"","overlay-opacity":"","overlay-gradient":""}},"ast-content-background-meta":{"desktop":{"background-color":"var(--ast-global-color-5)","background-image":"","background-repeat":"repeat","background-position":"center center","background-size":"auto","background-attachment":"scroll","background-type":"","background-media":"","overlay-type":"","overlay-color":"","overlay-opacity":"","overlay-gradient":""},"tablet":{"background-color":"var(--ast-global-color-5)","background-image":"","background-repeat":"repeat","background-position":"center center","background-size":"auto","background-attachment":"scroll","background-type":"","background-media":"","overlay-type":"","overlay-color":"","overlay-opacity":"","overlay-gradient":""},"mobile":{"background-color":"var(--ast-global-color-5)","background-image":"","background-repeat":"repeat","background-position":"center center","background-size":"auto","background-attachment":"scroll","background-type":"","background-media":"","overlay-type":"","overlay-color":"","overlay-opacity":"","overlay-gradient":""}},"iawp_total_views":10},"product_brand":[],"product_cat":[238,678],"product_tag":[],"class_list":{"0":"post-14935","1":"product","2":"type-product","3":"status-publish","4":"has-post-thumbnail","6":"product_cat-panel-mount","7":"product_cat-panel-mount-cables","8":"desktop-align-left","9":"tablet-align-left","10":"mobile-align-left","12":"first","13":"instock","14":"shipping-taxable","15":"purchasable","16":"product-type-simple"},"acf":[],"_links":{"self":[{"href":"https:\/\/www.fjpremium.com\/fr\/wp-json\/wp\/v2\/product\/14935","targetHints":{"allow":["GET"]}}],"collection":[{"href":"https:\/\/www.fjpremium.com\/fr\/wp-json\/wp\/v2\/product"}],"about":[{"href":"https:\/\/www.fjpremium.com\/fr\/wp-json\/wp\/v2\/types\/product"}],"wp:featuredmedia":[{"embeddable":true,"href":"https:\/\/www.fjpremium.com\/fr\/wp-json\/wp\/v2\/media\/14954"}],"wp:attachment":[{"href":"https:\/\/www.fjpremium.com\/fr\/wp-json\/wp\/v2\/media?parent=14935"}],"wp:term":[{"taxonomy":"product_brand","embeddable":true,"href":"https:\/\/www.fjpremium.com\/fr\/wp-json\/wp\/v2\/product_brand?post=14935"},{"taxonomy":"product_cat","embeddable":true,"href":"https:\/\/www.fjpremium.com\/fr\/wp-json\/wp\/v2\/product_cat?post=14935"},{"taxonomy":"product_tag","embeddable":true,"href":"https:\/\/www.fjpremium.com\/fr\/wp-json\/wp\/v2\/product_tag?post=14935"}],"curies":[{"name":"wp","href":"https:\/\/api.w.org\/{rel}","templated":true}]}}