{"id":14934,"date":"2020-05-25T11:13:51","date_gmt":"2020-05-25T03:13:51","guid":{"rendered":"https:\/\/www.fjpremium.com\/?post_type=product&#038;p=14934"},"modified":"2024-03-20T15:51:08","modified_gmt":"2024-03-20T07:51:08","slug":"flat-hdmi-female-to-female-panel-mount-cable","status":"publish","type":"product","link":"https:\/\/www.fjpremium.com\/fr\/product\/flat-hdmi-female-to-female-panel-mount-cable\/","title":{"rendered":"C\u00e2ble HDMI plat 8K femelle vers femelle pour montage sur panneau"},"content":{"rendered":"<p>Notre c\u00e2ble est con\u00e7u pour fournir la solution ultime pour combiner deux c\u00e2bles HDMI afin d'\u00e9tablir une connexion s\u00e9curis\u00e9e \u00e0 travers un panneau. Il vous permet de fournir une connectivit\u00e9 d'affichage \u00e0 partir d'une source prot\u00e9g\u00e9e sans effort.<\/p>\n<p>Gr\u00e2ce \u00e0 sa faible longueur et \u00e0 sa conception de pointe, ce c\u00e2ble HDMI plat garantit une perte de signal minimale, pour une exp\u00e9rience visuelle ininterrompue.<\/p>\n<p>Il prend en charge sans effort les r\u00e9solutions vid\u00e9o jusqu'\u00e0 8K@60Hz, offrant une clart\u00e9 visuelle remarquable, quatre fois sup\u00e9rieure \u00e0 la r\u00e9solution vid\u00e9o traditionnelle 1080p\/60.<\/p>\n<p>Ses caract\u00e9ristiques :<\/p>\n<ul>\n<li>Type d'\u00e9crou et de vis : #4-40 nickel\u00e9<\/li>\n<li>Pas du trou : 25\u00b11mm<\/li>\n<li>Conducteur du c\u00e2ble : Cuivre \u00e9tam\u00e9<\/li>\n<li>Isolation : PE SKIN\/HDPE mouss\u00e9<\/li>\n<li>Calibre des fils : 28+30AWG<\/li>\n<li>Blindage : paire torsad\u00e9e de feuilles d'aluminium, feuilles d'aluminium globales, tresse<\/li>\n<li>Bo\u00eetier : Moulage par injection<\/li>\n<li>Gaine : PVC<\/li>\n<li>Diam\u00e8tre ext\u00e9rieur : 3,2 x 14,5 \u00b1 0,2 mm.<\/li>\n<li>Conformit\u00e9 : RoHS, REACH<\/li>\n<\/ul>\n<p>De plus, ses conducteurs enti\u00e8rement blind\u00e9s offrent une immunit\u00e9 totale aux interf\u00e9rences EMI\/RFI, tandis que les connecteurs plaqu\u00e9s or 24K assurent un transfert de signal sans faille.<\/p>\n<p>Chaque c\u00e2ble est soumis \u00e0 des tests rigoureux pour r\u00e9pondre aux normes de l'industrie, assurant une fonctionnalit\u00e9 sans faille. Achetez en toute confiance, en sachant que notre garantie de 2 ans couvre le c\u00e2ble \u00e0 large bande passante.<\/p>\n<p>Par cons\u00e9quent, contactez-nous d\u00e8s aujourd'hui et investissez dans ce domaine.<\/p>","protected":false},"excerpt":{"rendered":"<p>Plongez dans une connectivit\u00e9 transparente avec le c\u00e2ble HDMI plat FARSINCE, qui offre des r\u00e9solutions vid\u00e9o \u00e9poustouflantes jusqu'\u00e0 8K@60Hz.<\/p>","protected":false},"featured_media":14946,"template":"","meta":{"_acf_changed":false,"_seopress_robots_primary_cat":"","_seopress_titles_title":"Best Flat HDMI Cable Female to Female Panel Mount - FARSINCE","_seopress_titles_desc":"","_seopress_robots_index":"","site-sidebar-layout":"default","site-content-layout":"default","ast-site-content-layout":"default","site-content-style":"default","site-sidebar-style":"default","ast-global-header-display":"","ast-banner-title-visibility":"","ast-main-header-display":"","ast-hfb-above-header-display":"","ast-hfb-below-header-display":"","ast-hfb-mobile-header-display":"","site-post-title":"","ast-breadcrumbs-content":"","ast-featured-img":"","footer-sml-layout":"","ast-disable-related-posts":"","theme-transparent-header-meta":"default","adv-header-id-meta":"","stick-header-meta":"","header-above-stick-meta":"","header-main-stick-meta":"","header-below-stick-meta":"","astra-migrate-meta-layouts":"set","ast-page-background-enabled":"default","ast-page-background-meta":{"desktop":{"background-color":"","background-image":"","background-repeat":"repeat","background-position":"center center","background-size":"auto","background-attachment":"scroll","background-type":"","background-media":"","overlay-type":"","overlay-color":"","overlay-opacity":"","overlay-gradient":""},"tablet":{"background-color":"","background-image":"","background-repeat":"repeat","background-position":"center center","background-size":"auto","background-attachment":"scroll","background-type":"","background-media":"","overlay-type":"","overlay-color":"","overlay-opacity":"","overlay-gradient":""},"mobile":{"background-color":"","background-image":"","background-repeat":"repeat","background-position":"center center","background-size":"auto","background-attachment":"scroll","background-type":"","background-media":"","overlay-type":"","overlay-color":"","overlay-opacity":"","overlay-gradient":""}},"ast-content-background-meta":{"desktop":{"background-color":"var(--ast-global-color-5)","background-image":"","background-repeat":"repeat","background-position":"center center","background-size":"auto","background-attachment":"scroll","background-type":"","background-media":"","overlay-type":"","overlay-color":"","overlay-opacity":"","overlay-gradient":""},"tablet":{"background-color":"var(--ast-global-color-5)","background-image":"","background-repeat":"repeat","background-position":"center center","background-size":"auto","background-attachment":"scroll","background-type":"","background-media":"","overlay-type":"","overlay-color":"","overlay-opacity":"","overlay-gradient":""},"mobile":{"background-color":"var(--ast-global-color-5)","background-image":"","background-repeat":"repeat","background-position":"center center","background-size":"auto","background-attachment":"scroll","background-type":"","background-media":"","overlay-type":"","overlay-color":"","overlay-opacity":"","overlay-gradient":""}},"iawp_total_views":4},"product_brand":[],"product_cat":[238,678],"product_tag":[],"class_list":{"0":"post-14934","1":"product","2":"type-product","3":"status-publish","4":"has-post-thumbnail","6":"product_cat-panel-mount","7":"product_cat-panel-mount-cables","8":"desktop-align-left","9":"tablet-align-left","10":"mobile-align-left","12":"first","13":"instock","14":"shipping-taxable","15":"purchasable","16":"product-type-simple"},"acf":[],"_links":{"self":[{"href":"https:\/\/www.fjpremium.com\/fr\/wp-json\/wp\/v2\/product\/14934","targetHints":{"allow":["GET"]}}],"collection":[{"href":"https:\/\/www.fjpremium.com\/fr\/wp-json\/wp\/v2\/product"}],"about":[{"href":"https:\/\/www.fjpremium.com\/fr\/wp-json\/wp\/v2\/types\/product"}],"wp:featuredmedia":[{"embeddable":true,"href":"https:\/\/www.fjpremium.com\/fr\/wp-json\/wp\/v2\/media\/14946"}],"wp:attachment":[{"href":"https:\/\/www.fjpremium.com\/fr\/wp-json\/wp\/v2\/media?parent=14934"}],"wp:term":[{"taxonomy":"product_brand","embeddable":true,"href":"https:\/\/www.fjpremium.com\/fr\/wp-json\/wp\/v2\/product_brand?post=14934"},{"taxonomy":"product_cat","embeddable":true,"href":"https:\/\/www.fjpremium.com\/fr\/wp-json\/wp\/v2\/product_cat?post=14934"},{"taxonomy":"product_tag","embeddable":true,"href":"https:\/\/www.fjpremium.com\/fr\/wp-json\/wp\/v2\/product_tag?post=14934"}],"curies":[{"name":"wp","href":"https:\/\/api.w.org\/{rel}","templated":true}]}}