{"id":14933,"date":"2020-05-25T11:13:46","date_gmt":"2020-05-25T03:13:46","guid":{"rendered":"https:\/\/www.fjpremium.com\/?post_type=product&#038;p=14933"},"modified":"2024-03-11T17:59:45","modified_gmt":"2024-03-11T09:59:45","slug":"hdmi-male-to-female-panel-mount-extension-cable","status":"publish","type":"product","link":"https:\/\/www.fjpremium.com\/fr\/product\/hdmi-male-to-female-panel-mount-extension-cable\/","title":{"rendered":"C\u00e2ble d'extension HDMI m\u00e2le-femelle 8K pour montage sur panneau"},"content":{"rendered":"<p>Que ce soit pour le home cin\u00e9ma ou les applications audio-vid\u00e9o de bureau, notre c\u00e2ble relie votre t\u00e9l\u00e9viseur Ultra 8K (UHD TV), votre t\u00e9l\u00e9viseur HD, votre moniteur ou votre projecteur \u00e0 des appareils sources HDMI.<\/p>\n<p>Vous pouvez b\u00e9n\u00e9ficier d'une transmission transparente de vid\u00e9os et de sons de haute qualit\u00e9 gr\u00e2ce \u00e0 la prise en charge de la 3D et des r\u00e9solutions vid\u00e9o Ultra HD 8K@60Hz.<\/p>\n<p>En outre, la conception de la vis assure une connexion \u00e9tanche et s\u00fbre, ce qui garantit la tranquillit\u00e9 d'esprit pendant l'utilisation.<\/p>\n<p>Fabriqu\u00e9 avec des mat\u00e9riaux et une construction de haute qualit\u00e9, ce c\u00e2ble d'extension HDMI m\u00e2le-femelle garantit des performances fiables pendant toute sa dur\u00e9e de vie.<\/p>\n<p>Ses conducteurs enti\u00e8rement blind\u00e9s offrent une immunit\u00e9 totale aux interf\u00e9rences EMI\/RFI, tandis que les connecteurs plaqu\u00e9s or 24K garantissent un transfert de signal sup\u00e9rieur.<\/p>\n<p>Ses caract\u00e9ristiques :<\/p>\n<ul>\n<li>Type d'\u00e9crou et de vis : #4-40 nickel\u00e9<\/li>\n<li>Conducteur du c\u00e2ble : Cuivre \u00e9tam\u00e9<\/li>\n<li>Isolation : PE SKIN\/HDPE mouss\u00e9<\/li>\n<li>Calibre du fil : 28AWG 7\/0.12mm<\/li>\n<li>Blindage : paire torsad\u00e9e de feuilles d'aluminium, feuilles d'aluminium globales, tresse<\/li>\n<li>Bo\u00eetier : Moulage par injection<\/li>\n<li>Gaine : PVC<\/li>\n<li>Diam\u00e8tre ext\u00e9rieur : 7,0\u00b10,2mm<\/li>\n<li>Conformit\u00e9 : RoHS, REACH, CE<\/li>\n<\/ul>\n<p>De plus, il est couvert par notre garantie de 2 ans pour plus de fiabilit\u00e9. Par cons\u00e9quent, contactez-nous d\u00e8s aujourd'hui et ajoutez ce c\u00e2ble \u00e0 votre inventaire.<\/p>","protected":false},"excerpt":{"rendered":"<p>Lib\u00e9rez la puissance de la connectivit\u00e9 avec le c\u00e2ble d'extension HDMI m\u00e2le-femelle de haute qualit\u00e9 de FARSINCE avec vis, offrant des r\u00e9solutions vid\u00e9o \u00e9poustouflantes.<\/p>","protected":false},"featured_media":25145,"template":"","meta":{"_acf_changed":false,"_seopress_robots_primary_cat":"","_seopress_titles_title":"Panel Mount HDMI Male to Female Extension Cable - FARSINCE","_seopress_titles_desc":"","_seopress_robots_index":"","site-sidebar-layout":"default","site-content-layout":"default","ast-site-content-layout":"default","site-content-style":"default","site-sidebar-style":"default","ast-global-header-display":"","ast-banner-title-visibility":"","ast-main-header-display":"","ast-hfb-above-header-display":"","ast-hfb-below-header-display":"","ast-hfb-mobile-header-display":"","site-post-title":"","ast-breadcrumbs-content":"","ast-featured-img":"","footer-sml-layout":"","ast-disable-related-posts":"","theme-transparent-header-meta":"default","adv-header-id-meta":"","stick-header-meta":"","header-above-stick-meta":"","header-main-stick-meta":"","header-below-stick-meta":"","astra-migrate-meta-layouts":"set","ast-page-background-enabled":"default","ast-page-background-meta":{"desktop":{"background-color":"","background-image":"","background-repeat":"repeat","background-position":"center center","background-size":"auto","background-attachment":"scroll","background-type":"","background-media":"","overlay-type":"","overlay-color":"","overlay-opacity":"","overlay-gradient":""},"tablet":{"background-color":"","background-image":"","background-repeat":"repeat","background-position":"center center","background-size":"auto","background-attachment":"scroll","background-type":"","background-media":"","overlay-type":"","overlay-color":"","overlay-opacity":"","overlay-gradient":""},"mobile":{"background-color":"","background-image":"","background-repeat":"repeat","background-position":"center center","background-size":"auto","background-attachment":"scroll","background-type":"","background-media":"","overlay-type":"","overlay-color":"","overlay-opacity":"","overlay-gradient":""}},"ast-content-background-meta":{"desktop":{"background-color":"var(--ast-global-color-5)","background-image":"","background-repeat":"repeat","background-position":"center center","background-size":"auto","background-attachment":"scroll","background-type":"","background-media":"","overlay-type":"","overlay-color":"","overlay-opacity":"","overlay-gradient":""},"tablet":{"background-color":"var(--ast-global-color-5)","background-image":"","background-repeat":"repeat","background-position":"center center","background-size":"auto","background-attachment":"scroll","background-type":"","background-media":"","overlay-type":"","overlay-color":"","overlay-opacity":"","overlay-gradient":""},"mobile":{"background-color":"var(--ast-global-color-5)","background-image":"","background-repeat":"repeat","background-position":"center center","background-size":"auto","background-attachment":"scroll","background-type":"","background-media":"","overlay-type":"","overlay-color":"","overlay-opacity":"","overlay-gradient":""}},"iawp_total_views":9},"product_brand":[],"product_cat":[238,678],"product_tag":[],"class_list":{"0":"post-14933","1":"product","2":"type-product","3":"status-publish","4":"has-post-thumbnail","6":"product_cat-panel-mount","7":"product_cat-panel-mount-cables","8":"desktop-align-left","9":"tablet-align-left","10":"mobile-align-left","12":"first","13":"instock","14":"shipping-taxable","15":"purchasable","16":"product-type-simple"},"acf":[],"_links":{"self":[{"href":"https:\/\/www.fjpremium.com\/fr\/wp-json\/wp\/v2\/product\/14933","targetHints":{"allow":["GET"]}}],"collection":[{"href":"https:\/\/www.fjpremium.com\/fr\/wp-json\/wp\/v2\/product"}],"about":[{"href":"https:\/\/www.fjpremium.com\/fr\/wp-json\/wp\/v2\/types\/product"}],"wp:featuredmedia":[{"embeddable":true,"href":"https:\/\/www.fjpremium.com\/fr\/wp-json\/wp\/v2\/media\/25145"}],"wp:attachment":[{"href":"https:\/\/www.fjpremium.com\/fr\/wp-json\/wp\/v2\/media?parent=14933"}],"wp:term":[{"taxonomy":"product_brand","embeddable":true,"href":"https:\/\/www.fjpremium.com\/fr\/wp-json\/wp\/v2\/product_brand?post=14933"},{"taxonomy":"product_cat","embeddable":true,"href":"https:\/\/www.fjpremium.com\/fr\/wp-json\/wp\/v2\/product_cat?post=14933"},{"taxonomy":"product_tag","embeddable":true,"href":"https:\/\/www.fjpremium.com\/fr\/wp-json\/wp\/v2\/product_tag?post=14933"}],"curies":[{"name":"wp","href":"https:\/\/api.w.org\/{rel}","templated":true}]}}