{"id":14860,"date":"2020-05-22T10:25:02","date_gmt":"2020-05-22T02:25:02","guid":{"rendered":"https:\/\/www.fjpremium.com\/?post_type=product&#038;p=14860"},"modified":"2023-09-21T18:01:36","modified_gmt":"2023-09-21T10:01:36","slug":"mini-displayport-to-displayport-adapter-mini-dp-to-dp-4k-resolution-ready-thunderbolt-2-port-compatible","status":"publish","type":"product","link":"https:\/\/www.fjpremium.com\/fr\/product\/mini-displayport-to-displayport-adapter-mini-dp-to-dp-4k-resolution-ready-thunderbolt-2-port-compatible\/","title":{"rendered":"Adaptateur Mini DisplayPort 1.2 vers DisplayPort Adaptateur Mini DP vers DP femelle 4K 60hz"},"content":{"rendered":"<p>Cet adaptateur constitue la solution id\u00e9ale pour connecter la sortie vid\u00e9o d'un Chromebook ou d'un ordinateur portable \u00e9quip\u00e9 d'un mini DisplayPort \u00e0 un \u00e9cran dot\u00e9 d'une entr\u00e9e DisplayPort.<\/p>\n<p>Vous b\u00e9n\u00e9ficierez de visuels \u00e9poustouflants gr\u00e2ce \u00e0 la prise en charge de r\u00e9solutions vid\u00e9o allant jusqu'\u00e0 4K@30 (3840\u00d72160, Ultra HD) et 1080P (Full HD).<\/p>\n<p>Et vous pouvez vous immerger dans la transmission audio sans faille, d\u00e9livrant un son num\u00e9rique non compress\u00e9 7.1, 5.1 ou 2 canaux pour une exp\u00e9rience audio am\u00e9lior\u00e9e.<\/p>\n<p>Fabriqu\u00e9 avec des mat\u00e9riaux et une construction de haute qualit\u00e9, les conducteurs enti\u00e8rement blind\u00e9s de notre adaptateur mini DP vers DP femelle offrent une immunit\u00e9 totale aux interf\u00e9rences EMI\/RFI. En m\u00eame temps, les connecteurs plaqu\u00e9s or 24K garantissent un transfert de signal sup\u00e9rieur.<\/p>\n<p>Ses caract\u00e9ristiques :<\/p>\n<ul>\n<li>Conducteur du c\u00e2ble : Cuivre \u00e9tam\u00e9<\/li>\n<li>Isolation : PE SKIN\/HDPE mouss\u00e9<\/li>\n<li>Calibre des fils : 32AWG<\/li>\n<li>Triple blindage : paire torsad\u00e9e de feuilles d'aluminium, feuilles d'aluminium globales, tresse.<\/li>\n<li>Bo\u00eetier : Coque en ABS<\/li>\n<li>Jeu de puces : aucun<\/li>\n<li>Gaine : PVC<\/li>\n<li>Diam\u00e8tre ext\u00e9rieur : 4,8\u00b10,2 mm<\/li>\n<li>Conformit\u00e9 : RoHS, REACH, CE, UL<\/li>\n<\/ul>\n<p>De plus, vous avez l'assurance qu'il a \u00e9t\u00e9 rigoureusement test\u00e9 pour r\u00e9pondre aux normes de l'industrie.<\/p>\n<p>Enfin, gr\u00e2ce \u00e0 notre garantie de 5 ans, vous pouvez faire confiance \u00e0 la qualit\u00e9 et \u00e0 la fiabilit\u00e9 de cet adaptateur pour les ann\u00e9es \u00e0 venir. Contactez nous d\u00e8s aujourd'hui !<\/p>","protected":false},"excerpt":{"rendered":"<p>L'adaptateur mini DP vers DP femelle de FARSINCE offre une connectivit\u00e9 transparente, des r\u00e9solutions vid\u00e9o \u00e9poustouflantes et une transmission audio sans faille.<\/p>","protected":false},"featured_media":14885,"template":"","meta":{"_acf_changed":false,"_seopress_robots_primary_cat":"","_seopress_titles_title":"Best Mini DP to DP Female Adapter 4K 60hz - Farsince","_seopress_titles_desc":"","_seopress_robots_index":"","_seopress_analysis_target_kw":"Mini DP to DP Female","site-sidebar-layout":"default","site-content-layout":"default","ast-site-content-layout":"default","site-content-style":"default","site-sidebar-style":"default","ast-global-header-display":"","ast-banner-title-visibility":"","ast-main-header-display":"","ast-hfb-above-header-display":"","ast-hfb-below-header-display":"","ast-hfb-mobile-header-display":"","site-post-title":"","ast-breadcrumbs-content":"","ast-featured-img":"","footer-sml-layout":"","ast-disable-related-posts":"","theme-transparent-header-meta":"default","adv-header-id-meta":"","stick-header-meta":"","header-above-stick-meta":"","header-main-stick-meta":"","header-below-stick-meta":"","astra-migrate-meta-layouts":"set","ast-page-background-enabled":"default","ast-page-background-meta":{"desktop":{"background-color":"","background-image":"","background-repeat":"repeat","background-position":"center center","background-size":"auto","background-attachment":"scroll","background-type":"","background-media":"","overlay-type":"","overlay-color":"","overlay-opacity":"","overlay-gradient":""},"tablet":{"background-color":"","background-image":"","background-repeat":"repeat","background-position":"center center","background-size":"auto","background-attachment":"scroll","background-type":"","background-media":"","overlay-type":"","overlay-color":"","overlay-opacity":"","overlay-gradient":""},"mobile":{"background-color":"","background-image":"","background-repeat":"repeat","background-position":"center center","background-size":"auto","background-attachment":"scroll","background-type":"","background-media":"","overlay-type":"","overlay-color":"","overlay-opacity":"","overlay-gradient":""}},"ast-content-background-meta":{"desktop":{"background-color":"var(--ast-global-color-5)","background-image":"","background-repeat":"repeat","background-position":"center center","background-size":"auto","background-attachment":"scroll","background-type":"","background-media":"","overlay-type":"","overlay-color":"","overlay-opacity":"","overlay-gradient":""},"tablet":{"background-color":"var(--ast-global-color-5)","background-image":"","background-repeat":"repeat","background-position":"center center","background-size":"auto","background-attachment":"scroll","background-type":"","background-media":"","overlay-type":"","overlay-color":"","overlay-opacity":"","overlay-gradient":""},"mobile":{"background-color":"var(--ast-global-color-5)","background-image":"","background-repeat":"repeat","background-position":"center center","background-size":"auto","background-attachment":"scroll","background-type":"","background-media":"","overlay-type":"","overlay-color":"","overlay-opacity":"","overlay-gradient":""}},"iawp_total_views":15},"product_brand":[],"product_cat":[212],"product_tag":[],"class_list":{"0":"post-14860","1":"product","2":"type-product","3":"status-publish","4":"has-post-thumbnail","6":"product_cat-displayport","7":"desktop-align-left","8":"tablet-align-left","9":"mobile-align-left","11":"first","12":"instock","13":"shipping-taxable","14":"purchasable","15":"product-type-simple"},"acf":[],"_links":{"self":[{"href":"https:\/\/www.fjpremium.com\/fr\/wp-json\/wp\/v2\/product\/14860","targetHints":{"allow":["GET"]}}],"collection":[{"href":"https:\/\/www.fjpremium.com\/fr\/wp-json\/wp\/v2\/product"}],"about":[{"href":"https:\/\/www.fjpremium.com\/fr\/wp-json\/wp\/v2\/types\/product"}],"wp:featuredmedia":[{"embeddable":true,"href":"https:\/\/www.fjpremium.com\/fr\/wp-json\/wp\/v2\/media\/14885"}],"wp:attachment":[{"href":"https:\/\/www.fjpremium.com\/fr\/wp-json\/wp\/v2\/media?parent=14860"}],"wp:term":[{"taxonomy":"product_brand","embeddable":true,"href":"https:\/\/www.fjpremium.com\/fr\/wp-json\/wp\/v2\/product_brand?post=14860"},{"taxonomy":"product_cat","embeddable":true,"href":"https:\/\/www.fjpremium.com\/fr\/wp-json\/wp\/v2\/product_cat?post=14860"},{"taxonomy":"product_tag","embeddable":true,"href":"https:\/\/www.fjpremium.com\/fr\/wp-json\/wp\/v2\/product_tag?post=14860"}],"curies":[{"name":"wp","href":"https:\/\/api.w.org\/{rel}","templated":true}]}}