{"id":14858,"date":"2020-05-22T10:24:56","date_gmt":"2020-05-22T02:24:56","guid":{"rendered":"https:\/\/www.fjpremium.com\/?post_type=product&#038;p=14858"},"modified":"2023-07-17T15:07:50","modified_gmt":"2023-07-17T07:07:50","slug":"mini-displayport-to-hdmi-vga-dvi-3-in-1-adapter-converter","status":"publish","type":"product","link":"https:\/\/www.fjpremium.com\/fr\/product\/mini-displayport-to-hdmi-vga-dvi-3-in-1-adapter-converter\/","title":{"rendered":"Adaptateur Mini DP vers HDMI VGA DVI 3 en 1 (Thunderbolt 2) Convertisseur 4K 1080P"},"content":{"rendered":"<p>Con\u00e7u pour r\u00e9pondre \u00e0 vos besoins, notre adaptateur est la solution parfaite pour connecter la sortie vid\u00e9o d'un Chromebook ou d'un ordinateur portable \u00e9quip\u00e9 d'un mini DisplayPort \u00e0 un \u00e9cran HDMI, DVI ou VGA.<\/p>\n<p>La sortie HDMI prend en charge la r\u00e9solution \u00e9poustouflante 4K@30 (3840\u00d72160, Ultra HD), tandis que les sorties DVI et VGA offrent une r\u00e9solution 1080P (1920\u00d71080, Full HD). Quel que soit votre choix d'affichage, cet adaptateur garantit des images \u00e9clatantes et r\u00e9alistes qui capturent tous les d\u00e9tails.<\/p>\n<p>Fabriqu\u00e9 avec des mat\u00e9riaux et une construction de haute qualit\u00e9, cet adaptateur mini DP vers HDMI VGA DVI 3 en 1 garantit des performances fiables pendant toute une vie.<\/p>\n<p>Ses conducteurs enti\u00e8rement blind\u00e9s offrent une immunit\u00e9 totale aux interf\u00e9rences EMI\/RFI, tandis que les connecteurs plaqu\u00e9s or 24K garantissent un transfert de signal sup\u00e9rieur.<\/p>\n<p>Ses caract\u00e9ristiques :<\/p>\n<ul>\n<li>Connecteur 1 : Mini DisplayPort m\u00e2le<\/li>\n<li>Connecteur 2 : HDMI femelle<\/li>\n<li>Connecteur 3 : VGA HD15 femelle<\/li>\n<li>Connecteur 4 : DVI-I Dual Link (24+5) femelle<\/li>\n<li>Conducteur du c\u00e2ble : Cuivre \u00e9tam\u00e9<\/li>\n<li>Isolation : PE SKIN\/HDPE mouss\u00e9<\/li>\n<li>Calibre des fils : 32AWG<\/li>\n<li>Triple blindage : paire torsad\u00e9e de feuilles d'aluminium, feuilles d'aluminium globales, tresse.<\/li>\n<li>Bo\u00eetier : Coque en ABS<\/li>\n<li>Chipset : PS8339+ANX9833+PS8222B<\/li>\n<li>Gaine : PVC<\/li>\n<li>Diam\u00e8tre ext\u00e9rieur : 4,8\u00b10,2 mm<\/li>\n<li>Conformit\u00e9 : RoHS, REACH, CE, UL<\/li>\n<\/ul>\n<p>De plus, gr\u00e2ce \u00e0 notre garantie de 5 ans, vous pouvez vous fier \u00e0 sa durabilit\u00e9 et \u00e0 sa fiabilit\u00e9. En r\u00e9sum\u00e9, contactez-nous d\u00e8s aujourd'hui et commandez notre adaptateur mini DP vers HDMI VGA DVI 3 en 1.<\/p>","protected":false},"excerpt":{"rendered":"<p>D\u00e9couvrez la puissance de la polyvalence avec l'adaptateur FARSINCE mini DP vers HDMI VGA DVI 3 en 1, fabriqu\u00e9 avec des mat\u00e9riaux de haute qualit\u00e9 et des conducteurs enti\u00e8rement blind\u00e9s.<\/p>","protected":false},"featured_media":14897,"template":"","meta":{"_acf_changed":false,"_seopress_robots_primary_cat":"","_seopress_titles_title":"","_seopress_titles_desc":"","_seopress_robots_index":"","site-sidebar-layout":"default","site-content-layout":"default","ast-site-content-layout":"default","site-content-style":"default","site-sidebar-style":"default","ast-global-header-display":"","ast-banner-title-visibility":"","ast-main-header-display":"","ast-hfb-above-header-display":"","ast-hfb-below-header-display":"","ast-hfb-mobile-header-display":"","site-post-title":"","ast-breadcrumbs-content":"","ast-featured-img":"","footer-sml-layout":"","ast-disable-related-posts":"","theme-transparent-header-meta":"default","adv-header-id-meta":"","stick-header-meta":"","header-above-stick-meta":"","header-main-stick-meta":"","header-below-stick-meta":"","astra-migrate-meta-layouts":"default","ast-page-background-enabled":"default","ast-page-background-meta":{"desktop":{"background-color":"","background-image":"","background-repeat":"repeat","background-position":"center center","background-size":"auto","background-attachment":"scroll","background-type":"","background-media":"","overlay-type":"","overlay-color":"","overlay-opacity":"","overlay-gradient":""},"tablet":{"background-color":"","background-image":"","background-repeat":"repeat","background-position":"center center","background-size":"auto","background-attachment":"scroll","background-type":"","background-media":"","overlay-type":"","overlay-color":"","overlay-opacity":"","overlay-gradient":""},"mobile":{"background-color":"","background-image":"","background-repeat":"repeat","background-position":"center center","background-size":"auto","background-attachment":"scroll","background-type":"","background-media":"","overlay-type":"","overlay-color":"","overlay-opacity":"","overlay-gradient":""}},"ast-content-background-meta":{"desktop":{"background-color":"var(--ast-global-color-5)","background-image":"","background-repeat":"repeat","background-position":"center center","background-size":"auto","background-attachment":"scroll","background-type":"","background-media":"","overlay-type":"","overlay-color":"","overlay-opacity":"","overlay-gradient":""},"tablet":{"background-color":"var(--ast-global-color-5)","background-image":"","background-repeat":"repeat","background-position":"center center","background-size":"auto","background-attachment":"scroll","background-type":"","background-media":"","overlay-type":"","overlay-color":"","overlay-opacity":"","overlay-gradient":""},"mobile":{"background-color":"var(--ast-global-color-5)","background-image":"","background-repeat":"repeat","background-position":"center center","background-size":"auto","background-attachment":"scroll","background-type":"","background-media":"","overlay-type":"","overlay-color":"","overlay-opacity":"","overlay-gradient":""}},"iawp_total_views":9},"product_brand":[],"product_cat":[212],"product_tag":[],"class_list":{"0":"post-14858","1":"product","2":"type-product","3":"status-publish","4":"has-post-thumbnail","6":"product_cat-displayport","7":"desktop-align-left","8":"tablet-align-left","9":"mobile-align-left","11":"first","12":"instock","13":"shipping-taxable","14":"purchasable","15":"product-type-simple"},"acf":[],"_links":{"self":[{"href":"https:\/\/www.fjpremium.com\/fr\/wp-json\/wp\/v2\/product\/14858","targetHints":{"allow":["GET"]}}],"collection":[{"href":"https:\/\/www.fjpremium.com\/fr\/wp-json\/wp\/v2\/product"}],"about":[{"href":"https:\/\/www.fjpremium.com\/fr\/wp-json\/wp\/v2\/types\/product"}],"wp:featuredmedia":[{"embeddable":true,"href":"https:\/\/www.fjpremium.com\/fr\/wp-json\/wp\/v2\/media\/14897"}],"wp:attachment":[{"href":"https:\/\/www.fjpremium.com\/fr\/wp-json\/wp\/v2\/media?parent=14858"}],"wp:term":[{"taxonomy":"product_brand","embeddable":true,"href":"https:\/\/www.fjpremium.com\/fr\/wp-json\/wp\/v2\/product_brand?post=14858"},{"taxonomy":"product_cat","embeddable":true,"href":"https:\/\/www.fjpremium.com\/fr\/wp-json\/wp\/v2\/product_cat?post=14858"},{"taxonomy":"product_tag","embeddable":true,"href":"https:\/\/www.fjpremium.com\/fr\/wp-json\/wp\/v2\/product_tag?post=14858"}],"curies":[{"name":"wp","href":"https:\/\/api.w.org\/{rel}","templated":true}]}}