{"id":14821,"date":"2020-05-22T10:12:06","date_gmt":"2020-05-22T02:12:06","guid":{"rendered":"https:\/\/www.fjpremium.com\/?post_type=product&#038;p=14821"},"modified":"2023-10-11T09:35:30","modified_gmt":"2023-10-11T01:35:30","slug":"mini-displayport-to-vga-hd15-adapter-cable-full-hd1080p-resolution-ready","status":"publish","type":"product","link":"https:\/\/www.fjpremium.com\/fr\/product\/mini-displayport-to-vga-hd15-adapter-cable-full-hd1080p-resolution-ready\/","title":{"rendered":"C\u00e2ble de conversion Mini DisplayPort 1.2 (Thunderbolt 2) vers VGA C\u00e2ble adaptateur Mini DP vers VGA 1.8m 1080p"},"content":{"rendered":"<p>Con\u00e7u pour connecter un p\u00e9riph\u00e9rique mini DisplayPort (Thunderbolt 2) \u00e0 tout p\u00e9riph\u00e9rique d'entr\u00e9e VGA tel qu'un t\u00e9l\u00e9viseur HD, un moniteur ou un projecteur, le c\u00e2ble de conversion garantit une exp\u00e9rience visuelle immersive.<\/p>\n<p>Il prend en charge les r\u00e9solutions vid\u00e9o jusqu'\u00e0 1080P, facilitant un affichage clair comme du cristal tout en offrant une transmission audio sans faille pour les canaux num\u00e9riques 7.1, 5.1 ou 2.<\/p>\n<p>Fabriqu\u00e9 \u00e0 partir de mat\u00e9riaux de haute qualit\u00e9, il offre \u00e9galement une immunit\u00e9 totale aux interf\u00e9rences EMI\/RFI et des connecteurs plaqu\u00e9s or 24K pour un meilleur transfert des signaux.<\/p>\n<p>Ses caract\u00e9ristiques :<\/p>\n<ul>\n<li>Conducteur du c\u00e2ble : Cuivre \u00e9tam\u00e9<\/li>\n<li>Isolation : PE SKIN\/HDPE mouss\u00e9<\/li>\n<li>Calibre des fils : 32AWG<\/li>\n<li>Triple blindage : paire torsad\u00e9e de feuilles d'aluminium, feuilles d'aluminium globales, tresse.<\/li>\n<li>Bo\u00eetier : Coque en ABS<\/li>\n<li>Chipset : ANX9833<\/li>\n<li>Gaine : PVC<\/li>\n<li>Diam\u00e8tre ext\u00e9rieur : 4,8\u00b10,2 mm<\/li>\n<li>Conformit\u00e9 : RoHS, REACH, CE, UL<\/li>\n<\/ul>\n<p>De plus, avec une garantie de 2 ans, notre c\u00e2ble adaptateur mini DP vers VGA garantit des performances fiables pendant toute la dur\u00e9e de vie de l'appareil. N'h\u00e9sitez donc pas \u00e0 nous contacter d\u00e8s aujourd'hui pour le commander.<\/p>","protected":false},"excerpt":{"rendered":"<p>D\u00e9couvrez le c\u00e2ble adaptateur mini DP vers VGA de FARSINCE, qui prend en charge la r\u00e9solution 1080P pour une clart\u00e9 visuelle sup\u00e9rieure, et qui est assorti d'une garantie de 2 ans pour une utilisation fiable.<\/p>","protected":false},"featured_media":14839,"template":"","meta":{"_acf_changed":false,"_seopress_robots_primary_cat":"","_seopress_titles_title":"Mini DP to VGA Adapter Cable 1.8m 1080p %%sep%% %%sitetitle%%","_seopress_titles_desc":"","_seopress_robots_index":"","site-sidebar-layout":"default","site-content-layout":"default","ast-site-content-layout":"default","site-content-style":"default","site-sidebar-style":"default","ast-global-header-display":"","ast-banner-title-visibility":"","ast-main-header-display":"","ast-hfb-above-header-display":"","ast-hfb-below-header-display":"","ast-hfb-mobile-header-display":"","site-post-title":"","ast-breadcrumbs-content":"","ast-featured-img":"","footer-sml-layout":"","ast-disable-related-posts":"","theme-transparent-header-meta":"default","adv-header-id-meta":"","stick-header-meta":"","header-above-stick-meta":"","header-main-stick-meta":"","header-below-stick-meta":"","astra-migrate-meta-layouts":"set","ast-page-background-enabled":"default","ast-page-background-meta":{"desktop":{"background-color":"","background-image":"","background-repeat":"repeat","background-position":"center center","background-size":"auto","background-attachment":"scroll","background-type":"","background-media":"","overlay-type":"","overlay-color":"","overlay-opacity":"","overlay-gradient":""},"tablet":{"background-color":"","background-image":"","background-repeat":"repeat","background-position":"center center","background-size":"auto","background-attachment":"scroll","background-type":"","background-media":"","overlay-type":"","overlay-color":"","overlay-opacity":"","overlay-gradient":""},"mobile":{"background-color":"","background-image":"","background-repeat":"repeat","background-position":"center center","background-size":"auto","background-attachment":"scroll","background-type":"","background-media":"","overlay-type":"","overlay-color":"","overlay-opacity":"","overlay-gradient":""}},"ast-content-background-meta":{"desktop":{"background-color":"var(--ast-global-color-5)","background-image":"","background-repeat":"repeat","background-position":"center center","background-size":"auto","background-attachment":"scroll","background-type":"","background-media":"","overlay-type":"","overlay-color":"","overlay-opacity":"","overlay-gradient":""},"tablet":{"background-color":"var(--ast-global-color-5)","background-image":"","background-repeat":"repeat","background-position":"center center","background-size":"auto","background-attachment":"scroll","background-type":"","background-media":"","overlay-type":"","overlay-color":"","overlay-opacity":"","overlay-gradient":""},"mobile":{"background-color":"var(--ast-global-color-5)","background-image":"","background-repeat":"repeat","background-position":"center center","background-size":"auto","background-attachment":"scroll","background-type":"","background-media":"","overlay-type":"","overlay-color":"","overlay-opacity":"","overlay-gradient":""}},"iawp_total_views":5},"product_brand":[],"product_cat":[212],"product_tag":[],"class_list":{"0":"post-14821","1":"product","2":"type-product","3":"status-publish","4":"has-post-thumbnail","6":"product_cat-displayport","7":"desktop-align-left","8":"tablet-align-left","9":"mobile-align-left","11":"first","12":"instock","13":"shipping-taxable","14":"purchasable","15":"product-type-simple"},"acf":[],"_links":{"self":[{"href":"https:\/\/www.fjpremium.com\/fr\/wp-json\/wp\/v2\/product\/14821","targetHints":{"allow":["GET"]}}],"collection":[{"href":"https:\/\/www.fjpremium.com\/fr\/wp-json\/wp\/v2\/product"}],"about":[{"href":"https:\/\/www.fjpremium.com\/fr\/wp-json\/wp\/v2\/types\/product"}],"wp:featuredmedia":[{"embeddable":true,"href":"https:\/\/www.fjpremium.com\/fr\/wp-json\/wp\/v2\/media\/14839"}],"wp:attachment":[{"href":"https:\/\/www.fjpremium.com\/fr\/wp-json\/wp\/v2\/media?parent=14821"}],"wp:term":[{"taxonomy":"product_brand","embeddable":true,"href":"https:\/\/www.fjpremium.com\/fr\/wp-json\/wp\/v2\/product_brand?post=14821"},{"taxonomy":"product_cat","embeddable":true,"href":"https:\/\/www.fjpremium.com\/fr\/wp-json\/wp\/v2\/product_cat?post=14821"},{"taxonomy":"product_tag","embeddable":true,"href":"https:\/\/www.fjpremium.com\/fr\/wp-json\/wp\/v2\/product_tag?post=14821"}],"curies":[{"name":"wp","href":"https:\/\/api.w.org\/{rel}","templated":true}]}}