{"id":14819,"date":"2020-05-22T10:11:55","date_gmt":"2020-05-22T02:11:55","guid":{"rendered":"https:\/\/www.fjpremium.com\/?post_type=product&#038;p=14819"},"modified":"2023-07-17T13:46:43","modified_gmt":"2023-07-17T05:46:43","slug":"mini-displayport-thunderbolt-2-compatible-to-hdmi-mini-dp-to-hdmi-adapter-cable","status":"publish","type":"product","link":"https:\/\/www.fjpremium.com\/fr\/product\/mini-displayport-thunderbolt-2-compatible-to-hdmi-mini-dp-to-hdmi-adapter-cable\/","title":{"rendered":"Adaptateur HDMI Mini Thunderbolt 2 de 1,8 m Adaptateur HDMI Out vers DisplayPort in Jusqu'\u00e0 4K 60hz"},"content":{"rendered":"<p>Con\u00e7u pour connecter un appareil \u00e9quip\u00e9 d'un mini DisplayPort ou d'un Thunderbolt 2 \u00e0 un t\u00e9l\u00e9viseur HD, un moniteur, un projecteur ou tout autre p\u00e9riph\u00e9rique d'entr\u00e9e HDMI, notre adaptateur polyvalent permet une diffusion vid\u00e9o vibrante ou des exp\u00e9riences de jeu immersives.<\/p>\n<p>Vous profiterez de r\u00e9solutions vid\u00e9o ultra-haute d\u00e9finition jusqu'\u00e0 4Kx2K et d'une transmission audio num\u00e9rique sans faille pour 7.1, 5.1 ou 2 canaux.<\/p>\n<p>Con\u00e7u avec des conducteurs enti\u00e8rement blind\u00e9s pour une immunit\u00e9 totale aux interf\u00e9rences EMI\/RFI et des connecteurs plaqu\u00e9s or 24K pour un transfert de signal sup\u00e9rieur, ce mini adaptateur HDMI Thunderbolt 2 haute performance garantit une fonctionnalit\u00e9 durable.<\/p>\n<p>Ses caract\u00e9ristiques :<\/p>\n<ul>\n<li>Contact plaqu\u00e9 or ; coque plaqu\u00e9e or<\/li>\n<li>Conducteur du c\u00e2ble : Cuivre \u00e9tam\u00e9<\/li>\n<li>Isolation : PE SKIN\/HDPE mouss\u00e9<\/li>\n<li>Calibre des fils : 32AWG<\/li>\n<li>Triple blindage : paire torsad\u00e9e de feuilles d'aluminium, feuilles d'aluminium globales, tresse.<\/li>\n<li>Bo\u00eetier : Coque en ABS<\/li>\n<li>Chipset : PS8121E<\/li>\n<li>Gaine : PVC<\/li>\n<li>Diam\u00e8tre ext\u00e9rieur : 4,8\u00b10,2 mm<\/li>\n<li>Conformit\u00e9 : RoHS, REACH, CE, UL<\/li>\n<\/ul>\n<p>De plus, il est accompagn\u00e9 de la garantie de 2 ans de FARSINCE. Dans l'ensemble, contactez-nous d\u00e8s aujourd'hui pour l'ajouter \u00e0 votre inventaire.<\/p>","protected":false},"excerpt":{"rendered":"<p>Lib\u00e9rez tout le potentiel de votre home cin\u00e9ma ou de votre syst\u00e8me audiovisuel de bureau gr\u00e2ce \u00e0 l'adaptateur HDMI mini Thunderbolt 2 de haute qualit\u00e9 de FARSINCE.<\/p>","protected":false},"featured_media":14823,"template":"","meta":{"_acf_changed":false,"_seopress_robots_primary_cat":"","_seopress_titles_title":"","_seopress_titles_desc":"","_seopress_robots_index":"","site-sidebar-layout":"default","site-content-layout":"default","ast-site-content-layout":"default","site-content-style":"default","site-sidebar-style":"default","ast-global-header-display":"","ast-banner-title-visibility":"","ast-main-header-display":"","ast-hfb-above-header-display":"","ast-hfb-below-header-display":"","ast-hfb-mobile-header-display":"","site-post-title":"","ast-breadcrumbs-content":"","ast-featured-img":"","footer-sml-layout":"","ast-disable-related-posts":"","theme-transparent-header-meta":"default","adv-header-id-meta":"","stick-header-meta":"","header-above-stick-meta":"","header-main-stick-meta":"","header-below-stick-meta":"","astra-migrate-meta-layouts":"default","ast-page-background-enabled":"default","ast-page-background-meta":{"desktop":{"background-color":"","background-image":"","background-repeat":"repeat","background-position":"center center","background-size":"auto","background-attachment":"scroll","background-type":"","background-media":"","overlay-type":"","overlay-color":"","overlay-opacity":"","overlay-gradient":""},"tablet":{"background-color":"","background-image":"","background-repeat":"repeat","background-position":"center center","background-size":"auto","background-attachment":"scroll","background-type":"","background-media":"","overlay-type":"","overlay-color":"","overlay-opacity":"","overlay-gradient":""},"mobile":{"background-color":"","background-image":"","background-repeat":"repeat","background-position":"center center","background-size":"auto","background-attachment":"scroll","background-type":"","background-media":"","overlay-type":"","overlay-color":"","overlay-opacity":"","overlay-gradient":""}},"ast-content-background-meta":{"desktop":{"background-color":"var(--ast-global-color-5)","background-image":"","background-repeat":"repeat","background-position":"center center","background-size":"auto","background-attachment":"scroll","background-type":"","background-media":"","overlay-type":"","overlay-color":"","overlay-opacity":"","overlay-gradient":""},"tablet":{"background-color":"var(--ast-global-color-5)","background-image":"","background-repeat":"repeat","background-position":"center center","background-size":"auto","background-attachment":"scroll","background-type":"","background-media":"","overlay-type":"","overlay-color":"","overlay-opacity":"","overlay-gradient":""},"mobile":{"background-color":"var(--ast-global-color-5)","background-image":"","background-repeat":"repeat","background-position":"center center","background-size":"auto","background-attachment":"scroll","background-type":"","background-media":"","overlay-type":"","overlay-color":"","overlay-opacity":"","overlay-gradient":""}},"iawp_total_views":53},"product_brand":[],"product_cat":[460,212],"product_tag":[],"class_list":{"0":"post-14819","1":"product","2":"type-product","3":"status-publish","4":"has-post-thumbnail","6":"product_cat-featured-products","7":"product_cat-displayport","8":"desktop-align-left","9":"tablet-align-left","10":"mobile-align-left","12":"first","13":"instock","14":"featured","15":"shipping-taxable","16":"purchasable","17":"product-type-simple"},"acf":[],"_links":{"self":[{"href":"https:\/\/www.fjpremium.com\/fr\/wp-json\/wp\/v2\/product\/14819","targetHints":{"allow":["GET"]}}],"collection":[{"href":"https:\/\/www.fjpremium.com\/fr\/wp-json\/wp\/v2\/product"}],"about":[{"href":"https:\/\/www.fjpremium.com\/fr\/wp-json\/wp\/v2\/types\/product"}],"wp:featuredmedia":[{"embeddable":true,"href":"https:\/\/www.fjpremium.com\/fr\/wp-json\/wp\/v2\/media\/14823"}],"wp:attachment":[{"href":"https:\/\/www.fjpremium.com\/fr\/wp-json\/wp\/v2\/media?parent=14819"}],"wp:term":[{"taxonomy":"product_brand","embeddable":true,"href":"https:\/\/www.fjpremium.com\/fr\/wp-json\/wp\/v2\/product_brand?post=14819"},{"taxonomy":"product_cat","embeddable":true,"href":"https:\/\/www.fjpremium.com\/fr\/wp-json\/wp\/v2\/product_cat?post=14819"},{"taxonomy":"product_tag","embeddable":true,"href":"https:\/\/www.fjpremium.com\/fr\/wp-json\/wp\/v2\/product_tag?post=14819"}],"curies":[{"name":"wp","href":"https:\/\/api.w.org\/{rel}","templated":true}]}}