{"id":14793,"date":"2020-05-22T09:55:31","date_gmt":"2020-05-22T01:55:31","guid":{"rendered":"https:\/\/www.fjpremium.com\/?post_type=product&#038;p=14793"},"modified":"2023-07-17T13:33:30","modified_gmt":"2023-07-17T05:33:30","slug":"displayport-to-hdmi-female-adapter-dp-to-hdmi-converter","status":"publish","type":"product","link":"https:\/\/www.fjpremium.com\/fr\/product\/displayport-to-hdmi-female-adapter-dp-to-hdmi-converter\/","title":{"rendered":"Adaptateur DisplayPort vers 4K HDMI 2.0 femelle Adaptateur HDMI Out vers DisplayPort in jusqu'\u00e0 4K 60hz"},"content":{"rendered":"<p>Cet adaptateur exceptionnel est id\u00e9al pour le streaming vid\u00e9o ou les jeux. Il vous permet de connecter un ordinateur \u00e9quip\u00e9 d'un DisplayPort \u00e0 n'importe quel appareil dot\u00e9 d'une entr\u00e9e HDMI, tel qu'un t\u00e9l\u00e9viseur HD, un moniteur, un projecteur, etc.<\/p>\n<p>Profitez de r\u00e9solutions vid\u00e9o \u00e9poustouflantes jusqu'\u00e0 4K*2K et d'une transmission audio transparente pour les canaux num\u00e9riques non compress\u00e9s 7.1, 5.1 ou 2.<\/p>\n<p>Fabriqu\u00e9 avec un bo\u00eetier ABS de haute qualit\u00e9 pour une durabilit\u00e9 accrue et une immunit\u00e9 totale aux interf\u00e9rences EMI\/RFI, notre adaptateur HDMI out vers DisplayPort in assure un transfert de signal sup\u00e9rieur.<\/p>\n<p>La puce IC int\u00e9gr\u00e9e garantit la compatibilit\u00e9, ce qui en fait un outil indispensable pour \u00e9tendre votre bureau ou cr\u00e9er des \u00e9crans miroirs.<\/p>\n<p>Ses caract\u00e9ristiques :<\/p>\n<ul>\n<li>Contact plaqu\u00e9 or ; coque plaqu\u00e9e or<\/li>\n<li>Conducteur du c\u00e2ble : Cuivre \u00e9tam\u00e9<\/li>\n<li>Isolation : PE SKIN\/HDPE mouss\u00e9<\/li>\n<li>Calibre des fils : 32AWG<\/li>\n<li>Triple blindage : paire torsad\u00e9e de feuilles d'aluminium, feuilles d'aluminium globales, tresse.<\/li>\n<li>Chipset : PS8121E<\/li>\n<li>Gaine : PVC<\/li>\n<li>Diam\u00e8tre ext\u00e9rieur : 4,8\u00b10,2 mm<\/li>\n<li>Conformit\u00e9 : RoHS, REACH, CE, UL<\/li>\n<\/ul>\n<p>De plus, il est couvert par la garantie de 2 ans de FARSINCE. En conclusion, commandez-le d\u00e8s aujourd'hui et am\u00e9liorez votre inventaire.<\/p>","protected":false},"excerpt":{"rendered":"<p>\u00c9levez votre projet audiovisuel avec l&#039;adaptateur de sortie HDMI vers DisplayPort de FARSINCE, prenant en charge une r\u00e9solution jusqu&#039;\u00e0 4K*2K et offrant un passage audio transparent.<\/p>","protected":false},"featured_media":14795,"template":"","meta":{"_acf_changed":false,"_seopress_robots_primary_cat":"","_seopress_titles_title":"","_seopress_titles_desc":"Elevate your audio-visual project with FARSINCE HDMI out to DisplayPort in adapter, supporting up to 4K*2K resolution and providing seamless audio pass-through. ","_seopress_robots_index":"","site-sidebar-layout":"default","site-content-layout":"default","ast-site-content-layout":"default","site-content-style":"default","site-sidebar-style":"default","ast-global-header-display":"","ast-banner-title-visibility":"","ast-main-header-display":"","ast-hfb-above-header-display":"","ast-hfb-below-header-display":"","ast-hfb-mobile-header-display":"","site-post-title":"","ast-breadcrumbs-content":"","ast-featured-img":"","footer-sml-layout":"","ast-disable-related-posts":"","theme-transparent-header-meta":"default","adv-header-id-meta":"","stick-header-meta":"","header-above-stick-meta":"","header-main-stick-meta":"","header-below-stick-meta":"","astra-migrate-meta-layouts":"default","ast-page-background-enabled":"default","ast-page-background-meta":{"desktop":{"background-color":"","background-image":"","background-repeat":"repeat","background-position":"center center","background-size":"auto","background-attachment":"scroll","background-type":"","background-media":"","overlay-type":"","overlay-color":"","overlay-opacity":"","overlay-gradient":""},"tablet":{"background-color":"","background-image":"","background-repeat":"repeat","background-position":"center center","background-size":"auto","background-attachment":"scroll","background-type":"","background-media":"","overlay-type":"","overlay-color":"","overlay-opacity":"","overlay-gradient":""},"mobile":{"background-color":"","background-image":"","background-repeat":"repeat","background-position":"center center","background-size":"auto","background-attachment":"scroll","background-type":"","background-media":"","overlay-type":"","overlay-color":"","overlay-opacity":"","overlay-gradient":""}},"ast-content-background-meta":{"desktop":{"background-color":"var(--ast-global-color-5)","background-image":"","background-repeat":"repeat","background-position":"center center","background-size":"auto","background-attachment":"scroll","background-type":"","background-media":"","overlay-type":"","overlay-color":"","overlay-opacity":"","overlay-gradient":""},"tablet":{"background-color":"var(--ast-global-color-5)","background-image":"","background-repeat":"repeat","background-position":"center center","background-size":"auto","background-attachment":"scroll","background-type":"","background-media":"","overlay-type":"","overlay-color":"","overlay-opacity":"","overlay-gradient":""},"mobile":{"background-color":"var(--ast-global-color-5)","background-image":"","background-repeat":"repeat","background-position":"center center","background-size":"auto","background-attachment":"scroll","background-type":"","background-media":"","overlay-type":"","overlay-color":"","overlay-opacity":"","overlay-gradient":""}},"iawp_total_views":5},"product_brand":[],"product_cat":[212],"product_tag":[],"class_list":{"0":"post-14793","1":"product","2":"type-product","3":"status-publish","4":"has-post-thumbnail","6":"product_cat-displayport","7":"desktop-align-left","8":"tablet-align-left","9":"mobile-align-left","11":"first","12":"instock","13":"shipping-taxable","14":"purchasable","15":"product-type-simple"},"acf":[],"_links":{"self":[{"href":"https:\/\/www.fjpremium.com\/fr\/wp-json\/wp\/v2\/product\/14793","targetHints":{"allow":["GET"]}}],"collection":[{"href":"https:\/\/www.fjpremium.com\/fr\/wp-json\/wp\/v2\/product"}],"about":[{"href":"https:\/\/www.fjpremium.com\/fr\/wp-json\/wp\/v2\/types\/product"}],"wp:featuredmedia":[{"embeddable":true,"href":"https:\/\/www.fjpremium.com\/fr\/wp-json\/wp\/v2\/media\/14795"}],"wp:attachment":[{"href":"https:\/\/www.fjpremium.com\/fr\/wp-json\/wp\/v2\/media?parent=14793"}],"wp:term":[{"taxonomy":"product_brand","embeddable":true,"href":"https:\/\/www.fjpremium.com\/fr\/wp-json\/wp\/v2\/product_brand?post=14793"},{"taxonomy":"product_cat","embeddable":true,"href":"https:\/\/www.fjpremium.com\/fr\/wp-json\/wp\/v2\/product_cat?post=14793"},{"taxonomy":"product_tag","embeddable":true,"href":"https:\/\/www.fjpremium.com\/fr\/wp-json\/wp\/v2\/product_tag?post=14793"}],"curies":[{"name":"wp","href":"https:\/\/api.w.org\/{rel}","templated":true}]}}