{"id":14792,"date":"2020-05-22T09:55:29","date_gmt":"2020-05-22T01:55:29","guid":{"rendered":"https:\/\/www.fjpremium.com\/?post_type=product&#038;p=14792"},"modified":"2023-10-11T09:37:00","modified_gmt":"2023-10-11T01:37:00","slug":"displayport-to-dvi-i-female-adapter-1080p-resolution-ready","status":"publish","type":"product","link":"https:\/\/www.fjpremium.com\/fr\/product\/displayport-to-dvi-i-female-adapter-1080p-resolution-ready\/","title":{"rendered":"Adaptateur DisplayPort 1.4 vers DVI C\u00e2ble de conversion DP vers DVI 1080p"},"content":{"rendered":"<p>Con\u00e7u pour les applications de home cin\u00e9ma et de bureau, le c\u00e2ble adaptateur connecte en toute transparence votre ordinateur portable ou de bureau \u00e9quip\u00e9 de DisplayPort (DP, DP++, DisplayPort++) \u00e0 une large gamme d'appareils, y compris les t\u00e9l\u00e9viseurs HD, les moniteurs, les projecteurs, les \u00e9crans plats et les \u00e9crans num\u00e9riques \u00e0 tube cathodique avec entr\u00e9e DVI.<\/p>\n<p>Gr\u00e2ce \u00e0 la prise en charge de r\u00e9solutions vid\u00e9o allant jusqu'\u00e0 1080P (Full HD), vous pouvez vous immerger dans des images \u00e9poustouflantes qui donnent vie \u00e0 votre contenu.<\/p>\n<p>Mais ce n'est pas tout. Vous pouvez \u00e9galement profiter d'un transfert audio sans faille avec un son num\u00e9rique non compress\u00e9 7.1, 5.1 ou 2 canaux, ce qui vous permet d'atteindre de nouveaux sommets en mati\u00e8re d'exp\u00e9rience audio.<\/p>\n<p>Fabriqu\u00e9 avec des mat\u00e9riaux et une construction de la plus haute qualit\u00e9, notre c\u00e2ble adaptateur DisplayPort 1.4 vers DVI garantit des performances fiables tout au long de la vie.<\/p>\n<p>Ses conducteurs enti\u00e8rement blind\u00e9s offrent une immunit\u00e9 totale aux interf\u00e9rences EMI\/RFI, tandis que les connecteurs plaqu\u00e9s or 24K garantissent un transfert de signal sup\u00e9rieur.<\/p>\n<p>Ses caract\u00e9ristiques :<\/p>\n<ul>\n<li>Conducteur du c\u00e2ble : Cuivre \u00e9tam\u00e9<\/li>\n<li>Isolation : PE SKIN\/HDPE mouss\u00e9<\/li>\n<li>Calibre du fil : 30AWG<\/li>\n<li>Triple blindage : paire torsad\u00e9e de feuilles d'aluminium, feuilles d'aluminium globales, tresse.<\/li>\n<li>Bo\u00eetier : Coque en ABS<\/li>\n<li>Chipset : PS8121E<\/li>\n<li>Gaine : PVC<\/li>\n<li>Diam\u00e8tre ext\u00e9rieur : 6,0\u00b10,2mm<\/li>\n<li>Conformit\u00e9 : RoHS, REACH, CE, UL<\/li>\n<\/ul>\n<p>De plus, gr\u00e2ce \u00e0 notre garantie de 2 ans, vous pouvez acheter en toute confiance, sachant que nous nous portons garants de sa qualit\u00e9.<\/p>\n<p>En r\u00e9sum\u00e9, faites confiance \u00e0 notre c\u00e2ble adaptateur DisplayPort 1.4 vers DVI, test\u00e9 et conforme aux normes industrielles. N'h\u00e9sitez pas \u00e0 nous contacter d\u00e8s aujourd'hui !<\/p>","protected":false},"excerpt":{"rendered":"<p>Lib\u00e9rez tout le potentiel de votre configuration audio-vid\u00e9o avec l&#039;adaptateur Farsince DisplayPort 1.4 vers DVI, offrant une immunit\u00e9 totale aux interf\u00e9rences et un transfert de signal sup\u00e9rieur.<\/p>","protected":false},"featured_media":14803,"template":"","meta":{"_acf_changed":false,"_seopress_robots_primary_cat":"","_seopress_titles_title":"Best DisplayPort 1.4 to DVI Adapter %%sep%% %%sitetitle%%","_seopress_titles_desc":"Unlock the full potential of the audio-video setup with DisplayPort 1.4 to DVI adapter, boasting complete immunity to interference and superior signal transfer.","_seopress_robots_index":"","site-sidebar-layout":"default","site-content-layout":"default","ast-site-content-layout":"default","site-content-style":"default","site-sidebar-style":"default","ast-global-header-display":"","ast-banner-title-visibility":"","ast-main-header-display":"","ast-hfb-above-header-display":"","ast-hfb-below-header-display":"","ast-hfb-mobile-header-display":"","site-post-title":"","ast-breadcrumbs-content":"","ast-featured-img":"","footer-sml-layout":"","ast-disable-related-posts":"","theme-transparent-header-meta":"default","adv-header-id-meta":"","stick-header-meta":"","header-above-stick-meta":"","header-main-stick-meta":"","header-below-stick-meta":"","astra-migrate-meta-layouts":"set","ast-page-background-enabled":"default","ast-page-background-meta":{"desktop":{"background-color":"","background-image":"","background-repeat":"repeat","background-position":"center center","background-size":"auto","background-attachment":"scroll","background-type":"","background-media":"","overlay-type":"","overlay-color":"","overlay-opacity":"","overlay-gradient":""},"tablet":{"background-color":"","background-image":"","background-repeat":"repeat","background-position":"center center","background-size":"auto","background-attachment":"scroll","background-type":"","background-media":"","overlay-type":"","overlay-color":"","overlay-opacity":"","overlay-gradient":""},"mobile":{"background-color":"","background-image":"","background-repeat":"repeat","background-position":"center center","background-size":"auto","background-attachment":"scroll","background-type":"","background-media":"","overlay-type":"","overlay-color":"","overlay-opacity":"","overlay-gradient":""}},"ast-content-background-meta":{"desktop":{"background-color":"var(--ast-global-color-5)","background-image":"","background-repeat":"repeat","background-position":"center center","background-size":"auto","background-attachment":"scroll","background-type":"","background-media":"","overlay-type":"","overlay-color":"","overlay-opacity":"","overlay-gradient":""},"tablet":{"background-color":"var(--ast-global-color-5)","background-image":"","background-repeat":"repeat","background-position":"center center","background-size":"auto","background-attachment":"scroll","background-type":"","background-media":"","overlay-type":"","overlay-color":"","overlay-opacity":"","overlay-gradient":""},"mobile":{"background-color":"var(--ast-global-color-5)","background-image":"","background-repeat":"repeat","background-position":"center center","background-size":"auto","background-attachment":"scroll","background-type":"","background-media":"","overlay-type":"","overlay-color":"","overlay-opacity":"","overlay-gradient":""}},"iawp_total_views":15},"product_brand":[],"product_cat":[212],"product_tag":[],"class_list":{"0":"post-14792","1":"product","2":"type-product","3":"status-publish","4":"has-post-thumbnail","6":"product_cat-displayport","7":"desktop-align-left","8":"tablet-align-left","9":"mobile-align-left","11":"first","12":"instock","13":"shipping-taxable","14":"purchasable","15":"product-type-simple"},"acf":[],"_links":{"self":[{"href":"https:\/\/www.fjpremium.com\/fr\/wp-json\/wp\/v2\/product\/14792","targetHints":{"allow":["GET"]}}],"collection":[{"href":"https:\/\/www.fjpremium.com\/fr\/wp-json\/wp\/v2\/product"}],"about":[{"href":"https:\/\/www.fjpremium.com\/fr\/wp-json\/wp\/v2\/types\/product"}],"wp:featuredmedia":[{"embeddable":true,"href":"https:\/\/www.fjpremium.com\/fr\/wp-json\/wp\/v2\/media\/14803"}],"wp:attachment":[{"href":"https:\/\/www.fjpremium.com\/fr\/wp-json\/wp\/v2\/media?parent=14792"}],"wp:term":[{"taxonomy":"product_brand","embeddable":true,"href":"https:\/\/www.fjpremium.com\/fr\/wp-json\/wp\/v2\/product_brand?post=14792"},{"taxonomy":"product_cat","embeddable":true,"href":"https:\/\/www.fjpremium.com\/fr\/wp-json\/wp\/v2\/product_cat?post=14792"},{"taxonomy":"product_tag","embeddable":true,"href":"https:\/\/www.fjpremium.com\/fr\/wp-json\/wp\/v2\/product_tag?post=14792"}],"curies":[{"name":"wp","href":"https:\/\/api.w.org\/{rel}","templated":true}]}}