{"id":14791,"date":"2020-05-22T09:55:28","date_gmt":"2020-05-22T01:55:28","guid":{"rendered":"https:\/\/www.fjpremium.com\/?post_type=product&#038;p=14791"},"modified":"2023-07-17T13:17:02","modified_gmt":"2023-07-17T05:17:02","slug":"displayport-to-vga-hd15-female-adapter-full-hd1080p-resolution-ready","status":"publish","type":"product","link":"https:\/\/www.fjpremium.com\/fr\/product\/displayport-to-vga-hd15-female-adapter-full-hd1080p-resolution-ready\/","title":{"rendered":"C\u00e2ble adaptateur DisplayPort 1.4 vers VGA Convertisseur DP 1.2 vers VGA 1080p"},"content":{"rendered":"<p>Con\u00e7u pour am\u00e9liorer votre exp\u00e9rience visuelle, ce c\u00e2ble connecte sans effort votre ordinateur portable ou de bureau \u00e9quip\u00e9 d'un port DisplayPort \u00e0 divers appareils, notamment des t\u00e9l\u00e9viseurs HD, des moniteurs, des projecteurs, des \u00e9crans plats et des \u00e9crans num\u00e9riques \u00e0 tube cathodique.<\/p>\n<p>Vous pouvez vous immerger dans des images \u00e9poustouflantes gr\u00e2ce \u00e0 la prise en charge de r\u00e9solutions vid\u00e9o allant jusqu'\u00e0 1080P (Full HD), pour que chaque d\u00e9tail prenne vie sur votre \u00e9cran.<\/p>\n<p>Mais ce n'est pas tout. Le c\u00e2ble adaptateur DisplayPort 1.4 vers VGA offre \u00e9galement un passage audio sans faille, fournissant un son num\u00e9rique non compress\u00e9 7.1, 5.1 ou 2 canaux pour une exp\u00e9rience audio vraiment immersive.<\/p>\n<p>Fabriqu\u00e9 avec des mat\u00e9riaux et une construction de haute qualit\u00e9, il garantit des performances fiables pendant toute sa dur\u00e9e de vie. Ses conducteurs enti\u00e8rement blind\u00e9s offrent une immunit\u00e9 totale contre les interf\u00e9rences EMI\/RFI, garantissant une transmission du signal d'une clart\u00e9 cristalline.<\/p>\n<p>Et gr\u00e2ce aux connecteurs plaqu\u00e9s or 24K, vous pouvez vous attendre \u00e0 un transfert de signal de qualit\u00e9 sup\u00e9rieure, donnant vie \u00e0 vos contenus audio et vid\u00e9o comme jamais auparavant.<\/p>\n<p>Ses caract\u00e9ristiques :<\/p>\n<ul>\n<li>Conducteur du c\u00e2ble : Cuivre \u00e9tam\u00e9<\/li>\n<li>Isolation : PE SKIN\/HDPE mouss\u00e9<\/li>\n<li>Calibre des fils : 32AWG<\/li>\n<li>Triple blindage : paire torsad\u00e9e de feuilles d'aluminium, feuilles d'aluminium globales, tresse.<\/li>\n<li>Bo\u00eetier : Coque en ABS<\/li>\n<li>Chipset : ANX9833<\/li>\n<li>Gaine : PVC<\/li>\n<li>Diam\u00e8tre ext\u00e9rieur : 4,8\u00b10,2 mm<\/li>\n<li>Conformit\u00e9 : RoHS, REACH, CE, UL<\/li>\n<\/ul>\n<p>De plus, gr\u00e2ce \u00e0 notre garantie de 2 ans, vous pouvez acheter en toute confiance, sachant que nous nous portons garants de la qualit\u00e9 de nos produits.<\/p>\n<p>En r\u00e9sum\u00e9, contactez-nous d\u00e8s aujourd'hui et choisissez notre c\u00e2ble adaptateur DisplayPort 1.4 vers VGA.<\/p>","protected":false},"excerpt":{"rendered":"<p>Le c\u00e2ble adaptateur DisplayPort 1.4 vers VGA de FARSINCE est la solution ultime pour les besoins audio-vid\u00e9o du home cin\u00e9ma ou de l'ordinateur de bureau.<\/p>","protected":false},"featured_media":14811,"template":"","meta":{"_acf_changed":false,"_seopress_robots_primary_cat":"","_seopress_titles_title":"","_seopress_titles_desc":"","_seopress_robots_index":"","site-sidebar-layout":"default","site-content-layout":"default","ast-site-content-layout":"default","site-content-style":"default","site-sidebar-style":"default","ast-global-header-display":"","ast-banner-title-visibility":"","ast-main-header-display":"","ast-hfb-above-header-display":"","ast-hfb-below-header-display":"","ast-hfb-mobile-header-display":"","site-post-title":"","ast-breadcrumbs-content":"","ast-featured-img":"","footer-sml-layout":"","ast-disable-related-posts":"","theme-transparent-header-meta":"default","adv-header-id-meta":"","stick-header-meta":"","header-above-stick-meta":"","header-main-stick-meta":"","header-below-stick-meta":"","astra-migrate-meta-layouts":"default","ast-page-background-enabled":"default","ast-page-background-meta":{"desktop":{"background-color":"","background-image":"","background-repeat":"repeat","background-position":"center center","background-size":"auto","background-attachment":"scroll","background-type":"","background-media":"","overlay-type":"","overlay-color":"","overlay-opacity":"","overlay-gradient":""},"tablet":{"background-color":"","background-image":"","background-repeat":"repeat","background-position":"center center","background-size":"auto","background-attachment":"scroll","background-type":"","background-media":"","overlay-type":"","overlay-color":"","overlay-opacity":"","overlay-gradient":""},"mobile":{"background-color":"","background-image":"","background-repeat":"repeat","background-position":"center center","background-size":"auto","background-attachment":"scroll","background-type":"","background-media":"","overlay-type":"","overlay-color":"","overlay-opacity":"","overlay-gradient":""}},"ast-content-background-meta":{"desktop":{"background-color":"var(--ast-global-color-5)","background-image":"","background-repeat":"repeat","background-position":"center center","background-size":"auto","background-attachment":"scroll","background-type":"","background-media":"","overlay-type":"","overlay-color":"","overlay-opacity":"","overlay-gradient":""},"tablet":{"background-color":"var(--ast-global-color-5)","background-image":"","background-repeat":"repeat","background-position":"center center","background-size":"auto","background-attachment":"scroll","background-type":"","background-media":"","overlay-type":"","overlay-color":"","overlay-opacity":"","overlay-gradient":""},"mobile":{"background-color":"var(--ast-global-color-5)","background-image":"","background-repeat":"repeat","background-position":"center center","background-size":"auto","background-attachment":"scroll","background-type":"","background-media":"","overlay-type":"","overlay-color":"","overlay-opacity":"","overlay-gradient":""}},"iawp_total_views":11},"product_brand":[],"product_cat":[460,212],"product_tag":[],"class_list":{"0":"post-14791","1":"product","2":"type-product","3":"status-publish","4":"has-post-thumbnail","6":"product_cat-featured-products","7":"product_cat-displayport","8":"desktop-align-left","9":"tablet-align-left","10":"mobile-align-left","12":"first","13":"instock","14":"shipping-taxable","15":"purchasable","16":"product-type-simple"},"acf":[],"_links":{"self":[{"href":"https:\/\/www.fjpremium.com\/fr\/wp-json\/wp\/v2\/product\/14791","targetHints":{"allow":["GET"]}}],"collection":[{"href":"https:\/\/www.fjpremium.com\/fr\/wp-json\/wp\/v2\/product"}],"about":[{"href":"https:\/\/www.fjpremium.com\/fr\/wp-json\/wp\/v2\/types\/product"}],"wp:featuredmedia":[{"embeddable":true,"href":"https:\/\/www.fjpremium.com\/fr\/wp-json\/wp\/v2\/media\/14811"}],"wp:attachment":[{"href":"https:\/\/www.fjpremium.com\/fr\/wp-json\/wp\/v2\/media?parent=14791"}],"wp:term":[{"taxonomy":"product_brand","embeddable":true,"href":"https:\/\/www.fjpremium.com\/fr\/wp-json\/wp\/v2\/product_brand?post=14791"},{"taxonomy":"product_cat","embeddable":true,"href":"https:\/\/www.fjpremium.com\/fr\/wp-json\/wp\/v2\/product_cat?post=14791"},{"taxonomy":"product_tag","embeddable":true,"href":"https:\/\/www.fjpremium.com\/fr\/wp-json\/wp\/v2\/product_tag?post=14791"}],"curies":[{"name":"wp","href":"https:\/\/api.w.org\/{rel}","templated":true}]}}