{"id":14752,"date":"2020-05-22T09:21:08","date_gmt":"2020-05-22T01:21:08","guid":{"rendered":"https:\/\/www.fjpremium.com\/?post_type=product&#038;p=14752"},"modified":"2023-07-17T11:46:53","modified_gmt":"2023-07-17T03:46:53","slug":"8k-displayport-aoc-fiber-optic-cable","status":"publish","type":"product","link":"https:\/\/www.fjpremium.com\/fr\/product\/8k-displayport-aoc-fiber-optic-cable\/","title":{"rendered":"C\u00e2ble DisplayPort AOC actif 1,4v \u00e0 8K sur fibre optique pour les applications \u00e0 longue distance"},"content":{"rendered":"<p>La conception unique de notre c\u00e2ble DisplayPort AOC fusionne les entr\u00e9es \u00e9lectriques traditionnelles des c\u00e2bles en cuivre avec la fibre optique, ce qui permet d'\u00e9tendre les signaux DisplayPort sans perte ni latence, m\u00eame sur de longues distances.<\/p>\n<p>Sa structure hybride se compose de fibres optiques multimodes et de fils de cuivre, transmettant des signaux de contr\u00f4le \u00e0 haute et basse fr\u00e9quence.<\/p>\n<p>Ces c\u00e2bles optiques actifs offrent une distance impressionnante de 100 m, tout en maintenant une qualit\u00e9 de signal sup\u00e9rieure sans n\u00e9cessiter d'alimentation s\u00e9par\u00e9e.<\/p>\n<p>Ce c\u00e2ble DisplayPort 1.4 standard prend en charge jusqu'\u00e0 8K@60Hz UHD et 4K (3840\u00d72160) @144Hz, offrant une bande passante de 32,4 Gbps.<\/p>\n<p>Dot\u00e9 d'un haut degr\u00e9 de flexibilit\u00e9 et de r\u00e9sistance aux EMI et RFI, il est plus fin, plus l\u00e9ger et plus souple que les c\u00e2bles conventionnels.<\/p>\n<p>La capacit\u00e9 \"plug-and-play\" \u00e9limine le besoin de d\u00e9pendance \u00e0 l'\u00e9gard des pilotes. Veuillez \u00e9galement noter qu'il ne prend pas en charge Ethernet et ARC.<\/p>\n<p>Le c\u00e2ble DisplayPort d'AOC est parfait pour diverses applications, notamment les installations de home cin\u00e9ma, les r\u00e9unions vid\u00e9o haute d\u00e9finition, les syst\u00e8mes vid\u00e9o m\u00e9dicaux, les syst\u00e8mes de vid\u00e9osurveillance haute d\u00e9finition, l'affichage num\u00e9rique et les murs de t\u00e9l\u00e9vision.<\/p>\n<p>Ses caract\u00e9ristiques :<\/p>\n<ul>\n<li>Veste : TPE<\/li>\n<li>Diam\u00e8tre : 4,5-5,0 mm<\/li>\n<li>Conforme : RoHS, REACH<\/li>\n<li>Alimentation \u00e9lectrique : 5V (sans alimentation externe)<\/li>\n<li>Consommation \u00e9lectrique : Source : 85mW\/3.3v, Affichage : 290mW\/3.3v<\/li>\n<li>Force de traction : 100N\/200N<\/li>\n<li>R\u00e9sistance \u00e0 l'\u00e9crasement : 200N\/400N<\/li>\n<li>Rayon de courbure minimal : 20 mm\/10 mm<\/li>\n<li>Temp\u00e9rature de travail\/stockage : 0~50\u00b0C\/-20~70\u00b0C<\/li>\n<\/ul>\n<p>De plus, construit avec une coque en aluminium et des connecteurs plaqu\u00e9s or, il est dot\u00e9 d'un c\u00e2ble en fibre optique et d'un triple blindage pour des performances optimales. En bref, contactez-nous d\u00e8s aujourd'hui et commandez-la.<\/p>","protected":false},"excerpt":{"rendered":"<p>Am\u00e9liorez votre configuration audiovisuelle avec le c\u00e2ble DisplayPort AOC, un m\u00e9lange parfait de technologie cuivre et fibre optique, prenant en charge jusqu'\u00e0 8K@60Hz UHD et 4K@144Hz.<\/p>","protected":false},"featured_media":14783,"template":"","meta":{"_acf_changed":false,"_seopress_robots_primary_cat":"","_seopress_titles_title":"","_seopress_titles_desc":"","_seopress_robots_index":"","site-sidebar-layout":"default","site-content-layout":"default","ast-site-content-layout":"default","site-content-style":"default","site-sidebar-style":"default","ast-global-header-display":"","ast-banner-title-visibility":"","ast-main-header-display":"","ast-hfb-above-header-display":"","ast-hfb-below-header-display":"","ast-hfb-mobile-header-display":"","site-post-title":"","ast-breadcrumbs-content":"","ast-featured-img":"","footer-sml-layout":"","ast-disable-related-posts":"","theme-transparent-header-meta":"default","adv-header-id-meta":"","stick-header-meta":"","header-above-stick-meta":"","header-main-stick-meta":"","header-below-stick-meta":"","astra-migrate-meta-layouts":"default","ast-page-background-enabled":"default","ast-page-background-meta":{"desktop":{"background-color":"","background-image":"","background-repeat":"repeat","background-position":"center center","background-size":"auto","background-attachment":"scroll","background-type":"","background-media":"","overlay-type":"","overlay-color":"","overlay-opacity":"","overlay-gradient":""},"tablet":{"background-color":"","background-image":"","background-repeat":"repeat","background-position":"center center","background-size":"auto","background-attachment":"scroll","background-type":"","background-media":"","overlay-type":"","overlay-color":"","overlay-opacity":"","overlay-gradient":""},"mobile":{"background-color":"","background-image":"","background-repeat":"repeat","background-position":"center center","background-size":"auto","background-attachment":"scroll","background-type":"","background-media":"","overlay-type":"","overlay-color":"","overlay-opacity":"","overlay-gradient":""}},"ast-content-background-meta":{"desktop":{"background-color":"var(--ast-global-color-5)","background-image":"","background-repeat":"repeat","background-position":"center center","background-size":"auto","background-attachment":"scroll","background-type":"","background-media":"","overlay-type":"","overlay-color":"","overlay-opacity":"","overlay-gradient":""},"tablet":{"background-color":"var(--ast-global-color-5)","background-image":"","background-repeat":"repeat","background-position":"center center","background-size":"auto","background-attachment":"scroll","background-type":"","background-media":"","overlay-type":"","overlay-color":"","overlay-opacity":"","overlay-gradient":""},"mobile":{"background-color":"var(--ast-global-color-5)","background-image":"","background-repeat":"repeat","background-position":"center center","background-size":"auto","background-attachment":"scroll","background-type":"","background-media":"","overlay-type":"","overlay-color":"","overlay-opacity":"","overlay-gradient":""}},"iawp_total_views":22},"product_brand":[],"product_cat":[212],"product_tag":[],"class_list":{"0":"post-14752","1":"product","2":"type-product","3":"status-publish","4":"has-post-thumbnail","6":"product_cat-displayport","7":"desktop-align-left","8":"tablet-align-left","9":"mobile-align-left","11":"first","12":"instock","13":"featured","14":"shipping-taxable","15":"purchasable","16":"product-type-simple"},"acf":[],"_links":{"self":[{"href":"https:\/\/www.fjpremium.com\/fr\/wp-json\/wp\/v2\/product\/14752","targetHints":{"allow":["GET"]}}],"collection":[{"href":"https:\/\/www.fjpremium.com\/fr\/wp-json\/wp\/v2\/product"}],"about":[{"href":"https:\/\/www.fjpremium.com\/fr\/wp-json\/wp\/v2\/types\/product"}],"wp:featuredmedia":[{"embeddable":true,"href":"https:\/\/www.fjpremium.com\/fr\/wp-json\/wp\/v2\/media\/14783"}],"wp:attachment":[{"href":"https:\/\/www.fjpremium.com\/fr\/wp-json\/wp\/v2\/media?parent=14752"}],"wp:term":[{"taxonomy":"product_brand","embeddable":true,"href":"https:\/\/www.fjpremium.com\/fr\/wp-json\/wp\/v2\/product_brand?post=14752"},{"taxonomy":"product_cat","embeddable":true,"href":"https:\/\/www.fjpremium.com\/fr\/wp-json\/wp\/v2\/product_cat?post=14752"},{"taxonomy":"product_tag","embeddable":true,"href":"https:\/\/www.fjpremium.com\/fr\/wp-json\/wp\/v2\/product_tag?post=14752"}],"curies":[{"name":"wp","href":"https:\/\/api.w.org\/{rel}","templated":true}]}}