{"id":14751,"date":"2020-05-22T09:21:05","date_gmt":"2020-05-22T01:21:05","guid":{"rendered":"https:\/\/www.fjpremium.com\/?post_type=product&#038;p=14751"},"modified":"2023-10-11T09:38:19","modified_gmt":"2023-10-11T01:38:19","slug":"displayport-to-vga-hd15-adapter-cable-full-hd1080p-resolution-ready","status":"publish","type":"product","link":"https:\/\/www.fjpremium.com\/fr\/product\/displayport-to-vga-hd15-adapter-cable-full-hd1080p-resolution-ready\/","title":{"rendered":"C\u00e2ble de conversion DisplayPort vers VGA C\u00e2ble adaptateur DP 1.2 1.4 vers VGA 1.8m 1080p"},"content":{"rendered":"<p>Con\u00e7u pour les applications audio-vid\u00e9o de home cin\u00e9ma et de bureau, le c\u00e2ble de conversion DisplayPort vers VGA relie en douceur votre ordinateur portable ou de bureau \u00e9quip\u00e9 d'un DisplayPort \u00e0 n'importe quel p\u00e9riph\u00e9rique d'entr\u00e9e VGA, tel qu'un t\u00e9l\u00e9viseur HD, un moniteur, un projecteur ou un \u00e9cran plat.<\/p>\n<p>Qu'il s'agisse de jeux ou d'affichage vid\u00e9o, il peut facilement transmettre des signaux num\u00e9riques.<\/p>\n<p>Avec sa capacit\u00e9 \u00e0 prendre en charge des r\u00e9solutions vid\u00e9o jusqu'\u00e0 1080P@60Hz et \u00e0 transmettre un son impeccable pour des canaux num\u00e9riques non compress\u00e9s 7.1, 5.1 ou 2, c'est l'adaptateur qu'il vous faut.<\/p>\n<p>Construit avec des mat\u00e9riaux de haute qualit\u00e9 et \u00e9quip\u00e9 de conducteurs enti\u00e8rement blind\u00e9s, il promet de r\u00e9sister aux interf\u00e9rences EMI\/RFI et garantit un transfert de signal sup\u00e9rieur gr\u00e2ce \u00e0 ses connecteurs plaqu\u00e9s or 24 carats.<\/p>\n<p>Ses caract\u00e9ristiques :<\/p>\n<ul>\n<li>Conducteur du c\u00e2ble : Cuivre \u00e9tam\u00e9<\/li>\n<li>Isolation : PE SKIN\/HDPE mouss\u00e9<\/li>\n<li>Calibre des fils : 32AWG<\/li>\n<li>Triple blindage : paire torsad\u00e9e de feuilles d'aluminium, feuilles d'aluminium globales, tresse.<\/li>\n<li>Bo\u00eetier : Coque en ABS<\/li>\n<li>Chipset : ANX9833<\/li>\n<li>Gaine : PVC<\/li>\n<li>Diam\u00e8tre ext\u00e9rieur : 4,8\u00b10,2 mm<\/li>\n<li>Conformit\u00e9 : RoHS, REACH, CE, UL<\/li>\n<\/ul>\n<p>De plus, veuillez noter qu'il s'agit d'un c\u00e2ble adaptateur unidirectionnel con\u00e7u uniquement pour convertir les signaux de DisplayPort \u00e0 VGA.<\/p>\n<p>Soutenu par la garantie de 2 ans de FARSINCE, notre c\u00e2ble de conversion DisplayPort vers VGA est une acquisition id\u00e9ale pour vous. Contactez-nous d\u00e8s aujourd'hui et investissez dans ce produit.<\/p>","protected":false},"excerpt":{"rendered":"<p>D\u00e9couvrez l&#039;int\u00e9gration transparente des technologies modernes et classiques avec ce c\u00e2ble convertisseur DisplayPort vers VGA, offrant une exp\u00e9rience audiovisuelle in\u00e9gal\u00e9e.<\/p>","protected":false},"featured_media":14777,"template":"","meta":{"_acf_changed":false,"_seopress_robots_primary_cat":"","_seopress_titles_title":"DisplayPort to VGA Converter Cable %%sep%% %%sitetitle%%","_seopress_titles_desc":"Discover the seamless integration of modern and classic technologies with this DisplayPort to VGA converter cable, offering an unmatched audio-visual experience","_seopress_robots_index":"","site-sidebar-layout":"default","site-content-layout":"default","ast-site-content-layout":"default","site-content-style":"default","site-sidebar-style":"default","ast-global-header-display":"","ast-banner-title-visibility":"","ast-main-header-display":"","ast-hfb-above-header-display":"","ast-hfb-below-header-display":"","ast-hfb-mobile-header-display":"","site-post-title":"","ast-breadcrumbs-content":"","ast-featured-img":"","footer-sml-layout":"","ast-disable-related-posts":"","theme-transparent-header-meta":"default","adv-header-id-meta":"","stick-header-meta":"","header-above-stick-meta":"","header-main-stick-meta":"","header-below-stick-meta":"","astra-migrate-meta-layouts":"set","ast-page-background-enabled":"default","ast-page-background-meta":{"desktop":{"background-color":"","background-image":"","background-repeat":"repeat","background-position":"center center","background-size":"auto","background-attachment":"scroll","background-type":"","background-media":"","overlay-type":"","overlay-color":"","overlay-opacity":"","overlay-gradient":""},"tablet":{"background-color":"","background-image":"","background-repeat":"repeat","background-position":"center center","background-size":"auto","background-attachment":"scroll","background-type":"","background-media":"","overlay-type":"","overlay-color":"","overlay-opacity":"","overlay-gradient":""},"mobile":{"background-color":"","background-image":"","background-repeat":"repeat","background-position":"center center","background-size":"auto","background-attachment":"scroll","background-type":"","background-media":"","overlay-type":"","overlay-color":"","overlay-opacity":"","overlay-gradient":""}},"ast-content-background-meta":{"desktop":{"background-color":"var(--ast-global-color-5)","background-image":"","background-repeat":"repeat","background-position":"center center","background-size":"auto","background-attachment":"scroll","background-type":"","background-media":"","overlay-type":"","overlay-color":"","overlay-opacity":"","overlay-gradient":""},"tablet":{"background-color":"var(--ast-global-color-5)","background-image":"","background-repeat":"repeat","background-position":"center center","background-size":"auto","background-attachment":"scroll","background-type":"","background-media":"","overlay-type":"","overlay-color":"","overlay-opacity":"","overlay-gradient":""},"mobile":{"background-color":"var(--ast-global-color-5)","background-image":"","background-repeat":"repeat","background-position":"center center","background-size":"auto","background-attachment":"scroll","background-type":"","background-media":"","overlay-type":"","overlay-color":"","overlay-opacity":"","overlay-gradient":""}},"iawp_total_views":4},"product_brand":[],"product_cat":[212],"product_tag":[],"class_list":{"0":"post-14751","1":"product","2":"type-product","3":"status-publish","4":"has-post-thumbnail","6":"product_cat-displayport","7":"desktop-align-left","8":"tablet-align-left","9":"mobile-align-left","11":"first","12":"instock","13":"shipping-taxable","14":"purchasable","15":"product-type-simple"},"acf":[],"_links":{"self":[{"href":"https:\/\/www.fjpremium.com\/fr\/wp-json\/wp\/v2\/product\/14751","targetHints":{"allow":["GET"]}}],"collection":[{"href":"https:\/\/www.fjpremium.com\/fr\/wp-json\/wp\/v2\/product"}],"about":[{"href":"https:\/\/www.fjpremium.com\/fr\/wp-json\/wp\/v2\/types\/product"}],"wp:featuredmedia":[{"embeddable":true,"href":"https:\/\/www.fjpremium.com\/fr\/wp-json\/wp\/v2\/media\/14777"}],"wp:attachment":[{"href":"https:\/\/www.fjpremium.com\/fr\/wp-json\/wp\/v2\/media?parent=14751"}],"wp:term":[{"taxonomy":"product_brand","embeddable":true,"href":"https:\/\/www.fjpremium.com\/fr\/wp-json\/wp\/v2\/product_brand?post=14751"},{"taxonomy":"product_cat","embeddable":true,"href":"https:\/\/www.fjpremium.com\/fr\/wp-json\/wp\/v2\/product_cat?post=14751"},{"taxonomy":"product_tag","embeddable":true,"href":"https:\/\/www.fjpremium.com\/fr\/wp-json\/wp\/v2\/product_tag?post=14751"}],"curies":[{"name":"wp","href":"https:\/\/api.w.org\/{rel}","templated":true}]}}