{"id":14750,"date":"2020-05-22T09:21:03","date_gmt":"2020-05-22T01:21:03","guid":{"rendered":"https:\/\/www.fjpremium.com\/?post_type=product&#038;p=14750"},"modified":"2023-07-17T09:34:14","modified_gmt":"2023-07-17T01:34:14","slug":"displayport-to-dvi-d-adapter-cable1080p-resolution-ready","status":"publish","type":"product","link":"https:\/\/www.fjpremium.com\/fr\/product\/displayport-to-dvi-d-adapter-cable1080p-resolution-ready\/","title":{"rendered":"DP 1.2 1.4 to DVI Adapter Display Port to DVI Converter Cable 1.8m 1080p"},"content":{"rendered":"<p>Notre c\u00e2ble de haute qualit\u00e9 relie les ordinateurs portables ou de bureau \u00e9quip\u00e9s de DisplayPort \u00e0 tout appareil dot\u00e9 d'une entr\u00e9e DVI-D 24+1 - un t\u00e9l\u00e9viseur HD, un moniteur, un projecteur ou un \u00e9cran plat.<\/p>\n<p>Vous pourrez profiter du streaming vid\u00e9o ou des jeux en r\u00e9solution Full HD, car il prend en charge des r\u00e9solutions vid\u00e9o allant jusqu'\u00e0 1080P@60Hz.<\/p>\n<p>Fabriqu\u00e9 avec des mat\u00e9riaux de premi\u00e8re qualit\u00e9, ce c\u00e2ble adaptateur garantit une long\u00e9vit\u00e9 et des performances fiables.<\/p>\n<p>Les interf\u00e9rences EMI\/RFI font partie du pass\u00e9 gr\u00e2ce \u00e0 ses conducteurs enti\u00e8rement blind\u00e9s, et les connecteurs plaqu\u00e9s or 24K assurent un transfert de signal sup\u00e9rieur.<\/p>\n<p>Ses caract\u00e9ristiques :<\/p>\n<ul>\n<li>Conducteur du c\u00e2ble : Cuivre \u00e9tam\u00e9<\/li>\n<li>Isolation : PE SKIN\/HDPE mouss\u00e9<\/li>\n<li>Calibre du fil : 30AWG<\/li>\n<li>Triple blindage : paire torsad\u00e9e de feuilles d'aluminium, feuilles d'aluminium globales, tresse.<\/li>\n<li>Bo\u00eetier : Coque en ABS<\/li>\n<li>Chipset : PS8121E<\/li>\n<li>Gaine : PVC<\/li>\n<li>Diam\u00e8tre ext\u00e9rieur : 6,0\u00b10,2mm<\/li>\n<li>Conformit\u00e9 : RoHS, REACH, CE, UL<\/li>\n<\/ul>\n<p>En outre, n'oubliez pas qu'il s'agit d'un adaptateur unidirectionnel, qui convertit le signal de DisplayPort en DVI uniquement.<\/p>\n<p>La garantie de cinq ans de Farsince vous rassure et fait de ce c\u00e2ble de conversion Display Port vers DVI un investissement judicieux pour ceux qui recherchent la qualit\u00e9 et la fiabilit\u00e9. Par cons\u00e9quent, contactez-nous d\u00e8s aujourd'hui pour l'ajouter \u00e0 votre inventaire.<\/p>","protected":false},"excerpt":{"rendered":"<p>Faites l&#039;exp\u00e9rience de la brillance Full HD avec l&#039;adaptateur DP 1.2 1.4 vers DVI de Farsince, c\u00e2ble convertisseur Display Port vers DVI, offrant une vid\u00e9o cristalline jusqu&#039;\u00e0 1080P \u00e0 60 Hz.<\/p>","protected":false},"featured_media":14769,"template":"","meta":{"_acf_changed":false,"_seopress_robots_primary_cat":"","_seopress_titles_title":"","_seopress_titles_desc":"","_seopress_robots_index":"","site-sidebar-layout":"default","site-content-layout":"default","ast-site-content-layout":"default","site-content-style":"default","site-sidebar-style":"default","ast-global-header-display":"","ast-banner-title-visibility":"","ast-main-header-display":"","ast-hfb-above-header-display":"","ast-hfb-below-header-display":"","ast-hfb-mobile-header-display":"","site-post-title":"","ast-breadcrumbs-content":"","ast-featured-img":"","footer-sml-layout":"","ast-disable-related-posts":"","theme-transparent-header-meta":"default","adv-header-id-meta":"","stick-header-meta":"","header-above-stick-meta":"","header-main-stick-meta":"","header-below-stick-meta":"","astra-migrate-meta-layouts":"default","ast-page-background-enabled":"default","ast-page-background-meta":{"desktop":{"background-color":"","background-image":"","background-repeat":"repeat","background-position":"center center","background-size":"auto","background-attachment":"scroll","background-type":"","background-media":"","overlay-type":"","overlay-color":"","overlay-opacity":"","overlay-gradient":""},"tablet":{"background-color":"","background-image":"","background-repeat":"repeat","background-position":"center center","background-size":"auto","background-attachment":"scroll","background-type":"","background-media":"","overlay-type":"","overlay-color":"","overlay-opacity":"","overlay-gradient":""},"mobile":{"background-color":"","background-image":"","background-repeat":"repeat","background-position":"center center","background-size":"auto","background-attachment":"scroll","background-type":"","background-media":"","overlay-type":"","overlay-color":"","overlay-opacity":"","overlay-gradient":""}},"ast-content-background-meta":{"desktop":{"background-color":"var(--ast-global-color-5)","background-image":"","background-repeat":"repeat","background-position":"center center","background-size":"auto","background-attachment":"scroll","background-type":"","background-media":"","overlay-type":"","overlay-color":"","overlay-opacity":"","overlay-gradient":""},"tablet":{"background-color":"var(--ast-global-color-5)","background-image":"","background-repeat":"repeat","background-position":"center center","background-size":"auto","background-attachment":"scroll","background-type":"","background-media":"","overlay-type":"","overlay-color":"","overlay-opacity":"","overlay-gradient":""},"mobile":{"background-color":"var(--ast-global-color-5)","background-image":"","background-repeat":"repeat","background-position":"center center","background-size":"auto","background-attachment":"scroll","background-type":"","background-media":"","overlay-type":"","overlay-color":"","overlay-opacity":"","overlay-gradient":""}},"iawp_total_views":14},"product_brand":[],"product_cat":[212],"product_tag":[],"class_list":{"0":"post-14750","1":"product","2":"type-product","3":"status-publish","4":"has-post-thumbnail","6":"product_cat-displayport","7":"desktop-align-left","8":"tablet-align-left","9":"mobile-align-left","11":"first","12":"instock","13":"shipping-taxable","14":"purchasable","15":"product-type-simple"},"acf":[],"_links":{"self":[{"href":"https:\/\/www.fjpremium.com\/fr\/wp-json\/wp\/v2\/product\/14750","targetHints":{"allow":["GET"]}}],"collection":[{"href":"https:\/\/www.fjpremium.com\/fr\/wp-json\/wp\/v2\/product"}],"about":[{"href":"https:\/\/www.fjpremium.com\/fr\/wp-json\/wp\/v2\/types\/product"}],"wp:featuredmedia":[{"embeddable":true,"href":"https:\/\/www.fjpremium.com\/fr\/wp-json\/wp\/v2\/media\/14769"}],"wp:attachment":[{"href":"https:\/\/www.fjpremium.com\/fr\/wp-json\/wp\/v2\/media?parent=14750"}],"wp:term":[{"taxonomy":"product_brand","embeddable":true,"href":"https:\/\/www.fjpremium.com\/fr\/wp-json\/wp\/v2\/product_brand?post=14750"},{"taxonomy":"product_cat","embeddable":true,"href":"https:\/\/www.fjpremium.com\/fr\/wp-json\/wp\/v2\/product_cat?post=14750"},{"taxonomy":"product_tag","embeddable":true,"href":"https:\/\/www.fjpremium.com\/fr\/wp-json\/wp\/v2\/product_tag?post=14750"}],"curies":[{"name":"wp","href":"https:\/\/api.w.org\/{rel}","templated":true}]}}