{"id":14748,"date":"2020-05-22T09:20:59","date_gmt":"2020-05-22T01:20:59","guid":{"rendered":"https:\/\/www.fjpremium.com\/?post_type=product&#038;p=14748"},"modified":"2023-07-17T09:20:03","modified_gmt":"2023-07-17T01:20:03","slug":"8k-displayport-to-displayport-dp-1-4-cable","status":"publish","type":"product","link":"https:\/\/www.fjpremium.com\/fr\/product\/8k-displayport-to-displayport-dp-1-4-cable\/","title":{"rendered":"C\u00e2ble m\u00e9tallique tress\u00e9 de haute qualit\u00e9 Displayport vers Displayport 1.4 8K pour moniteur 144hz supportant 8K@60hz, 4K@120hz"},"content":{"rendered":"<p>Ce produit r\u00e9volutionnaire ouvre l'\u00e8re des performances 8K exceptionnelles, prenant en charge jusqu'\u00e0 8K@60Hz ou 4K@120Hz, garantissant une exp\u00e9rience visuelle remarquable pour les jeux ou la diffusion en continu.<\/p>\n<p>Son tressage durable, associ\u00e9 \u00e0 un bo\u00eetier m\u00e9tallique, lui conf\u00e8re une robustesse et une sensation de qualit\u00e9 sup\u00e9rieure. Il prend \u00e9galement en charge HBR3, DSC 1.2, FEC et 32 canaux audio, ce qui promet une exp\u00e9rience multim\u00e9dia riche et immersive.<\/p>\n<p>Vous pouvez d\u00e9couvrir le charme d'un son parfait gr\u00e2ce \u00e0 la capacit\u00e9 de ce c\u00e2ble \u00e0 assurer une transmission parfaite des canaux num\u00e9riques non compress\u00e9s 7.1, 5.1 ou 2.<\/p>\n<p>Sa compatibilit\u00e9 avec DisplayPort 1.2 garantit que m\u00eame les appareils plus anciens peuvent profiter de ces performances exceptionnelles.<\/p>\n<p>Ses caract\u00e9ristiques :<\/p>\n<ul>\n<li>Connecteur recouvert d'une bo\u00eete de blindage m\u00e9tallique<\/li>\n<li>Conducteur du c\u00e2ble : Cuivre \u00e9tam\u00e9<\/li>\n<li>Isolation : PE SKIN\/HDPE mouss\u00e9<\/li>\n<li>Calibre du fil : 30AWG(1-3M), 28AWG(5M)<\/li>\n<li>Triple blindage : paire torsad\u00e9e de feuilles d'aluminium, ensemble de feuilles d'aluminium, tresse,<\/li>\n<li>Gaine : PVC<\/li>\n<\/ul>\n<p>De plus, conforme aux normes RoHS et REACH, c'est un choix id\u00e9al pour vous qui recherchez des solutions num\u00e9riques durables et performantes. Contactez-nous d\u00e8s aujourd'hui et investissez dans notre c\u00e2ble m\u00e9tallique tress\u00e9.<\/p>","protected":false},"excerpt":{"rendered":"<p>Entrez dans un monde de pr\u00e9cision visuelle et auditive in\u00e9gal\u00e9e avec le c\u00e2ble m\u00e9tallique tress\u00e9 DisplayPort vers DisplayPort 1.4 de haute qualit\u00e9 de Farsince.<\/p>","protected":false},"featured_media":14753,"template":"","meta":{"_acf_changed":false,"_seopress_robots_primary_cat":"","_seopress_titles_title":"","_seopress_titles_desc":"","_seopress_robots_index":"","site-sidebar-layout":"default","site-content-layout":"default","ast-site-content-layout":"default","site-content-style":"default","site-sidebar-style":"default","ast-global-header-display":"","ast-banner-title-visibility":"","ast-main-header-display":"","ast-hfb-above-header-display":"","ast-hfb-below-header-display":"","ast-hfb-mobile-header-display":"","site-post-title":"","ast-breadcrumbs-content":"","ast-featured-img":"","footer-sml-layout":"","ast-disable-related-posts":"","theme-transparent-header-meta":"default","adv-header-id-meta":"","stick-header-meta":"","header-above-stick-meta":"","header-main-stick-meta":"","header-below-stick-meta":"","astra-migrate-meta-layouts":"default","ast-page-background-enabled":"default","ast-page-background-meta":{"desktop":{"background-color":"","background-image":"","background-repeat":"repeat","background-position":"center center","background-size":"auto","background-attachment":"scroll","background-type":"","background-media":"","overlay-type":"","overlay-color":"","overlay-opacity":"","overlay-gradient":""},"tablet":{"background-color":"","background-image":"","background-repeat":"repeat","background-position":"center center","background-size":"auto","background-attachment":"scroll","background-type":"","background-media":"","overlay-type":"","overlay-color":"","overlay-opacity":"","overlay-gradient":""},"mobile":{"background-color":"","background-image":"","background-repeat":"repeat","background-position":"center center","background-size":"auto","background-attachment":"scroll","background-type":"","background-media":"","overlay-type":"","overlay-color":"","overlay-opacity":"","overlay-gradient":""}},"ast-content-background-meta":{"desktop":{"background-color":"var(--ast-global-color-5)","background-image":"","background-repeat":"repeat","background-position":"center center","background-size":"auto","background-attachment":"scroll","background-type":"","background-media":"","overlay-type":"","overlay-color":"","overlay-opacity":"","overlay-gradient":""},"tablet":{"background-color":"var(--ast-global-color-5)","background-image":"","background-repeat":"repeat","background-position":"center center","background-size":"auto","background-attachment":"scroll","background-type":"","background-media":"","overlay-type":"","overlay-color":"","overlay-opacity":"","overlay-gradient":""},"mobile":{"background-color":"var(--ast-global-color-5)","background-image":"","background-repeat":"repeat","background-position":"center center","background-size":"auto","background-attachment":"scroll","background-type":"","background-media":"","overlay-type":"","overlay-color":"","overlay-opacity":"","overlay-gradient":""}},"iawp_total_views":25},"product_brand":[],"product_cat":[460,212],"product_tag":[],"class_list":{"0":"post-14748","1":"product","2":"type-product","3":"status-publish","4":"has-post-thumbnail","6":"product_cat-featured-products","7":"product_cat-displayport","8":"desktop-align-left","9":"tablet-align-left","10":"mobile-align-left","12":"first","13":"instock","14":"featured","15":"shipping-taxable","16":"purchasable","17":"product-type-simple"},"acf":[],"_links":{"self":[{"href":"https:\/\/www.fjpremium.com\/fr\/wp-json\/wp\/v2\/product\/14748","targetHints":{"allow":["GET"]}}],"collection":[{"href":"https:\/\/www.fjpremium.com\/fr\/wp-json\/wp\/v2\/product"}],"about":[{"href":"https:\/\/www.fjpremium.com\/fr\/wp-json\/wp\/v2\/types\/product"}],"wp:featuredmedia":[{"embeddable":true,"href":"https:\/\/www.fjpremium.com\/fr\/wp-json\/wp\/v2\/media\/14753"}],"wp:attachment":[{"href":"https:\/\/www.fjpremium.com\/fr\/wp-json\/wp\/v2\/media?parent=14748"}],"wp:term":[{"taxonomy":"product_brand","embeddable":true,"href":"https:\/\/www.fjpremium.com\/fr\/wp-json\/wp\/v2\/product_brand?post=14748"},{"taxonomy":"product_cat","embeddable":true,"href":"https:\/\/www.fjpremium.com\/fr\/wp-json\/wp\/v2\/product_cat?post=14748"},{"taxonomy":"product_tag","embeddable":true,"href":"https:\/\/www.fjpremium.com\/fr\/wp-json\/wp\/v2\/product_tag?post=14748"}],"curies":[{"name":"wp","href":"https:\/\/api.w.org\/{rel}","templated":true}]}}