{"id":14739,"date":"2020-05-22T09:08:29","date_gmt":"2020-05-22T01:08:29","guid":{"rendered":"https:\/\/www.fjpremium.com\/?post_type=product&#038;p=14739"},"modified":"2023-07-17T09:03:33","modified_gmt":"2023-07-17T01:03:33","slug":"displayport-to-displayport-1-2v-cable-support-4k60hz","status":"publish","type":"product","link":"https:\/\/www.fjpremium.com\/fr\/product\/displayport-to-displayport-1-2v-cable-support-4k60hz\/","title":{"rendered":"C\u00e2ble DisplayPort vers DisplayPort Connecteur DP m\u00e2le vers DP 1.2 m\u00e2le C\u00e2ble 4k 60hz"},"content":{"rendered":"<p>Compl\u00e9ment id\u00e9al de toute installation de home cin\u00e9ma ou de bureau, notre c\u00e2ble connecte sans effort votre ordinateur \u00e9quip\u00e9 d'un DisplayPort \u00e0 un t\u00e9l\u00e9viseur HD, un moniteur ou un projecteur, transformant ainsi la simple diffusion en continu ou les jeux en une symphonie d'images vives et de sons clairs.<\/p>\n<p>Avec une prise en charge de la r\u00e9solution 4K@60Hz, vos images restent nettes tandis que le son reste impeccable, gr\u00e2ce \u00e0 sa capacit\u00e9 \u00e0 prendre en charge les canaux num\u00e9riques non compress\u00e9s 7.1, 5.1 ou 2.<\/p>\n<p>Fabriqu\u00e9 selon les normes DisplayPort 1.2 avec des mat\u00e9riaux de haute qualit\u00e9, ce c\u00e2ble promet des performances fiables \u00e0 vie.<\/p>\n<p>Vous pouvez profiter de transmissions sans interf\u00e9rences gr\u00e2ce \u00e0 ses conducteurs enti\u00e8rement blind\u00e9s et d'un transfert de signal sup\u00e9rieur, assur\u00e9 par les connecteurs plaqu\u00e9s or 24K.<\/p>\n<p>Ses caract\u00e9ristiques :<\/p>\n<ul>\n<li>Conducteur du c\u00e2ble : Cuivre nu<\/li>\n<li>Isolation : PE SKIN\/HDPE mouss\u00e9<\/li>\n<li>Calibre du fil : 30AWG (1-5M), 28AWG (5-10M)<\/li>\n<li>Triple blindage : paire torsad\u00e9e de feuilles d'aluminium, feuilles d'aluminium globales, tresse.<\/li>\n<li>Gaine : PVC<\/li>\n<li>Conformit\u00e9 : RoHS, REACH<\/li>\n<\/ul>\n<p>De plus, il promet une qualit\u00e9 et des performances sans compromis, soutenues par la garantie de 2 ans de FARSINCE.<\/p>\n<p>Dans l'ensemble, le c\u00e2ble DisplayPort vers DisplayPort est un investissement judicieux pour vous, qui privil\u00e9giez la qualit\u00e9 et la fiabilit\u00e9 des solutions de connectivit\u00e9 num\u00e9rique. Contactez-nous d\u00e8s aujourd'hui !<\/p>","protected":false},"excerpt":{"rendered":"<p>Faites l&#039;exp\u00e9rience de l&#039;excellence audiovisuelle avec le c\u00e2ble DisplayPort vers DisplayPort de haute qualit\u00e9 de FARSINCE, prenant en charge la r\u00e9solution 4K \u00e0 60 Hz, parfait pour la lecture vid\u00e9o haute d\u00e9finition.<\/p>","protected":false},"featured_media":14740,"template":"","meta":{"_acf_changed":false,"_seopress_robots_primary_cat":"","_seopress_titles_title":"","_seopress_titles_desc":"","_seopress_robots_index":"","site-sidebar-layout":"default","site-content-layout":"default","ast-site-content-layout":"default","site-content-style":"default","site-sidebar-style":"default","ast-global-header-display":"","ast-banner-title-visibility":"","ast-main-header-display":"","ast-hfb-above-header-display":"","ast-hfb-below-header-display":"","ast-hfb-mobile-header-display":"","site-post-title":"","ast-breadcrumbs-content":"","ast-featured-img":"","footer-sml-layout":"","ast-disable-related-posts":"","theme-transparent-header-meta":"default","adv-header-id-meta":"","stick-header-meta":"","header-above-stick-meta":"","header-main-stick-meta":"","header-below-stick-meta":"","astra-migrate-meta-layouts":"default","ast-page-background-enabled":"default","ast-page-background-meta":{"desktop":{"background-color":"","background-image":"","background-repeat":"repeat","background-position":"center center","background-size":"auto","background-attachment":"scroll","background-type":"","background-media":"","overlay-type":"","overlay-color":"","overlay-opacity":"","overlay-gradient":""},"tablet":{"background-color":"","background-image":"","background-repeat":"repeat","background-position":"center center","background-size":"auto","background-attachment":"scroll","background-type":"","background-media":"","overlay-type":"","overlay-color":"","overlay-opacity":"","overlay-gradient":""},"mobile":{"background-color":"","background-image":"","background-repeat":"repeat","background-position":"center center","background-size":"auto","background-attachment":"scroll","background-type":"","background-media":"","overlay-type":"","overlay-color":"","overlay-opacity":"","overlay-gradient":""}},"ast-content-background-meta":{"desktop":{"background-color":"var(--ast-global-color-5)","background-image":"","background-repeat":"repeat","background-position":"center center","background-size":"auto","background-attachment":"scroll","background-type":"","background-media":"","overlay-type":"","overlay-color":"","overlay-opacity":"","overlay-gradient":""},"tablet":{"background-color":"var(--ast-global-color-5)","background-image":"","background-repeat":"repeat","background-position":"center center","background-size":"auto","background-attachment":"scroll","background-type":"","background-media":"","overlay-type":"","overlay-color":"","overlay-opacity":"","overlay-gradient":""},"mobile":{"background-color":"var(--ast-global-color-5)","background-image":"","background-repeat":"repeat","background-position":"center center","background-size":"auto","background-attachment":"scroll","background-type":"","background-media":"","overlay-type":"","overlay-color":"","overlay-opacity":"","overlay-gradient":""}},"iawp_total_views":7},"product_brand":[],"product_cat":[212],"product_tag":[],"class_list":{"0":"post-14739","1":"product","2":"type-product","3":"status-publish","4":"has-post-thumbnail","6":"product_cat-displayport","7":"desktop-align-left","8":"tablet-align-left","9":"mobile-align-left","11":"first","12":"instock","13":"shipping-taxable","14":"purchasable","15":"product-type-simple"},"acf":[],"_links":{"self":[{"href":"https:\/\/www.fjpremium.com\/fr\/wp-json\/wp\/v2\/product\/14739","targetHints":{"allow":["GET"]}}],"collection":[{"href":"https:\/\/www.fjpremium.com\/fr\/wp-json\/wp\/v2\/product"}],"about":[{"href":"https:\/\/www.fjpremium.com\/fr\/wp-json\/wp\/v2\/types\/product"}],"wp:featuredmedia":[{"embeddable":true,"href":"https:\/\/www.fjpremium.com\/fr\/wp-json\/wp\/v2\/media\/14740"}],"wp:attachment":[{"href":"https:\/\/www.fjpremium.com\/fr\/wp-json\/wp\/v2\/media?parent=14739"}],"wp:term":[{"taxonomy":"product_brand","embeddable":true,"href":"https:\/\/www.fjpremium.com\/fr\/wp-json\/wp\/v2\/product_brand?post=14739"},{"taxonomy":"product_cat","embeddable":true,"href":"https:\/\/www.fjpremium.com\/fr\/wp-json\/wp\/v2\/product_cat?post=14739"},{"taxonomy":"product_tag","embeddable":true,"href":"https:\/\/www.fjpremium.com\/fr\/wp-json\/wp\/v2\/product_tag?post=14739"}],"curies":[{"name":"wp","href":"https:\/\/api.w.org\/{rel}","templated":true}]}}