{"id":14729,"date":"2020-10-14T11:54:51","date_gmt":"2020-10-14T03:54:51","guid":{"rendered":"https:\/\/www.fjpremium.com\/?post_type=product&#038;p=14729"},"modified":"2023-12-06T09:25:06","modified_gmt":"2023-12-06T01:25:06","slug":"ultra-slim-36awg-thin-micro-hdmi-to-hdmi-cable","status":"publish","type":"product","link":"https:\/\/www.fjpremium.com\/fr\/product\/ultra-slim-36awg-thin-micro-hdmi-to-hdmi-cable\/","title":{"rendered":"C\u00e2ble ultra flexible Micro HDMI vers HDMI \u00e0 grande vitesse"},"content":{"rendered":"<p>Notre c\u00e2ble haute performance est conforme aux normes HDMI les plus r\u00e9centes et offre un transfert de donn\u00e9es rapide ainsi qu'une connexion audio, vid\u00e9o et Internet transparente.<\/p>\n<p>Sp\u00e9cialement con\u00e7u avec un connecteur micro HDMI-D, il est adapt\u00e9 aux t\u00e9l\u00e9phones portables et aux appareils photo num\u00e9riques les plus r\u00e9cents, facilitant ainsi le transfert de donn\u00e9es.<\/p>\n<p>De plus, sa capacit\u00e9 unique \u00e0 connecter des t\u00e9l\u00e9phones mobiles fonctionnant avec l'internet \u00e0 des t\u00e9l\u00e9viseurs vous permet de profiter du contenu web sur des \u00e9crans plus grands.<\/p>\n<p>Prenant en charge la r\u00e9solution jusqu'\u00e0 4K 60Hz et l'audio true HD Dolby 7.1 et DTS-HD master, ce c\u00e2ble ultra flexible de 36AWG garantit une exp\u00e9rience multim\u00e9dia vibrante et immersive.<\/p>\n<p>Sa compatibilit\u00e9 s'\u00e9tend \u00e0 divers appareils tels que la s\u00e9rie GoPro Hero, le Raspberry Pi 4, les appareils photo Sony et Nikon, les ordinateurs portables Lenovo, etc.<\/p>\n<p>Ses caract\u00e9ristiques :<\/p>\n<ul>\n<li>Bo\u00eetier : Coque en ABS<\/li>\n<li>Gaine : PVC<\/li>\n<li>Diam\u00e8tre : 3,6 mm<\/li>\n<li>Conforme : RoHS, REACH<\/li>\n<li>Les c\u00e2bles ronds ou plats sont tous disponibles<\/li>\n<\/ul>\n<p>De plus, avec une coque plaqu\u00e9e or et un conducteur en cuivre \u00e9tam\u00e9, il est triplement blind\u00e9 pour des performances sup\u00e9rieures. En bref, optez pour ce c\u00e2ble et offrez-vous une exp\u00e9rience multim\u00e9dia sans pr\u00e9c\u00e9dent.<\/p>","protected":false},"excerpt":{"rendered":"<p>R\u00e9volutionnez l&#039;exp\u00e9rience multim\u00e9dia avec le c\u00e2ble ultra flexible micro HDMI vers HDMI haute vitesse de FARSINCE, prenant en charge une r\u00e9solution jusqu&#039;\u00e0 4K 60 Hz.<\/p>","protected":false},"featured_media":15869,"template":"","meta":{"_acf_changed":false,"_seopress_robots_primary_cat":"","_seopress_titles_title":"Micro HDMI to HDMI Ultra Flexible Cable - Farsince","_seopress_titles_desc":"","_seopress_robots_index":"","site-sidebar-layout":"default","site-content-layout":"default","ast-site-content-layout":"default","site-content-style":"default","site-sidebar-style":"default","ast-global-header-display":"","ast-banner-title-visibility":"","ast-main-header-display":"","ast-hfb-above-header-display":"","ast-hfb-below-header-display":"","ast-hfb-mobile-header-display":"","site-post-title":"","ast-breadcrumbs-content":"","ast-featured-img":"","footer-sml-layout":"","ast-disable-related-posts":"","theme-transparent-header-meta":"default","adv-header-id-meta":"","stick-header-meta":"","header-above-stick-meta":"","header-main-stick-meta":"","header-below-stick-meta":"","astra-migrate-meta-layouts":"set","ast-page-background-enabled":"default","ast-page-background-meta":{"desktop":{"background-color":"","background-image":"","background-repeat":"repeat","background-position":"center center","background-size":"auto","background-attachment":"scroll","background-type":"","background-media":"","overlay-type":"","overlay-color":"","overlay-opacity":"","overlay-gradient":""},"tablet":{"background-color":"","background-image":"","background-repeat":"repeat","background-position":"center center","background-size":"auto","background-attachment":"scroll","background-type":"","background-media":"","overlay-type":"","overlay-color":"","overlay-opacity":"","overlay-gradient":""},"mobile":{"background-color":"","background-image":"","background-repeat":"repeat","background-position":"center center","background-size":"auto","background-attachment":"scroll","background-type":"","background-media":"","overlay-type":"","overlay-color":"","overlay-opacity":"","overlay-gradient":""}},"ast-content-background-meta":{"desktop":{"background-color":"var(--ast-global-color-5)","background-image":"","background-repeat":"repeat","background-position":"center center","background-size":"auto","background-attachment":"scroll","background-type":"","background-media":"","overlay-type":"","overlay-color":"","overlay-opacity":"","overlay-gradient":""},"tablet":{"background-color":"var(--ast-global-color-5)","background-image":"","background-repeat":"repeat","background-position":"center center","background-size":"auto","background-attachment":"scroll","background-type":"","background-media":"","overlay-type":"","overlay-color":"","overlay-opacity":"","overlay-gradient":""},"mobile":{"background-color":"var(--ast-global-color-5)","background-image":"","background-repeat":"repeat","background-position":"center center","background-size":"auto","background-attachment":"scroll","background-type":"","background-media":"","overlay-type":"","overlay-color":"","overlay-opacity":"","overlay-gradient":""}},"iawp_total_views":5},"product_brand":[],"product_cat":[211],"product_tag":[],"class_list":{"0":"post-14729","1":"product","2":"type-product","3":"status-publish","4":"has-post-thumbnail","6":"product_cat-hdmi","7":"desktop-align-left","8":"tablet-align-left","9":"mobile-align-left","11":"first","12":"instock","13":"shipping-taxable","14":"purchasable","15":"product-type-simple"},"acf":[],"_links":{"self":[{"href":"https:\/\/www.fjpremium.com\/fr\/wp-json\/wp\/v2\/product\/14729","targetHints":{"allow":["GET"]}}],"collection":[{"href":"https:\/\/www.fjpremium.com\/fr\/wp-json\/wp\/v2\/product"}],"about":[{"href":"https:\/\/www.fjpremium.com\/fr\/wp-json\/wp\/v2\/types\/product"}],"wp:featuredmedia":[{"embeddable":true,"href":"https:\/\/www.fjpremium.com\/fr\/wp-json\/wp\/v2\/media\/15869"}],"wp:attachment":[{"href":"https:\/\/www.fjpremium.com\/fr\/wp-json\/wp\/v2\/media?parent=14729"}],"wp:term":[{"taxonomy":"product_brand","embeddable":true,"href":"https:\/\/www.fjpremium.com\/fr\/wp-json\/wp\/v2\/product_brand?post=14729"},{"taxonomy":"product_cat","embeddable":true,"href":"https:\/\/www.fjpremium.com\/fr\/wp-json\/wp\/v2\/product_cat?post=14729"},{"taxonomy":"product_tag","embeddable":true,"href":"https:\/\/www.fjpremium.com\/fr\/wp-json\/wp\/v2\/product_tag?post=14729"}],"curies":[{"name":"wp","href":"https:\/\/api.w.org\/{rel}","templated":true}]}}