{"id":14728,"date":"2020-10-14T11:54:50","date_gmt":"2020-10-14T03:54:50","guid":{"rendered":"https:\/\/www.fjpremium.com\/?post_type=product&#038;p=14728"},"modified":"2023-12-14T14:18:35","modified_gmt":"2023-12-14T06:18:35","slug":"hdmi-2-1-soft-silicone-cable-8k-60hz","status":"publish","type":"product","link":"https:\/\/www.fjpremium.com\/fr\/product\/hdmi-2-1-soft-silicone-cable-8k-60hz\/","title":{"rendered":"C\u00e2ble en silicone souple HDMI 2.1 8K 60Hz"},"content":{"rendered":"<p>FARSINCE C\u00e2ble ultra fin et flexible en silicone souple HDMI 2.1 avec c\u00e2ble Ethernet est id\u00e9al pour les applications audio vid\u00e9o de home cin\u00e9ma ou de bureau n\u00e9cessitant des fonctions HDMI \u00e0 haute vitesse et des r\u00e9solutions vid\u00e9o jusqu'\u00e0 8k. La construction ultra fine et flexible du c\u00e2ble et la conception du connecteur compact \u00e0 profil bas font de ce c\u00e2ble un outil id\u00e9al pour les installations dans les espaces restreints.<!-- notionvc: 5e286597-bfb8-4015-8c23-a158c618a3f6 --><\/p>\n<p>Ses caract\u00e9ristiques :<\/p>\n<ul>\n<li>Connecteur 1 : HDMI 2.1 m\u00e2le, plaqu\u00e9 or<\/li>\n<li>Connecteur 1 : HDMI 2.1 m\u00e2le, plaqu\u00e9 or<\/li>\n<li>Les angles gauche, droit, haut et bas sont disponibles pour les fiches de type A, C et D.<\/li>\n<li>Conducteur du c\u00e2ble : Cuivre \u00e9tam\u00e9<\/li>\n<li>Calibre des fils : 36AWG<\/li>\n<li>Diam\u00e8tre du c\u00e2ble : 3,8 mm<\/li>\n<li>Blindage par tissu conducteur en graph\u00e8ne<\/li>\n<li>Enveloppe : Silicone, r\u00e9sistance aux hautes et basses temp\u00e9ratures, temp\u00e9rature de fonctionnement : -60\u00b0 \u00e0 +200\u00b0.<\/li>\n<li>Bo\u00eetier : Moule \u00e0 injection<\/li>\n<li>Prise en charge des r\u00e9solutions vid\u00e9o jusqu'\u00e0 8K@60Hz, 48Gps<\/li>\n<li>Prise en charge de HDR, HEC, ARC, 3D Video, Deep Color et x. v. Color \u2122<\/li>\n<li>Conforme : RoHS, REACH<\/li>\n<\/ul>","protected":false},"excerpt":{"rendered":"<p>Le c\u00e2ble HDMI 2.1 Soft Silicone Cable 8K 60Hz et le design compact et discret du connecteur font de ce c\u00e2ble un outil id\u00e9al pour les installations dans les espaces restreints.<\/p>","protected":false},"featured_media":23952,"template":"","meta":{"_acf_changed":false,"_seopress_robots_primary_cat":"","_seopress_titles_title":"HDMI 2.1 Soft Silicone cable 8K 60Hz - FARSINCE","_seopress_titles_desc":"","_seopress_robots_index":"","site-sidebar-layout":"default","site-content-layout":"default","ast-site-content-layout":"default","site-content-style":"default","site-sidebar-style":"default","ast-global-header-display":"","ast-banner-title-visibility":"","ast-main-header-display":"","ast-hfb-above-header-display":"","ast-hfb-below-header-display":"","ast-hfb-mobile-header-display":"","site-post-title":"","ast-breadcrumbs-content":"","ast-featured-img":"","footer-sml-layout":"","ast-disable-related-posts":"","theme-transparent-header-meta":"default","adv-header-id-meta":"","stick-header-meta":"","header-above-stick-meta":"","header-main-stick-meta":"","header-below-stick-meta":"","astra-migrate-meta-layouts":"set","ast-page-background-enabled":"default","ast-page-background-meta":{"desktop":{"background-color":"","background-image":"","background-repeat":"repeat","background-position":"center center","background-size":"auto","background-attachment":"scroll","background-type":"","background-media":"","overlay-type":"","overlay-color":"","overlay-opacity":"","overlay-gradient":""},"tablet":{"background-color":"","background-image":"","background-repeat":"repeat","background-position":"center center","background-size":"auto","background-attachment":"scroll","background-type":"","background-media":"","overlay-type":"","overlay-color":"","overlay-opacity":"","overlay-gradient":""},"mobile":{"background-color":"","background-image":"","background-repeat":"repeat","background-position":"center center","background-size":"auto","background-attachment":"scroll","background-type":"","background-media":"","overlay-type":"","overlay-color":"","overlay-opacity":"","overlay-gradient":""}},"ast-content-background-meta":{"desktop":{"background-color":"var(--ast-global-color-5)","background-image":"","background-repeat":"repeat","background-position":"center center","background-size":"auto","background-attachment":"scroll","background-type":"","background-media":"","overlay-type":"","overlay-color":"","overlay-opacity":"","overlay-gradient":""},"tablet":{"background-color":"var(--ast-global-color-5)","background-image":"","background-repeat":"repeat","background-position":"center center","background-size":"auto","background-attachment":"scroll","background-type":"","background-media":"","overlay-type":"","overlay-color":"","overlay-opacity":"","overlay-gradient":""},"mobile":{"background-color":"var(--ast-global-color-5)","background-image":"","background-repeat":"repeat","background-position":"center center","background-size":"auto","background-attachment":"scroll","background-type":"","background-media":"","overlay-type":"","overlay-color":"","overlay-opacity":"","overlay-gradient":""}},"iawp_total_views":58},"product_brand":[],"product_cat":[211,638],"product_tag":[],"class_list":{"0":"post-14728","1":"product","2":"type-product","3":"status-publish","4":"has-post-thumbnail","6":"product_cat-hdmi","7":"product_cat-hdmi-cables","8":"desktop-align-left","9":"tablet-align-left","10":"mobile-align-left","12":"first","13":"instock","14":"shipping-taxable","15":"purchasable","16":"product-type-simple"},"acf":[],"_links":{"self":[{"href":"https:\/\/www.fjpremium.com\/fr\/wp-json\/wp\/v2\/product\/14728","targetHints":{"allow":["GET"]}}],"collection":[{"href":"https:\/\/www.fjpremium.com\/fr\/wp-json\/wp\/v2\/product"}],"about":[{"href":"https:\/\/www.fjpremium.com\/fr\/wp-json\/wp\/v2\/types\/product"}],"wp:featuredmedia":[{"embeddable":true,"href":"https:\/\/www.fjpremium.com\/fr\/wp-json\/wp\/v2\/media\/23952"}],"wp:attachment":[{"href":"https:\/\/www.fjpremium.com\/fr\/wp-json\/wp\/v2\/media?parent=14728"}],"wp:term":[{"taxonomy":"product_brand","embeddable":true,"href":"https:\/\/www.fjpremium.com\/fr\/wp-json\/wp\/v2\/product_brand?post=14728"},{"taxonomy":"product_cat","embeddable":true,"href":"https:\/\/www.fjpremium.com\/fr\/wp-json\/wp\/v2\/product_cat?post=14728"},{"taxonomy":"product_tag","embeddable":true,"href":"https:\/\/www.fjpremium.com\/fr\/wp-json\/wp\/v2\/product_tag?post=14728"}],"curies":[{"name":"wp","href":"https:\/\/api.w.org\/{rel}","templated":true}]}}