{"id":14687,"date":"2020-10-13T16:10:33","date_gmt":"2020-10-13T08:10:33","guid":{"rendered":"https:\/\/www.fjpremium.com\/?post_type=product&#038;p=14687"},"modified":"2023-12-14T13:51:15","modified_gmt":"2023-12-14T05:51:15","slug":"hdmi-to-dvi-bi-direction-cable","status":"publish","type":"product","link":"https:\/\/www.fjpremium.com\/fr\/product\/hdmi-to-dvi-bi-direction-cable\/","title":{"rendered":"C\u00e2ble adaptateur num\u00e9rique HDMI vers DVI-D Dual link 24+1 Bi-Direction 1m 2m 3m 5m 10m"},"content":{"rendered":"<p>Ce c\u00e2ble bidirectionnel est la solution id\u00e9ale pour connecter des appareils compatibles HDMI \u00e0 des \u00e9crans DVI et vice versa.<\/p>\n<p>Con\u00e7u pour le streaming vid\u00e9o haute d\u00e9finition ou les jeux, il transmet de mani\u00e8re transparente les signaux vid\u00e9o de votre appareil \u00e0 votre moniteur, garantissant un rendu visuel \u00e9clatant.<\/p>\n<p>Prenant en charge des r\u00e9solutions allant jusqu'\u00e0 1920\u00d71080@60 (1080p Full HD), y compris 720p et 1600\u00d71200, notre c\u00e2ble adaptateur num\u00e9rique est la cl\u00e9 d'images cristallines sur vos moniteurs ou projecteurs HD.<\/p>\n<p>Fabriqu\u00e9 avec des connecteurs plaqu\u00e9s or et des mat\u00e9riaux de haute qualit\u00e9, il promet des performances durables.<\/p>\n<p>Ses caract\u00e9ristiques :<\/p>\n<ul>\n<li>Conducteur du c\u00e2ble : Cuivre nu<\/li>\n<li>Calibre du fil : 30AWG (1-5M), 28AWG (5-10M)<\/li>\n<li>Gaine : PVC<\/li>\n<li>Conforme : RoHS, REACH<\/li>\n<\/ul>\n<p>En outre, son blindage par feuille et tresse fonctionne ensemble pour minimiser la diaphonie, supprimer le bruit et prot\u00e9ger contre les interf\u00e9rences \u00e9lectromagn\u00e9tiques et de radiofr\u00e9quence. En conclusion, faites confiance \u00e0 ce c\u00e2ble et contactez-nous d\u00e8s aujourd'hui.<\/p>","protected":false},"excerpt":{"rendered":"<p>Pr\u00e9parez-vous \u00e0 une qualit\u00e9 sans compromis avec le c\u00e2ble adaptateur num\u00e9rique bidirectionnel double liaison HDMI vers DVI-D de FARSINCE, dot\u00e9 de connecteurs plaqu\u00e9s or et d&#039;un blindage contre les interf\u00e9rences.<\/p>","protected":false},"featured_media":14696,"template":"","meta":{"_acf_changed":false,"_seopress_robots_primary_cat":"","_seopress_titles_title":"Dual link 24+1 Bi-Direction Digital Adapter Cable - Farsince","_seopress_titles_desc":"Get ready for uncompromised quality with FARSINCE&#039;s HDMI to DVI-D dual link bi-direction digital adapter cable, featuring shielding against interference.","_seopress_robots_index":"","site-sidebar-layout":"default","site-content-layout":"default","ast-site-content-layout":"default","site-content-style":"default","site-sidebar-style":"default","ast-global-header-display":"","ast-banner-title-visibility":"","ast-main-header-display":"","ast-hfb-above-header-display":"","ast-hfb-below-header-display":"","ast-hfb-mobile-header-display":"","site-post-title":"","ast-breadcrumbs-content":"","ast-featured-img":"","footer-sml-layout":"","ast-disable-related-posts":"","theme-transparent-header-meta":"default","adv-header-id-meta":"","stick-header-meta":"","header-above-stick-meta":"","header-main-stick-meta":"","header-below-stick-meta":"","astra-migrate-meta-layouts":"set","ast-page-background-enabled":"default","ast-page-background-meta":{"desktop":{"background-color":"","background-image":"","background-repeat":"repeat","background-position":"center center","background-size":"auto","background-attachment":"scroll","background-type":"","background-media":"","overlay-type":"","overlay-color":"","overlay-opacity":"","overlay-gradient":""},"tablet":{"background-color":"","background-image":"","background-repeat":"repeat","background-position":"center center","background-size":"auto","background-attachment":"scroll","background-type":"","background-media":"","overlay-type":"","overlay-color":"","overlay-opacity":"","overlay-gradient":""},"mobile":{"background-color":"","background-image":"","background-repeat":"repeat","background-position":"center center","background-size":"auto","background-attachment":"scroll","background-type":"","background-media":"","overlay-type":"","overlay-color":"","overlay-opacity":"","overlay-gradient":""}},"ast-content-background-meta":{"desktop":{"background-color":"var(--ast-global-color-5)","background-image":"","background-repeat":"repeat","background-position":"center center","background-size":"auto","background-attachment":"scroll","background-type":"","background-media":"","overlay-type":"","overlay-color":"","overlay-opacity":"","overlay-gradient":""},"tablet":{"background-color":"var(--ast-global-color-5)","background-image":"","background-repeat":"repeat","background-position":"center center","background-size":"auto","background-attachment":"scroll","background-type":"","background-media":"","overlay-type":"","overlay-color":"","overlay-opacity":"","overlay-gradient":""},"mobile":{"background-color":"var(--ast-global-color-5)","background-image":"","background-repeat":"repeat","background-position":"center center","background-size":"auto","background-attachment":"scroll","background-type":"","background-media":"","overlay-type":"","overlay-color":"","overlay-opacity":"","overlay-gradient":""}},"iawp_total_views":6},"product_brand":[],"product_cat":[211,638],"product_tag":[],"class_list":{"0":"post-14687","1":"product","2":"type-product","3":"status-publish","4":"has-post-thumbnail","6":"product_cat-hdmi","7":"product_cat-hdmi-cables","8":"desktop-align-left","9":"tablet-align-left","10":"mobile-align-left","12":"first","13":"instock","14":"shipping-taxable","15":"purchasable","16":"product-type-simple"},"acf":[],"_links":{"self":[{"href":"https:\/\/www.fjpremium.com\/fr\/wp-json\/wp\/v2\/product\/14687","targetHints":{"allow":["GET"]}}],"collection":[{"href":"https:\/\/www.fjpremium.com\/fr\/wp-json\/wp\/v2\/product"}],"about":[{"href":"https:\/\/www.fjpremium.com\/fr\/wp-json\/wp\/v2\/types\/product"}],"wp:featuredmedia":[{"embeddable":true,"href":"https:\/\/www.fjpremium.com\/fr\/wp-json\/wp\/v2\/media\/14696"}],"wp:attachment":[{"href":"https:\/\/www.fjpremium.com\/fr\/wp-json\/wp\/v2\/media?parent=14687"}],"wp:term":[{"taxonomy":"product_brand","embeddable":true,"href":"https:\/\/www.fjpremium.com\/fr\/wp-json\/wp\/v2\/product_brand?post=14687"},{"taxonomy":"product_cat","embeddable":true,"href":"https:\/\/www.fjpremium.com\/fr\/wp-json\/wp\/v2\/product_cat?post=14687"},{"taxonomy":"product_tag","embeddable":true,"href":"https:\/\/www.fjpremium.com\/fr\/wp-json\/wp\/v2\/product_tag?post=14687"}],"curies":[{"name":"wp","href":"https:\/\/api.w.org\/{rel}","templated":true}]}}