{"id":14661,"date":"2020-10-13T15:58:34","date_gmt":"2020-10-13T07:58:34","guid":{"rendered":"https:\/\/www.fjpremium.com\/?post_type=product&#038;p=14661"},"modified":"2023-12-14T13:51:16","modified_gmt":"2023-12-14T05:51:16","slug":"ultra-high-speed-hdmi-2-1-8k-cable","status":"publish","type":"product","link":"https:\/\/www.fjpremium.com\/fr\/product\/ultra-high-speed-hdmi-2-1-8k-cable\/","title":{"rendered":"C\u00e2ble HDMI Ultra HD tress\u00e9 pour bo\u00eetier TV 8k 10k"},"content":{"rendered":"<p>Notre c\u00e2ble tress\u00e9 durable \u00e0 double blindage est dot\u00e9 d'un bo\u00eetier m\u00e9tallique exquis con\u00e7u pour l'avenir du divertissement.<\/p>\n<p>Vous ferez l'exp\u00e9rience de r\u00e9solutions immersives jusqu'\u00e0 8K @ 60Hz, compl\u00e9t\u00e9es par le r\u00e9volutionnaire Dynamic HDR, qui ajuste la luminosit\u00e9, la couleur et la profondeur \u00e0 la vol\u00e9e.<\/p>\n<p>Et l'eARC prend en charge les formats audio les plus sophistiqu\u00e9s, du Dolby TrueHD au DTS-HD Master Audio\u2122.<\/p>\n<p>Ce c\u00e2ble HDMI pour 8k est dot\u00e9 du mode jeu VRR et ALLM. Son taux de transfert de donn\u00e9es a grimp\u00e9 \u00e0 48 Gbps, garantissant une qualit\u00e9 vid\u00e9o in\u00e9gal\u00e9e.<\/p>\n<p>Ses caract\u00e9ristiques :<\/p>\n<ul>\n<li>Conducteur du c\u00e2ble : Cuivre sans oxyg\u00e8ne de grande puret\u00e9<\/li>\n<li>Calibre du fil : 30AWG(1-3M), 28(5M)<\/li>\n<li>Isolation : PEHD<\/li>\n<li>Blindage : Triple blindage par feuille AL torsad\u00e9e, feuille AL globale, tresse 128# AL-MG, recouverte d'une feuille de cuivre et d'une bo\u00eete de blindage m\u00e9tallique sur la fiche.<\/li>\n<li>Veste : PVC souple<\/li>\n<\/ul>\n<p>De plus, chaque d\u00e9tail, des contacts plaqu\u00e9s or 24 carats \u00e0 la conformit\u00e9 RoHS et REACH, est un gage de qualit\u00e9 sup\u00e9rieure. Dans l'ensemble, contactez-nous d\u00e8s aujourd'hui et investissez dans ce produit pour rehausser vos offres.<\/p>","protected":false},"excerpt":{"rendered":"<p>\u00c9levez votre gamme de vente en gros avec le c\u00e2ble HDMI ultra HD de FARSINCE pour 8k, offrant Dynamic HDR, eARC et une vitesse de 48 Gbit\/s.<\/p>","protected":false},"featured_media":23926,"template":"","meta":{"_acf_changed":false,"_seopress_robots_primary_cat":"","_seopress_titles_title":"Braided Ultra HD HDMI Cable for 8k 10k TV Box - FARSINCE","_seopress_titles_desc":"","_seopress_robots_index":"","site-sidebar-layout":"default","site-content-layout":"default","ast-site-content-layout":"default","site-content-style":"default","site-sidebar-style":"default","ast-global-header-display":"","ast-banner-title-visibility":"","ast-main-header-display":"","ast-hfb-above-header-display":"","ast-hfb-below-header-display":"","ast-hfb-mobile-header-display":"","site-post-title":"","ast-breadcrumbs-content":"","ast-featured-img":"","footer-sml-layout":"","ast-disable-related-posts":"","theme-transparent-header-meta":"default","adv-header-id-meta":"","stick-header-meta":"","header-above-stick-meta":"","header-main-stick-meta":"","header-below-stick-meta":"","astra-migrate-meta-layouts":"set","ast-page-background-enabled":"default","ast-page-background-meta":{"desktop":{"background-color":"","background-image":"","background-repeat":"repeat","background-position":"center center","background-size":"auto","background-attachment":"scroll","background-type":"","background-media":"","overlay-type":"","overlay-color":"","overlay-opacity":"","overlay-gradient":""},"tablet":{"background-color":"","background-image":"","background-repeat":"repeat","background-position":"center center","background-size":"auto","background-attachment":"scroll","background-type":"","background-media":"","overlay-type":"","overlay-color":"","overlay-opacity":"","overlay-gradient":""},"mobile":{"background-color":"","background-image":"","background-repeat":"repeat","background-position":"center center","background-size":"auto","background-attachment":"scroll","background-type":"","background-media":"","overlay-type":"","overlay-color":"","overlay-opacity":"","overlay-gradient":""}},"ast-content-background-meta":{"desktop":{"background-color":"var(--ast-global-color-5)","background-image":"","background-repeat":"repeat","background-position":"center center","background-size":"auto","background-attachment":"scroll","background-type":"","background-media":"","overlay-type":"","overlay-color":"","overlay-opacity":"","overlay-gradient":""},"tablet":{"background-color":"var(--ast-global-color-5)","background-image":"","background-repeat":"repeat","background-position":"center center","background-size":"auto","background-attachment":"scroll","background-type":"","background-media":"","overlay-type":"","overlay-color":"","overlay-opacity":"","overlay-gradient":""},"mobile":{"background-color":"var(--ast-global-color-5)","background-image":"","background-repeat":"repeat","background-position":"center center","background-size":"auto","background-attachment":"scroll","background-type":"","background-media":"","overlay-type":"","overlay-color":"","overlay-opacity":"","overlay-gradient":""}},"iawp_total_views":25},"product_brand":[],"product_cat":[460,211,638],"product_tag":[],"class_list":{"0":"post-14661","1":"product","2":"type-product","3":"status-publish","4":"has-post-thumbnail","6":"product_cat-featured-products","7":"product_cat-hdmi","8":"product_cat-hdmi-cables","9":"desktop-align-left","10":"tablet-align-left","11":"mobile-align-left","13":"first","14":"instock","15":"shipping-taxable","16":"purchasable","17":"product-type-simple"},"acf":[],"_links":{"self":[{"href":"https:\/\/www.fjpremium.com\/fr\/wp-json\/wp\/v2\/product\/14661","targetHints":{"allow":["GET"]}}],"collection":[{"href":"https:\/\/www.fjpremium.com\/fr\/wp-json\/wp\/v2\/product"}],"about":[{"href":"https:\/\/www.fjpremium.com\/fr\/wp-json\/wp\/v2\/types\/product"}],"wp:featuredmedia":[{"embeddable":true,"href":"https:\/\/www.fjpremium.com\/fr\/wp-json\/wp\/v2\/media\/23926"}],"wp:attachment":[{"href":"https:\/\/www.fjpremium.com\/fr\/wp-json\/wp\/v2\/media?parent=14661"}],"wp:term":[{"taxonomy":"product_brand","embeddable":true,"href":"https:\/\/www.fjpremium.com\/fr\/wp-json\/wp\/v2\/product_brand?post=14661"},{"taxonomy":"product_cat","embeddable":true,"href":"https:\/\/www.fjpremium.com\/fr\/wp-json\/wp\/v2\/product_cat?post=14661"},{"taxonomy":"product_tag","embeddable":true,"href":"https:\/\/www.fjpremium.com\/fr\/wp-json\/wp\/v2\/product_tag?post=14661"}],"curies":[{"name":"wp","href":"https:\/\/api.w.org\/{rel}","templated":true}]}}