{"id":14656,"date":"2020-10-13T15:10:05","date_gmt":"2020-10-13T07:10:05","guid":{"rendered":"https:\/\/www.fjpremium.com\/?post_type=product&#038;p=14656"},"modified":"2023-12-14T14:58:35","modified_gmt":"2023-12-14T06:58:35","slug":"ultra-slim-36awg-thin-hdmi-2-0-cable-up-to-10-meter","status":"publish","type":"product","link":"https:\/\/www.fjpremium.com\/fr\/product\/ultra-slim-36awg-thin-hdmi-2-0-cable-up-to-10-meter\/","title":{"rendered":"C\u00e2ble HDMI 2.0 ultra mince et ultra rapide pour TV 4K 1m 2m 3m 5m 10m"},"content":{"rendered":"<p>Con\u00e7u pour les fonctions HDMI \u00e0 haut d\u00e9bit et les r\u00e9solutions vid\u00e9o jusqu'\u00e0 4K (2160p), ce c\u00e2ble s'adapte parfaitement aux espaces restreints gr\u00e2ce \u00e0 sa construction ultra-mince et flexible et \u00e0 la conception compacte de ses connecteurs.<\/p>\n<p>Sa compatibilit\u00e9 HDMI 2.0 et sa bande passante allant jusqu'\u00e0 18 Gbps garantissent une exp\u00e9rience visuelle optimale, avec une r\u00e9solution allant jusqu'\u00e0 4096 x 2160 @ 60Hz.<\/p>\n<p>De plus, vous pouvez profiter du format cin\u00e9matographique 21:9 et des images 3D immersives 1080p High Frame Rate (HFR), rafra\u00eechies \u00e0 une fr\u00e9quence allant jusqu'\u00e0 120 Hz.<\/p>\n<p>Les capacit\u00e9s Ethernet int\u00e9gr\u00e9es de notre c\u00e2ble permettent un acc\u00e8s simplifi\u00e9 au contenu interactif en ligne et aux mises \u00e0 jour du micrologiciel de l'appareil.<\/p>\n<p>Ses caract\u00e9ristiques :<\/p>\n<ul>\n<li>Contact plaqu\u00e9 or, coque plaqu\u00e9e or<\/li>\n<li>Conducteur du c\u00e2ble : Cuivre \u00e9tam\u00e9<\/li>\n<li>Calibre du fil : 36AWG(1-3M), 36AWG avec Redmere chipset(5M), 34AWG avec Redmere chipset( 7.5m, 10m)<\/li>\n<li>Triple blindage : feuille AL torsad\u00e9e, feuille AL globale, tresse en cuivre \u00e9tam\u00e9 80#<\/li>\n<li>Gaine : PVC<\/li>\n<li>Les c\u00e2bles ronds ou plats sont tous disponibles<\/li>\n<\/ul>\n<p>B\u00e9n\u00e9ficiant d'une garantie de 5 ans et conforme aux normes RoHS et REACH, il garantit long\u00e9vit\u00e9 et tranquillit\u00e9 d'esprit. Contactez-nous d\u00e8s aujourd'hui et ajoutez ce c\u00e2ble HDMI 2.0 pour TV 4K \u00e0 votre inventaire.<\/p>","protected":false},"excerpt":{"rendered":"<p>Entrez dans le monde du divertissement haute d\u00e9finition avec le c\u00e2ble HDMI 2.0 ultra fin haute vitesse de FARSINCE pour t\u00e9l\u00e9viseur 4K, parfait pour les espaces restreints.<\/p>","protected":false},"featured_media":24175,"template":"","meta":{"_acf_changed":false,"_seopress_robots_primary_cat":"","_seopress_titles_title":"High Speed Thin HDMI 2.0 Cable for 4K TV - Farsince","_seopress_titles_desc":"","_seopress_robots_index":"","site-sidebar-layout":"default","site-content-layout":"default","ast-site-content-layout":"default","site-content-style":"default","site-sidebar-style":"default","ast-global-header-display":"","ast-banner-title-visibility":"","ast-main-header-display":"","ast-hfb-above-header-display":"","ast-hfb-below-header-display":"","ast-hfb-mobile-header-display":"","site-post-title":"","ast-breadcrumbs-content":"","ast-featured-img":"","footer-sml-layout":"","ast-disable-related-posts":"","theme-transparent-header-meta":"default","adv-header-id-meta":"","stick-header-meta":"","header-above-stick-meta":"","header-main-stick-meta":"","header-below-stick-meta":"","astra-migrate-meta-layouts":"set","ast-page-background-enabled":"default","ast-page-background-meta":{"desktop":{"background-color":"","background-image":"","background-repeat":"repeat","background-position":"center center","background-size":"auto","background-attachment":"scroll","background-type":"","background-media":"","overlay-type":"","overlay-color":"","overlay-opacity":"","overlay-gradient":""},"tablet":{"background-color":"","background-image":"","background-repeat":"repeat","background-position":"center center","background-size":"auto","background-attachment":"scroll","background-type":"","background-media":"","overlay-type":"","overlay-color":"","overlay-opacity":"","overlay-gradient":""},"mobile":{"background-color":"","background-image":"","background-repeat":"repeat","background-position":"center center","background-size":"auto","background-attachment":"scroll","background-type":"","background-media":"","overlay-type":"","overlay-color":"","overlay-opacity":"","overlay-gradient":""}},"ast-content-background-meta":{"desktop":{"background-color":"var(--ast-global-color-5)","background-image":"","background-repeat":"repeat","background-position":"center center","background-size":"auto","background-attachment":"scroll","background-type":"","background-media":"","overlay-type":"","overlay-color":"","overlay-opacity":"","overlay-gradient":""},"tablet":{"background-color":"var(--ast-global-color-5)","background-image":"","background-repeat":"repeat","background-position":"center center","background-size":"auto","background-attachment":"scroll","background-type":"","background-media":"","overlay-type":"","overlay-color":"","overlay-opacity":"","overlay-gradient":""},"mobile":{"background-color":"var(--ast-global-color-5)","background-image":"","background-repeat":"repeat","background-position":"center center","background-size":"auto","background-attachment":"scroll","background-type":"","background-media":"","overlay-type":"","overlay-color":"","overlay-opacity":"","overlay-gradient":""}},"iawp_total_views":12},"product_brand":[],"product_cat":[211,638],"product_tag":[],"class_list":{"0":"post-14656","1":"product","2":"type-product","3":"status-publish","4":"has-post-thumbnail","6":"product_cat-hdmi","7":"product_cat-hdmi-cables","8":"desktop-align-left","9":"tablet-align-left","10":"mobile-align-left","12":"first","13":"instock","14":"shipping-taxable","15":"purchasable","16":"product-type-simple"},"acf":[],"_links":{"self":[{"href":"https:\/\/www.fjpremium.com\/fr\/wp-json\/wp\/v2\/product\/14656","targetHints":{"allow":["GET"]}}],"collection":[{"href":"https:\/\/www.fjpremium.com\/fr\/wp-json\/wp\/v2\/product"}],"about":[{"href":"https:\/\/www.fjpremium.com\/fr\/wp-json\/wp\/v2\/types\/product"}],"wp:featuredmedia":[{"embeddable":true,"href":"https:\/\/www.fjpremium.com\/fr\/wp-json\/wp\/v2\/media\/24175"}],"wp:attachment":[{"href":"https:\/\/www.fjpremium.com\/fr\/wp-json\/wp\/v2\/media?parent=14656"}],"wp:term":[{"taxonomy":"product_brand","embeddable":true,"href":"https:\/\/www.fjpremium.com\/fr\/wp-json\/wp\/v2\/product_brand?post=14656"},{"taxonomy":"product_cat","embeddable":true,"href":"https:\/\/www.fjpremium.com\/fr\/wp-json\/wp\/v2\/product_cat?post=14656"},{"taxonomy":"product_tag","embeddable":true,"href":"https:\/\/www.fjpremium.com\/fr\/wp-json\/wp\/v2\/product_tag?post=14656"}],"curies":[{"name":"wp","href":"https:\/\/api.w.org\/{rel}","templated":true}]}}