{"id":25108,"date":"2024-01-24T13:55:20","date_gmt":"2024-01-24T05:55:20","guid":{"rendered":"https:\/\/www.fjpremium.com\/?post_type=product&#038;p=25108"},"modified":"2024-03-19T16:26:01","modified_gmt":"2024-03-19T08:26:01","slug":"26pin-idc-to-db25-slot-plate-adapter","status":"publish","type":"product","link":"https:\/\/www.fjpremium.com\/es\/product\/26pin-idc-to-db25-slot-plate-adapter\/","title":{"rendered":"Adaptador de cable plano IDC de 26 patillas a placa de ranura DB25"},"content":{"rendered":"<p>Farsince High Quality 26Pin IDC Flat Ribbon Cable To DB25 Slot Plate Adaptador de interfaz en la placa base dentro del chasis para llevar a DB25 interfaces de alta velocidad en el bastidor bisel trasero. Viene con IDC 26PIN conector hembra para conectar a la placa base, no requiere instalaci\u00f3n de controladores, plug and play, puerto DB25, situado fuera de la caja del ordenador. Adecuado para SmoothStepper, UC400 y otras placas CNC. El cable plano ahorra espacio y tiempo en los componentes de interconexi\u00f3n de circuitos.<\/p>\n<p>El modo SPP Normal es compatible con todos los dispositivos paralelos y es el m\u00e1s lento. Recomendar ECP los datos se env\u00edan utilizando el protocolo DMA y proporciona una comunicaci\u00f3n bidireccional sim\u00e9trica a una velocidad de 2,5 Mbit\/s.<\/p>\n<p><!-- notionvc: b095f5fd-12ca-4e3c-aa4a-6b7b9d201367 --><\/p>\n<p><!-- notionvc: d1bf7134-081f-4dda-91f6-fa2bc73c01d9 --><\/p>\n<p><!-- notionvc: 7691773d-0462-4a7f-b41c-a58ee20dbfad --><\/p>\n<p><!-- notionvc: e16f256b-1002-40c7-afcf-7c7c760a7e79 --><\/p>\n<p><span style=\"font-size: 16px;\">Sus especificaciones:<\/span><\/p>\n<ul>\n<li>Conector 1: IDC 26PIN hembra interno<\/li>\n<li>Conector 2: DB25 macho externo<\/li>\n<li>Contacto dorado, carcasa niquelada<\/li>\n<li>Conductor del cable: Cobre desnudo<\/li>\n<li>Carcasa: Moldeo por inyecci\u00f3n<\/li>\n<li>Cubierta: PVC<\/li>\n<li>Admite velocidades de hasta 2,5 Mbit\/s y proporciona comunicaci\u00f3n bidireccional sim\u00e9trica.<\/li>\n<li>Conformidad: RoHS, REACH<\/li>\n<\/ul>","protected":false},"excerpt":{"rendered":"<p>Adaptador de cable plano IDC de 26 clavijas a placa ranurada DB25, 0,3M<\/p>","protected":false},"featured_media":25144,"template":"","meta":{"_acf_changed":false,"_seopress_robots_primary_cat":"","_seopress_titles_title":"26Pin IDC Flat Ribbon Cable To DB25 Slot Plate Adapter","_seopress_titles_desc":"","_seopress_robots_index":"","site-sidebar-layout":"default","site-content-layout":"default","ast-site-content-layout":"default","site-content-style":"default","site-sidebar-style":"default","ast-global-header-display":"","ast-banner-title-visibility":"","ast-main-header-display":"","ast-hfb-above-header-display":"","ast-hfb-below-header-display":"","ast-hfb-mobile-header-display":"","site-post-title":"","ast-breadcrumbs-content":"","ast-featured-img":"","footer-sml-layout":"","ast-disable-related-posts":"","theme-transparent-header-meta":"default","adv-header-id-meta":"","stick-header-meta":"","header-above-stick-meta":"","header-main-stick-meta":"","header-below-stick-meta":"","astra-migrate-meta-layouts":"set","ast-page-background-enabled":"default","ast-page-background-meta":{"desktop":{"background-color":"","background-image":"","background-repeat":"repeat","background-position":"center center","background-size":"auto","background-attachment":"scroll","background-type":"","background-media":"","overlay-type":"","overlay-color":"","overlay-opacity":"","overlay-gradient":""},"tablet":{"background-color":"","background-image":"","background-repeat":"repeat","background-position":"center center","background-size":"auto","background-attachment":"scroll","background-type":"","background-media":"","overlay-type":"","overlay-color":"","overlay-opacity":"","overlay-gradient":""},"mobile":{"background-color":"","background-image":"","background-repeat":"repeat","background-position":"center center","background-size":"auto","background-attachment":"scroll","background-type":"","background-media":"","overlay-type":"","overlay-color":"","overlay-opacity":"","overlay-gradient":""}},"ast-content-background-meta":{"desktop":{"background-color":"var(--ast-global-color-5)","background-image":"","background-repeat":"repeat","background-position":"center center","background-size":"auto","background-attachment":"scroll","background-type":"","background-media":"","overlay-type":"","overlay-color":"","overlay-opacity":"","overlay-gradient":""},"tablet":{"background-color":"var(--ast-global-color-5)","background-image":"","background-repeat":"repeat","background-position":"center center","background-size":"auto","background-attachment":"scroll","background-type":"","background-media":"","overlay-type":"","overlay-color":"","overlay-opacity":"","overlay-gradient":""},"mobile":{"background-color":"var(--ast-global-color-5)","background-image":"","background-repeat":"repeat","background-position":"center center","background-size":"auto","background-attachment":"scroll","background-type":"","background-media":"","overlay-type":"","overlay-color":"","overlay-opacity":"","overlay-gradient":""}},"iawp_total_views":12},"product_brand":[],"product_cat":[238,712],"product_tag":[],"class_list":{"0":"post-25108","1":"product","2":"type-product","3":"status-publish","4":"has-post-thumbnail","6":"product_cat-panel-mount","7":"product_cat-slot-brackets","8":"desktop-align-left","9":"tablet-align-left","10":"mobile-align-left","12":"first","13":"instock","14":"shipping-taxable","15":"purchasable","16":"product-type-simple"},"acf":[],"_links":{"self":[{"href":"https:\/\/www.fjpremium.com\/es\/wp-json\/wp\/v2\/product\/25108","targetHints":{"allow":["GET"]}}],"collection":[{"href":"https:\/\/www.fjpremium.com\/es\/wp-json\/wp\/v2\/product"}],"about":[{"href":"https:\/\/www.fjpremium.com\/es\/wp-json\/wp\/v2\/types\/product"}],"wp:featuredmedia":[{"embeddable":true,"href":"https:\/\/www.fjpremium.com\/es\/wp-json\/wp\/v2\/media\/25144"}],"wp:attachment":[{"href":"https:\/\/www.fjpremium.com\/es\/wp-json\/wp\/v2\/media?parent=25108"}],"wp:term":[{"taxonomy":"product_brand","embeddable":true,"href":"https:\/\/www.fjpremium.com\/es\/wp-json\/wp\/v2\/product_brand?post=25108"},{"taxonomy":"product_cat","embeddable":true,"href":"https:\/\/www.fjpremium.com\/es\/wp-json\/wp\/v2\/product_cat?post=25108"},{"taxonomy":"product_tag","embeddable":true,"href":"https:\/\/www.fjpremium.com\/es\/wp-json\/wp\/v2\/product_tag?post=25108"}],"curies":[{"name":"wp","href":"https:\/\/api.w.org\/{rel}","templated":true}]}}