{"id":25047,"date":"2024-01-24T10:27:27","date_gmt":"2024-01-24T02:27:27","guid":{"rendered":"https:\/\/www.fjpremium.com\/?post_type=product&#038;p=25047"},"modified":"2024-04-03T13:40:55","modified_gmt":"2024-04-03T05:40:55","slug":"usb-3-1-type-c-slot-plate-adapter-cable","status":"publish","type":"product","link":"https:\/\/www.fjpremium.com\/es\/product\/usb-3-1-type-c-slot-plate-adapter-cable\/","title":{"rendered":"USB 3.1 Tipo C Slot Plate Adaptador Cable Macho a Hembra"},"content":{"rendered":"<p>Analicemos este cable adaptador de placa de ranura USB 3.1 tipo C:<\/p>\n<p>\u00bfConectores? USB 3.1 Type-C macho y hembra, que cierra la brecha entre la tecnolog\u00eda antigua y la nueva.<\/p>\n<p>\u00bfDurabilidad? Construido resistente con tuercas y tornillos niquelados, adem\u00e1s de blindaje para mayor longevidad.<\/p>\n<p>\u00bfVelocidad? Transferencia de datos ultrarr\u00e1pida de hasta 10 Gbps y admite carga r\u00e1pida de hasta 100 W.<\/p>\n<p>\u00bfCompatibilidad? Es compatible con USB 3.0 y USB 2.0, por lo que todos tus dispositivos pueden funcionar bien.<\/p>\n<p><!-- notionvc: 39e6d870-2ccd-4bdf-a9fa-167fb191cf76 --><\/p>\n<p><!-- notionvc: b095f5fd-12ca-4e3c-aa4a-6b7b9d201367 --><\/p>\n<p><!-- notionvc: d1bf7134-081f-4dda-91f6-fa2bc73c01d9 --><\/p>\n<p><!-- notionvc: 7691773d-0462-4a7f-b41c-a58ee20dbfad --><\/p>\n<p><!-- notionvc: e16f256b-1002-40c7-afcf-7c7c760a7e79 --><\/p>\n<p><span style=\"font-size: 16px;\">Sus especificaciones:<\/span><\/p>\n<ul>\n<li>Conector 1: USB 3.1 Tipo-C macho interno<\/li>\n<li>Conector 2: USB 3.1 Tipo-C hembra externo<\/li>\n<li>Contacto dorado, carcasa niquelada<\/li>\n<li>Tipo de tuerca y tornillo: M3 niquelado<\/li>\n<li>Paso de los orificios: 20\u00b10,5 mm<\/li>\n<li>Conductor del cable: Cobre desnudo<\/li>\n<li>Calibre del cable: 32AWG<\/li>\n<li>Di\u00e1metro exterior: 4,6 mm<\/li>\n<li>Blindaje: Papel de aluminio, trenzado<\/li>\n<li>Carcasa: Moldeo por inyecci\u00f3n<\/li>\n<li>Cubierta: PVC<\/li>\n<li>Transferencia de datos\/sincronizaci\u00f3n ultrarr\u00e1pida (hasta 10 Gbps), tambi\u00e9n admite carga r\u00e1pida USB de hasta 100 W<\/li>\n<li>Compatible con USB 3.0 (5 Gbps) y USB 2.0 (480 Mbps) de alta velocidad<\/li>\n<li>Conformidad: RoHS, REACH<\/li>\n<\/ul>","protected":false},"excerpt":{"rendered":"<p>USB 3.1 Tipo C Slot Plate Adaptador Cable Macho a Hembra, 0.3M<\/p>","protected":false},"featured_media":25174,"template":"","meta":{"_acf_changed":false,"_seopress_robots_primary_cat":"","_seopress_titles_title":"USB 3.1 Type C Slot Plate Adapter Male to Female Cable","_seopress_titles_desc":"","_seopress_robots_index":"","site-sidebar-layout":"default","site-content-layout":"default","ast-site-content-layout":"default","site-content-style":"default","site-sidebar-style":"default","ast-global-header-display":"","ast-banner-title-visibility":"","ast-main-header-display":"","ast-hfb-above-header-display":"","ast-hfb-below-header-display":"","ast-hfb-mobile-header-display":"","site-post-title":"","ast-breadcrumbs-content":"","ast-featured-img":"","footer-sml-layout":"","ast-disable-related-posts":"","theme-transparent-header-meta":"default","adv-header-id-meta":"","stick-header-meta":"","header-above-stick-meta":"","header-main-stick-meta":"","header-below-stick-meta":"","astra-migrate-meta-layouts":"set","ast-page-background-enabled":"default","ast-page-background-meta":{"desktop":{"background-color":"","background-image":"","background-repeat":"repeat","background-position":"center center","background-size":"auto","background-attachment":"scroll","background-type":"","background-media":"","overlay-type":"","overlay-color":"","overlay-opacity":"","overlay-gradient":""},"tablet":{"background-color":"","background-image":"","background-repeat":"repeat","background-position":"center center","background-size":"auto","background-attachment":"scroll","background-type":"","background-media":"","overlay-type":"","overlay-color":"","overlay-opacity":"","overlay-gradient":""},"mobile":{"background-color":"","background-image":"","background-repeat":"repeat","background-position":"center center","background-size":"auto","background-attachment":"scroll","background-type":"","background-media":"","overlay-type":"","overlay-color":"","overlay-opacity":"","overlay-gradient":""}},"ast-content-background-meta":{"desktop":{"background-color":"var(--ast-global-color-5)","background-image":"","background-repeat":"repeat","background-position":"center center","background-size":"auto","background-attachment":"scroll","background-type":"","background-media":"","overlay-type":"","overlay-color":"","overlay-opacity":"","overlay-gradient":""},"tablet":{"background-color":"var(--ast-global-color-5)","background-image":"","background-repeat":"repeat","background-position":"center center","background-size":"auto","background-attachment":"scroll","background-type":"","background-media":"","overlay-type":"","overlay-color":"","overlay-opacity":"","overlay-gradient":""},"mobile":{"background-color":"var(--ast-global-color-5)","background-image":"","background-repeat":"repeat","background-position":"center center","background-size":"auto","background-attachment":"scroll","background-type":"","background-media":"","overlay-type":"","overlay-color":"","overlay-opacity":"","overlay-gradient":""}},"iawp_total_views":5},"product_brand":[],"product_cat":[238,712],"product_tag":[],"class_list":{"0":"post-25047","1":"product","2":"type-product","3":"status-publish","4":"has-post-thumbnail","6":"product_cat-panel-mount","7":"product_cat-slot-brackets","8":"desktop-align-left","9":"tablet-align-left","10":"mobile-align-left","12":"first","13":"instock","14":"shipping-taxable","15":"purchasable","16":"product-type-simple"},"acf":[],"_links":{"self":[{"href":"https:\/\/www.fjpremium.com\/es\/wp-json\/wp\/v2\/product\/25047","targetHints":{"allow":["GET"]}}],"collection":[{"href":"https:\/\/www.fjpremium.com\/es\/wp-json\/wp\/v2\/product"}],"about":[{"href":"https:\/\/www.fjpremium.com\/es\/wp-json\/wp\/v2\/types\/product"}],"wp:featuredmedia":[{"embeddable":true,"href":"https:\/\/www.fjpremium.com\/es\/wp-json\/wp\/v2\/media\/25174"}],"wp:attachment":[{"href":"https:\/\/www.fjpremium.com\/es\/wp-json\/wp\/v2\/media?parent=25047"}],"wp:term":[{"taxonomy":"product_brand","embeddable":true,"href":"https:\/\/www.fjpremium.com\/es\/wp-json\/wp\/v2\/product_brand?post=25047"},{"taxonomy":"product_cat","embeddable":true,"href":"https:\/\/www.fjpremium.com\/es\/wp-json\/wp\/v2\/product_cat?post=25047"},{"taxonomy":"product_tag","embeddable":true,"href":"https:\/\/www.fjpremium.com\/es\/wp-json\/wp\/v2\/product_tag?post=25047"}],"curies":[{"name":"wp","href":"https:\/\/api.w.org\/{rel}","templated":true}]}}