{"id":24967,"date":"2024-01-23T16:13:19","date_gmt":"2024-01-23T08:13:19","guid":{"rendered":"https:\/\/www.fjpremium.com\/?post_type=product&#038;p=24967"},"modified":"2024-04-02T16:16:52","modified_gmt":"2024-04-02T08:16:52","slug":"3-5mm-panel-flush-mount-extension-cable","status":"publish","type":"product","link":"https:\/\/www.fjpremium.com\/es\/product\/3-5mm-panel-flush-mount-extension-cable\/","title":{"rendered":"Cable de extensi\u00f3n de 3,5 mm de un solo puerto para montaje empotrado en panel"},"content":{"rendered":"<p>El cable de extensi\u00f3n de montaje empotrado en panel de 3,5 mm de puerto \u00fanico de alta calidad FARSINCE est\u00e1 dise\u00f1ado para expandir sin esfuerzo el puerto est\u00e9reo de 3,5 mm en el tablero de su autom\u00f3vil, as\u00ed como en camiones, motocicletas, botes, yates y m\u00e1s.<\/p>\n<p>La instalaci\u00f3n es muy sencilla: simplemente use un orificio existente o corte un orificio en el tablero y coloque el cable en su lugar.<\/p>\n<p>Adem\u00e1s, con su cubierta resistente al agua y al polvo, es perfecto para uso en exteriores, ya que protege el conector de la lluvia y la suciedad para evitar da\u00f1os.<\/p>\n<p><!-- notionvc: b095f5fd-12ca-4e3c-aa4a-6b7b9d201367 --><\/p>\n<p><!-- notionvc: d1bf7134-081f-4dda-91f6-fa2bc73c01d9 --><\/p>\n<p><!-- notionvc: 7691773d-0462-4a7f-b41c-a58ee20dbfad --><\/p>\n<p><!-- notionvc: e16f256b-1002-40c7-afcf-7c7c760a7e79 --><\/p>\n<p><span style=\"font-size: 16px;\">Sus especificaciones:<\/span><\/p>\n<ul>\n<li>Conector 1: 3,5 mm est\u00e9reo macho<\/li>\n<li>Conector 2: hembra est\u00e9reo de 3,5 mm<\/li>\n<li>Contacto dorado, carcasa dorada<\/li>\n<li>Conductor del cable: Cobre desnudo<\/li>\n<li>Calibre del cable: 28AWG<\/li>\n<li>Di\u00e1metro exterior: 3,5 mm<\/li>\n<li>Blindaje: Ninguno<\/li>\n<li>Carcasa: Molde de inyecci\u00f3n<\/li>\n<li>Cubierta: PVC<\/li>\n<li>La toma de audio de 3,5 mm permite la entrada de un dispositivo de audio externo<\/li>\n<li>Conformidad: RoHS, REACH<\/li>\n<\/ul>","protected":false},"excerpt":{"rendered":"<p>Cable de extensi\u00f3n de montaje empotrado en panel de 3,5 mm y puerto \u00fanico para coches, camiones, motocicletas, barcos, yates<\/p>","protected":false},"featured_media":24968,"template":"","meta":{"_acf_changed":false,"_seopress_robots_primary_cat":"","_seopress_titles_title":"Single Port 3.5mm Panel Flush Mount Extension Cable","_seopress_titles_desc":"","_seopress_robots_index":"","site-sidebar-layout":"default","site-content-layout":"default","ast-site-content-layout":"default","site-content-style":"default","site-sidebar-style":"default","ast-global-header-display":"","ast-banner-title-visibility":"","ast-main-header-display":"","ast-hfb-above-header-display":"","ast-hfb-below-header-display":"","ast-hfb-mobile-header-display":"","site-post-title":"","ast-breadcrumbs-content":"","ast-featured-img":"","footer-sml-layout":"","ast-disable-related-posts":"","theme-transparent-header-meta":"default","adv-header-id-meta":"","stick-header-meta":"","header-above-stick-meta":"","header-main-stick-meta":"","header-below-stick-meta":"","astra-migrate-meta-layouts":"set","ast-page-background-enabled":"default","ast-page-background-meta":{"desktop":{"background-color":"","background-image":"","background-repeat":"repeat","background-position":"center center","background-size":"auto","background-attachment":"scroll","background-type":"","background-media":"","overlay-type":"","overlay-color":"","overlay-opacity":"","overlay-gradient":""},"tablet":{"background-color":"","background-image":"","background-repeat":"repeat","background-position":"center center","background-size":"auto","background-attachment":"scroll","background-type":"","background-media":"","overlay-type":"","overlay-color":"","overlay-opacity":"","overlay-gradient":""},"mobile":{"background-color":"","background-image":"","background-repeat":"repeat","background-position":"center center","background-size":"auto","background-attachment":"scroll","background-type":"","background-media":"","overlay-type":"","overlay-color":"","overlay-opacity":"","overlay-gradient":""}},"ast-content-background-meta":{"desktop":{"background-color":"var(--ast-global-color-5)","background-image":"","background-repeat":"repeat","background-position":"center center","background-size":"auto","background-attachment":"scroll","background-type":"","background-media":"","overlay-type":"","overlay-color":"","overlay-opacity":"","overlay-gradient":""},"tablet":{"background-color":"var(--ast-global-color-5)","background-image":"","background-repeat":"repeat","background-position":"center center","background-size":"auto","background-attachment":"scroll","background-type":"","background-media":"","overlay-type":"","overlay-color":"","overlay-opacity":"","overlay-gradient":""},"mobile":{"background-color":"var(--ast-global-color-5)","background-image":"","background-repeat":"repeat","background-position":"center center","background-size":"auto","background-attachment":"scroll","background-type":"","background-media":"","overlay-type":"","overlay-color":"","overlay-opacity":"","overlay-gradient":""}},"iawp_total_views":3},"product_brand":[],"product_cat":[238,681],"product_tag":[],"class_list":{"0":"post-24967","1":"product","2":"type-product","3":"status-publish","4":"has-post-thumbnail","6":"product_cat-panel-mount","7":"product_cat-waterproof-rugged-cables","8":"desktop-align-left","9":"tablet-align-left","10":"mobile-align-left","12":"first","13":"instock","14":"shipping-taxable","15":"purchasable","16":"product-type-simple"},"acf":[],"_links":{"self":[{"href":"https:\/\/www.fjpremium.com\/es\/wp-json\/wp\/v2\/product\/24967","targetHints":{"allow":["GET"]}}],"collection":[{"href":"https:\/\/www.fjpremium.com\/es\/wp-json\/wp\/v2\/product"}],"about":[{"href":"https:\/\/www.fjpremium.com\/es\/wp-json\/wp\/v2\/types\/product"}],"wp:featuredmedia":[{"embeddable":true,"href":"https:\/\/www.fjpremium.com\/es\/wp-json\/wp\/v2\/media\/24968"}],"wp:attachment":[{"href":"https:\/\/www.fjpremium.com\/es\/wp-json\/wp\/v2\/media?parent=24967"}],"wp:term":[{"taxonomy":"product_brand","embeddable":true,"href":"https:\/\/www.fjpremium.com\/es\/wp-json\/wp\/v2\/product_brand?post=24967"},{"taxonomy":"product_cat","embeddable":true,"href":"https:\/\/www.fjpremium.com\/es\/wp-json\/wp\/v2\/product_cat?post=24967"},{"taxonomy":"product_tag","embeddable":true,"href":"https:\/\/www.fjpremium.com\/es\/wp-json\/wp\/v2\/product_tag?post=24967"}],"curies":[{"name":"wp","href":"https:\/\/api.w.org\/{rel}","templated":true}]}}