{"id":24961,"date":"2024-01-23T16:06:46","date_gmt":"2024-01-23T08:06:46","guid":{"rendered":"https:\/\/www.fjpremium.com\/?post_type=product&#038;p=24961"},"modified":"2024-04-02T16:14:38","modified_gmt":"2024-04-02T08:14:38","slug":"flush-mount-usb-c-port-usb-type-c-extension-cable","status":"publish","type":"product","link":"https:\/\/www.fjpremium.com\/es\/product\/flush-mount-usb-c-port-usb-type-c-extension-cable\/","title":{"rendered":"Cable de extensi\u00f3n de puerto USB tipo C de montaje empotrado"},"content":{"rendered":"<p>Renueve su conectividad USB tipo C sin esfuerzo con el cable de extensi\u00f3n USB tipo C con puerto USB C de montaje empotrado.<\/p>\n<p>Dise\u00f1ado para una f\u00e1cil instalaci\u00f3n, ampl\u00eda perfectamente tus puertos USB sin desorden.<\/p>\n<p>Admite USB 3.1 Type-C con velocidades de hasta 10 Gbps para transferencias de datos fluidas y transmisi\u00f3n de video 4K@60Hz.<\/p>\n<p>Construido para durar con una construcci\u00f3n robusta y cumpliendo con los est\u00e1ndares RoHS y REACH.<\/p>\n<p>Tambi\u00e9n es compatible con USB 3.0 y compatible con versiones anteriores de USB 2.0, lo que garantiza la conectividad con dispositivos m\u00e1s antiguos.<\/p>\n<p><!-- notionvc: b095f5fd-12ca-4e3c-aa4a-6b7b9d201367 --><\/p>\n<p><!-- notionvc: d1bf7134-081f-4dda-91f6-fa2bc73c01d9 --><\/p>\n<p><!-- notionvc: 7691773d-0462-4a7f-b41c-a58ee20dbfad --><\/p>\n<p><!-- notionvc: e16f256b-1002-40c7-afcf-7c7c760a7e79 --><\/p>\n<p><span style=\"font-size: 16px;\">Sus especificaciones:<\/span><\/p>\n<ul>\n<li>Conector 1: USB 3.0\/3.1 Tipo-C macho<\/li>\n<li>Conector 2: USB 3.0\/3.1 Tipo-C hembra<\/li>\n<li>Contacto dorado, carcasa niquelada<\/li>\n<li>Conductor del cable: Cobre desnudo<\/li>\n<li>Calibre del cable: 30\/30\/24AWG para USB 3.0 Tipo-C OD5.5mm; 32\/32\/24AWG para USB 3.1 Tipo-C OD4.5mm<\/li>\n<li>Blindaje: Papel de aluminio, trenzado<\/li>\n<li>Carcasa: Molde de inyecci\u00f3n<\/li>\n<li>Cubierta: PVC<\/li>\n<li>La velocidad de transferencia del soporte USB 3.1 Type-C alcanza los 10 Gbps, resoluci\u00f3n de v\u00eddeo de hasta 4K@60Hz<\/li>\n<li>USB 3.0 Type-C admite dispositivos USB 3.0 de supervelocidad y la velocidad de transferencia alcanza los 5 Gbps.<\/li>\n<li>Compatible con USB 2.0 de alta velocidad (480 Mbps)<\/li>\n<li>Conformidad: RoHS, REACH<\/li>\n<\/ul>","protected":false},"excerpt":{"rendered":"<p>Cable de extensi\u00f3n de puerto USB tipo C de montaje empotrado para coches, camiones, motocicletas, barcos, yates<\/p>","protected":false},"featured_media":24962,"template":"","meta":{"_acf_changed":false,"_seopress_robots_primary_cat":"","_seopress_titles_title":"Flush Mount Usb C Port USB Type-C Extension Cable","_seopress_titles_desc":"","_seopress_robots_index":"","site-sidebar-layout":"default","site-content-layout":"default","ast-site-content-layout":"default","site-content-style":"default","site-sidebar-style":"default","ast-global-header-display":"","ast-banner-title-visibility":"","ast-main-header-display":"","ast-hfb-above-header-display":"","ast-hfb-below-header-display":"","ast-hfb-mobile-header-display":"","site-post-title":"","ast-breadcrumbs-content":"","ast-featured-img":"","footer-sml-layout":"","ast-disable-related-posts":"","theme-transparent-header-meta":"default","adv-header-id-meta":"","stick-header-meta":"","header-above-stick-meta":"","header-main-stick-meta":"","header-below-stick-meta":"","astra-migrate-meta-layouts":"set","ast-page-background-enabled":"default","ast-page-background-meta":{"desktop":{"background-color":"","background-image":"","background-repeat":"repeat","background-position":"center center","background-size":"auto","background-attachment":"scroll","background-type":"","background-media":"","overlay-type":"","overlay-color":"","overlay-opacity":"","overlay-gradient":""},"tablet":{"background-color":"","background-image":"","background-repeat":"repeat","background-position":"center center","background-size":"auto","background-attachment":"scroll","background-type":"","background-media":"","overlay-type":"","overlay-color":"","overlay-opacity":"","overlay-gradient":""},"mobile":{"background-color":"","background-image":"","background-repeat":"repeat","background-position":"center center","background-size":"auto","background-attachment":"scroll","background-type":"","background-media":"","overlay-type":"","overlay-color":"","overlay-opacity":"","overlay-gradient":""}},"ast-content-background-meta":{"desktop":{"background-color":"var(--ast-global-color-5)","background-image":"","background-repeat":"repeat","background-position":"center center","background-size":"auto","background-attachment":"scroll","background-type":"","background-media":"","overlay-type":"","overlay-color":"","overlay-opacity":"","overlay-gradient":""},"tablet":{"background-color":"var(--ast-global-color-5)","background-image":"","background-repeat":"repeat","background-position":"center center","background-size":"auto","background-attachment":"scroll","background-type":"","background-media":"","overlay-type":"","overlay-color":"","overlay-opacity":"","overlay-gradient":""},"mobile":{"background-color":"var(--ast-global-color-5)","background-image":"","background-repeat":"repeat","background-position":"center center","background-size":"auto","background-attachment":"scroll","background-type":"","background-media":"","overlay-type":"","overlay-color":"","overlay-opacity":"","overlay-gradient":""}},"iawp_total_views":23},"product_brand":[],"product_cat":[238,681],"product_tag":[],"class_list":{"0":"post-24961","1":"product","2":"type-product","3":"status-publish","4":"has-post-thumbnail","6":"product_cat-panel-mount","7":"product_cat-waterproof-rugged-cables","8":"desktop-align-left","9":"tablet-align-left","10":"mobile-align-left","12":"first","13":"instock","14":"shipping-taxable","15":"purchasable","16":"product-type-simple"},"acf":[],"_links":{"self":[{"href":"https:\/\/www.fjpremium.com\/es\/wp-json\/wp\/v2\/product\/24961","targetHints":{"allow":["GET"]}}],"collection":[{"href":"https:\/\/www.fjpremium.com\/es\/wp-json\/wp\/v2\/product"}],"about":[{"href":"https:\/\/www.fjpremium.com\/es\/wp-json\/wp\/v2\/types\/product"}],"wp:featuredmedia":[{"embeddable":true,"href":"https:\/\/www.fjpremium.com\/es\/wp-json\/wp\/v2\/media\/24962"}],"wp:attachment":[{"href":"https:\/\/www.fjpremium.com\/es\/wp-json\/wp\/v2\/media?parent=24961"}],"wp:term":[{"taxonomy":"product_brand","embeddable":true,"href":"https:\/\/www.fjpremium.com\/es\/wp-json\/wp\/v2\/product_brand?post=24961"},{"taxonomy":"product_cat","embeddable":true,"href":"https:\/\/www.fjpremium.com\/es\/wp-json\/wp\/v2\/product_cat?post=24961"},{"taxonomy":"product_tag","embeddable":true,"href":"https:\/\/www.fjpremium.com\/es\/wp-json\/wp\/v2\/product_tag?post=24961"}],"curies":[{"name":"wp","href":"https:\/\/api.w.org\/{rel}","templated":true}]}}