{"id":24886,"date":"2024-01-23T14:08:02","date_gmt":"2024-01-23T06:08:02","guid":{"rendered":"https:\/\/www.fjpremium.com\/?post_type=product&#038;p=24886"},"modified":"2024-04-02T14:29:10","modified_gmt":"2024-04-02T06:29:10","slug":"hdmi-dual-usb-3-0-a-car-flush-mount-cable","status":"publish","type":"product","link":"https:\/\/www.fjpremium.com\/es\/product\/hdmi-dual-usb-3-0-a-car-flush-mount-cable\/","title":{"rendered":"HDMI 2.0 macho a hembra y doble USB 3.0 A macho a hembra para coche Cable de montaje empotrado"},"content":{"rendered":"<p>Presentamos el cable de montaje empotrado para autom\u00f3vil de alta calidad FARSINCE: \u00a1su soluci\u00f3n definitiva para ampliar la conectividad HDMI y USB en su tablero!<\/p>\n<p>Con conectores HDMI 2.0 macho a hembra y doble USB 3.0 A macho a hembra, la instalaci\u00f3n es muy sencilla: simplemente aseg\u00farela con la tuerca de aluminio M26 x 1,5 incluida.<\/p>\n<p>Nuestro cable cuenta con una cubierta resistente al agua y al polvo para mayor durabilidad en cualquier condici\u00f3n. Disfrute de una transferencia de datos ultrarr\u00e1pida y una resoluci\u00f3n n\u00edtida de 4K a 60 Hz con conectores chapados en oro.<\/p>\n<p>\u00a1Actualice el juego tecnol\u00f3gico de su autom\u00f3vil hoy con el cable de montaje empotrado para autom\u00f3vil FARSINCE HDMI 2.0 macho a hembra y doble USB 3.0 A macho a hembra!<\/p>\n<p><!-- notionvc: 7691773d-0462-4a7f-b41c-a58ee20dbfad --><\/p>\n<p><!-- notionvc: e16f256b-1002-40c7-afcf-7c7c760a7e79 --><\/p>\n<p><span style=\"font-size: 16px;\">Sus especificaciones:<\/span><\/p>\n<ul>\n<li>Conector 1: HDMI 2.0 macho, chapado en oro<\/li>\n<li>Conector 2: HDMI 2.0 hembra, chapado en oro<\/li>\n<li>Conector 3: USB 3.0 Tipo-A macho x2, contacto dorado, carcasa niquelada<\/li>\n<li>Conector 4: USB 3.0 Tipo-A hembra x2, contacto dorado, carcasa niquelada<\/li>\n<li>Conductor del cable: Cobre desnudo<\/li>\n<li>Calibre del cable: 32AWG para HDMI OD6.0mm; 28\/28\/24AWG para USB 3.0 Tipo-A OD5.5mm<\/li>\n<li>Blindaje: Papel de aluminio, trenzado<\/li>\n<li>Carcasa: Molde de inyecci\u00f3n<\/li>\n<li>Cubierta: PVC<\/li>\n<li>El conector HDMI admite una resoluci\u00f3n de hasta 4K@60Hz y un ancho de banda de hasta 18 Gbps<\/li>\n<li>El conector USB tipo A admite dispositivos USB 3.0 de alta velocidad y la velocidad de transferencia alcanza los 5 Gbps.<\/li>\n<li>Conformidad: RoHS, REACH<\/li>\n<\/ul>","protected":false},"excerpt":{"rendered":"<p>HDMI 2.0 macho a hembra y doble USB 3.0 A macho a hembra Cable de montaje empotrado para coches, camiones, motocicletas, barcos, yates<\/p>","protected":false},"featured_media":24889,"template":"","meta":{"_acf_changed":false,"_seopress_robots_primary_cat":"","_seopress_titles_title":"HDMI 2.0 Dual USB 3.0 A Male to Female Car Flush Mount Cable","_seopress_titles_desc":"","_seopress_robots_index":"","site-sidebar-layout":"default","site-content-layout":"default","ast-site-content-layout":"default","site-content-style":"default","site-sidebar-style":"default","ast-global-header-display":"","ast-banner-title-visibility":"","ast-main-header-display":"","ast-hfb-above-header-display":"","ast-hfb-below-header-display":"","ast-hfb-mobile-header-display":"","site-post-title":"","ast-breadcrumbs-content":"","ast-featured-img":"","footer-sml-layout":"","ast-disable-related-posts":"","theme-transparent-header-meta":"default","adv-header-id-meta":"","stick-header-meta":"","header-above-stick-meta":"","header-main-stick-meta":"","header-below-stick-meta":"","astra-migrate-meta-layouts":"set","ast-page-background-enabled":"default","ast-page-background-meta":{"desktop":{"background-color":"","background-image":"","background-repeat":"repeat","background-position":"center center","background-size":"auto","background-attachment":"scroll","background-type":"","background-media":"","overlay-type":"","overlay-color":"","overlay-opacity":"","overlay-gradient":""},"tablet":{"background-color":"","background-image":"","background-repeat":"repeat","background-position":"center center","background-size":"auto","background-attachment":"scroll","background-type":"","background-media":"","overlay-type":"","overlay-color":"","overlay-opacity":"","overlay-gradient":""},"mobile":{"background-color":"","background-image":"","background-repeat":"repeat","background-position":"center center","background-size":"auto","background-attachment":"scroll","background-type":"","background-media":"","overlay-type":"","overlay-color":"","overlay-opacity":"","overlay-gradient":""}},"ast-content-background-meta":{"desktop":{"background-color":"var(--ast-global-color-5)","background-image":"","background-repeat":"repeat","background-position":"center center","background-size":"auto","background-attachment":"scroll","background-type":"","background-media":"","overlay-type":"","overlay-color":"","overlay-opacity":"","overlay-gradient":""},"tablet":{"background-color":"var(--ast-global-color-5)","background-image":"","background-repeat":"repeat","background-position":"center center","background-size":"auto","background-attachment":"scroll","background-type":"","background-media":"","overlay-type":"","overlay-color":"","overlay-opacity":"","overlay-gradient":""},"mobile":{"background-color":"var(--ast-global-color-5)","background-image":"","background-repeat":"repeat","background-position":"center center","background-size":"auto","background-attachment":"scroll","background-type":"","background-media":"","overlay-type":"","overlay-color":"","overlay-opacity":"","overlay-gradient":""}},"iawp_total_views":17},"product_brand":[],"product_cat":[238,681],"product_tag":[],"class_list":{"0":"post-24886","1":"product","2":"type-product","3":"status-publish","4":"has-post-thumbnail","6":"product_cat-panel-mount","7":"product_cat-waterproof-rugged-cables","8":"desktop-align-left","9":"tablet-align-left","10":"mobile-align-left","12":"first","13":"instock","14":"shipping-taxable","15":"purchasable","16":"product-type-simple"},"acf":[],"_links":{"self":[{"href":"https:\/\/www.fjpremium.com\/es\/wp-json\/wp\/v2\/product\/24886","targetHints":{"allow":["GET"]}}],"collection":[{"href":"https:\/\/www.fjpremium.com\/es\/wp-json\/wp\/v2\/product"}],"about":[{"href":"https:\/\/www.fjpremium.com\/es\/wp-json\/wp\/v2\/types\/product"}],"wp:featuredmedia":[{"embeddable":true,"href":"https:\/\/www.fjpremium.com\/es\/wp-json\/wp\/v2\/media\/24889"}],"wp:attachment":[{"href":"https:\/\/www.fjpremium.com\/es\/wp-json\/wp\/v2\/media?parent=24886"}],"wp:term":[{"taxonomy":"product_brand","embeddable":true,"href":"https:\/\/www.fjpremium.com\/es\/wp-json\/wp\/v2\/product_brand?post=24886"},{"taxonomy":"product_cat","embeddable":true,"href":"https:\/\/www.fjpremium.com\/es\/wp-json\/wp\/v2\/product_cat?post=24886"},{"taxonomy":"product_tag","embeddable":true,"href":"https:\/\/www.fjpremium.com\/es\/wp-json\/wp\/v2\/product_tag?post=24886"}],"curies":[{"name":"wp","href":"https:\/\/api.w.org\/{rel}","templated":true}]}}