{"id":24872,"date":"2024-01-23T13:48:15","date_gmt":"2024-01-23T05:48:15","guid":{"rendered":"https:\/\/www.fjpremium.com\/?post_type=product&#038;p=24872"},"modified":"2024-04-02T14:20:41","modified_gmt":"2024-04-02T06:20:41","slug":"hdmi-2-0-and-3-5-mm-panel-mount-m-f-cable","status":"publish","type":"product","link":"https:\/\/www.fjpremium.com\/es\/product\/hdmi-2-0-and-3-5-mm-panel-mount-m-f-cable\/","title":{"rendered":"Flush HDMI 2.0 y 3,5 mm de montaje en panel Cable macho a hembra a prueba de agua del coche"},"content":{"rendered":"<p>He aqu\u00ed por qu\u00e9 el cable impermeable para autom\u00f3vil FARSINCE Flush HDMI 2.0 y montaje en panel de 3,5 mm macho a hembra se destaca en el mundo del entretenimiento para autom\u00f3viles:<\/p>\n<p>Es su soluci\u00f3n todo en uno para expandir los puertos HDMI y est\u00e9reo de 3,5 mm directamente en el tablero de su autom\u00f3vil, atendiendo a varios tipos de veh\u00edculos.<\/p>\n<p>Con soporte para resoluciones de hasta 4K a 60 Hz y un ancho de banda de hasta 18 Gbps, espere una calidad de reproducci\u00f3n de audio y visuales excepcional.<\/p>\n<p>Al cumplir con los est\u00e1ndares RoHS y REACH, este cable prioriza la seguridad y la responsabilidad ambiental.<\/p>\n<p><!-- notionvc: 7691773d-0462-4a7f-b41c-a58ee20dbfad --><\/p>\n<p><!-- notionvc: e16f256b-1002-40c7-afcf-7c7c760a7e79 --><\/p>\n<p><span style=\"font-size: 16px;\">Sus especificaciones:<\/span><\/p>\n<ul>\n<li>Conector 1: HDMI 2.0 macho, 3,5 mm est\u00e9reo macho<\/li>\n<li>Conector 2: HDMI 2.0 hembra, 3,5 mm est\u00e9reo hembra<\/li>\n<li>Contacto dorado, carcasa dorada<\/li>\n<li>Conductor del cable: Cobre desnudo<\/li>\n<li>Calibre del cable: 32AWG para HDMI, OD6.0mm; 28AWG para 3.5mm est\u00e9reo, OD3.5mm<\/li>\n<li>Blindaje: Papel de aluminio, trenzado<\/li>\n<li>Carcasa: Molde de inyecci\u00f3n<\/li>\n<li>Cubierta: PVC<\/li>\n<li>El conector HDMI admite una resoluci\u00f3n de hasta 4K@60Hz y un ancho de banda de hasta 18 Gbps<\/li>\n<li>La toma de audio de 3,5 mm permite la entrada de un dispositivo de audio externo<\/li>\n<li>Conformidad: RoHS, REACH<\/li>\n<\/ul>","protected":false},"excerpt":{"rendered":"<p>Flush HDMI 2.0 y 3,5 mm de montaje en panel macho a hembra del cable a prueba de agua del coche para coches, camiones, motocicletas, barcos, yates<\/p>","protected":false},"featured_media":24879,"template":"","meta":{"_acf_changed":false,"_seopress_robots_primary_cat":"","_seopress_titles_title":"HDMI 2.0 and 3.5 mm Panel Mount Male to Female Cable","_seopress_titles_desc":"","_seopress_robots_index":"","site-sidebar-layout":"default","site-content-layout":"default","ast-site-content-layout":"default","site-content-style":"default","site-sidebar-style":"default","ast-global-header-display":"","ast-banner-title-visibility":"","ast-main-header-display":"","ast-hfb-above-header-display":"","ast-hfb-below-header-display":"","ast-hfb-mobile-header-display":"","site-post-title":"","ast-breadcrumbs-content":"","ast-featured-img":"","footer-sml-layout":"","ast-disable-related-posts":"","theme-transparent-header-meta":"default","adv-header-id-meta":"","stick-header-meta":"","header-above-stick-meta":"","header-main-stick-meta":"","header-below-stick-meta":"","astra-migrate-meta-layouts":"set","ast-page-background-enabled":"default","ast-page-background-meta":{"desktop":{"background-color":"","background-image":"","background-repeat":"repeat","background-position":"center center","background-size":"auto","background-attachment":"scroll","background-type":"","background-media":"","overlay-type":"","overlay-color":"","overlay-opacity":"","overlay-gradient":""},"tablet":{"background-color":"","background-image":"","background-repeat":"repeat","background-position":"center center","background-size":"auto","background-attachment":"scroll","background-type":"","background-media":"","overlay-type":"","overlay-color":"","overlay-opacity":"","overlay-gradient":""},"mobile":{"background-color":"","background-image":"","background-repeat":"repeat","background-position":"center center","background-size":"auto","background-attachment":"scroll","background-type":"","background-media":"","overlay-type":"","overlay-color":"","overlay-opacity":"","overlay-gradient":""}},"ast-content-background-meta":{"desktop":{"background-color":"var(--ast-global-color-5)","background-image":"","background-repeat":"repeat","background-position":"center center","background-size":"auto","background-attachment":"scroll","background-type":"","background-media":"","overlay-type":"","overlay-color":"","overlay-opacity":"","overlay-gradient":""},"tablet":{"background-color":"var(--ast-global-color-5)","background-image":"","background-repeat":"repeat","background-position":"center center","background-size":"auto","background-attachment":"scroll","background-type":"","background-media":"","overlay-type":"","overlay-color":"","overlay-opacity":"","overlay-gradient":""},"mobile":{"background-color":"var(--ast-global-color-5)","background-image":"","background-repeat":"repeat","background-position":"center center","background-size":"auto","background-attachment":"scroll","background-type":"","background-media":"","overlay-type":"","overlay-color":"","overlay-opacity":"","overlay-gradient":""}},"iawp_total_views":1},"product_brand":[],"product_cat":[238,681],"product_tag":[],"class_list":{"0":"post-24872","1":"product","2":"type-product","3":"status-publish","4":"has-post-thumbnail","6":"product_cat-panel-mount","7":"product_cat-waterproof-rugged-cables","8":"desktop-align-left","9":"tablet-align-left","10":"mobile-align-left","12":"first","13":"instock","14":"shipping-taxable","15":"purchasable","16":"product-type-simple"},"acf":[],"_links":{"self":[{"href":"https:\/\/www.fjpremium.com\/es\/wp-json\/wp\/v2\/product\/24872","targetHints":{"allow":["GET"]}}],"collection":[{"href":"https:\/\/www.fjpremium.com\/es\/wp-json\/wp\/v2\/product"}],"about":[{"href":"https:\/\/www.fjpremium.com\/es\/wp-json\/wp\/v2\/types\/product"}],"wp:featuredmedia":[{"embeddable":true,"href":"https:\/\/www.fjpremium.com\/es\/wp-json\/wp\/v2\/media\/24879"}],"wp:attachment":[{"href":"https:\/\/www.fjpremium.com\/es\/wp-json\/wp\/v2\/media?parent=24872"}],"wp:term":[{"taxonomy":"product_brand","embeddable":true,"href":"https:\/\/www.fjpremium.com\/es\/wp-json\/wp\/v2\/product_brand?post=24872"},{"taxonomy":"product_cat","embeddable":true,"href":"https:\/\/www.fjpremium.com\/es\/wp-json\/wp\/v2\/product_cat?post=24872"},{"taxonomy":"product_tag","embeddable":true,"href":"https:\/\/www.fjpremium.com\/es\/wp-json\/wp\/v2\/product_tag?post=24872"}],"curies":[{"name":"wp","href":"https:\/\/api.w.org\/{rel}","templated":true}]}}