{"id":24838,"date":"2024-01-23T13:06:34","date_gmt":"2024-01-23T05:06:34","guid":{"rendered":"https:\/\/www.fjpremium.com\/?post_type=product&#038;p=24838"},"modified":"2024-04-02T13:57:16","modified_gmt":"2024-04-02T05:57:16","slug":"panel-mount-usb-c-male-female-car-cable","status":"publish","type":"product","link":"https:\/\/www.fjpremium.com\/es\/product\/panel-mount-usb-c-male-female-car-cable\/","title":{"rendered":"Cable impermeable USB C macho a hembra de un solo puerto para montaje empotrado en panel para coche"},"content":{"rendered":"<p>Hablemos de por qu\u00e9 el cable impermeable para autom\u00f3vil USB C macho a hembra con montaje en panel empotrado es imprescindible para su autom\u00f3vil.<\/p>\n<p>Con conectores USB 3.0\/3.1 tipo C macho y hembra, est\u00e1s preparado para disfrutar de la \u00faltima tecnolog\u00eda USB.<\/p>\n<p>Construido resistente con conductores de cobre desnudo, papel de aluminio y blindaje trenzado. Adem\u00e1s, es resistente con una carcasa moldeada por inyecci\u00f3n y una cubierta de PVC.<\/p>\n<p>Transfiera datos a una velocidad de hasta 5 Gbps para dispositivos USB 3.0 y la friolera de 10 Gbps para dispositivos USB 3.1 Type-C. Adem\u00e1s, disfrute de v\u00eddeos n\u00edtidos de 4K a 60 Hz directamente desde su autom\u00f3vil.<\/p>\n<p>Resistente al agua y preparado para lo que le depare el camino.<\/p>\n<p><!-- notionvc: e16f256b-1002-40c7-afcf-7c7c760a7e79 --><\/p>\n<p><span style=\"font-size: 16px;\">Sus especificaciones:<\/span><\/p>\n<ul>\n<li>Conector 1: USB 3.0\/3.1 Tipo-C macho<\/li>\n<li>Conector 2: USB 3.0\/3.1 Tipo-C hembra<\/li>\n<li>Contacto dorado, carcasa niquelada<\/li>\n<li>Conductor del cable: Cobre desnudo<\/li>\n<li>Calibre del cable: 30\/30\/24AWG para USB 3.0 Tipo-C OD5.5mm; 32\/32\/24AWG para USB 3.1 Tipo-C OD4.5mm<\/li>\n<li>Blindaje: Papel de aluminio, trenzado<\/li>\n<li>Carcasa: Molde de inyecci\u00f3n<\/li>\n<li>Cubierta: PVC<\/li>\n<li>La velocidad de transferencia del soporte USB 3.1 Type-C alcanza los 10 Gbps, resoluci\u00f3n de v\u00eddeo de hasta 4K@60Hz<\/li>\n<li>Soporta dispositivos USB 3.0 de supervelocidad y la velocidad de transferencia alcanza los 5 Gbps<\/li>\n<li>Conformidad: RoHS, REACH<\/li>\n<\/ul>","protected":false},"excerpt":{"rendered":"<p>Cable impermeable USB C macho a hembra de un solo puerto para montaje empotrado en panel para coches, camiones, motocicletas, barcos, yates<\/p>","protected":false},"featured_media":24839,"template":"","meta":{"_acf_changed":false,"_seopress_robots_primary_cat":"","_seopress_titles_title":"Flush Panel Mount USB C Male to Female Car Waterproof Cable","_seopress_titles_desc":"","_seopress_robots_index":"","site-sidebar-layout":"default","site-content-layout":"default","ast-site-content-layout":"default","site-content-style":"default","site-sidebar-style":"default","ast-global-header-display":"","ast-banner-title-visibility":"","ast-main-header-display":"","ast-hfb-above-header-display":"","ast-hfb-below-header-display":"","ast-hfb-mobile-header-display":"","site-post-title":"","ast-breadcrumbs-content":"","ast-featured-img":"","footer-sml-layout":"","ast-disable-related-posts":"","theme-transparent-header-meta":"default","adv-header-id-meta":"","stick-header-meta":"","header-above-stick-meta":"","header-main-stick-meta":"","header-below-stick-meta":"","astra-migrate-meta-layouts":"set","ast-page-background-enabled":"default","ast-page-background-meta":{"desktop":{"background-color":"","background-image":"","background-repeat":"repeat","background-position":"center center","background-size":"auto","background-attachment":"scroll","background-type":"","background-media":"","overlay-type":"","overlay-color":"","overlay-opacity":"","overlay-gradient":""},"tablet":{"background-color":"","background-image":"","background-repeat":"repeat","background-position":"center center","background-size":"auto","background-attachment":"scroll","background-type":"","background-media":"","overlay-type":"","overlay-color":"","overlay-opacity":"","overlay-gradient":""},"mobile":{"background-color":"","background-image":"","background-repeat":"repeat","background-position":"center center","background-size":"auto","background-attachment":"scroll","background-type":"","background-media":"","overlay-type":"","overlay-color":"","overlay-opacity":"","overlay-gradient":""}},"ast-content-background-meta":{"desktop":{"background-color":"var(--ast-global-color-5)","background-image":"","background-repeat":"repeat","background-position":"center center","background-size":"auto","background-attachment":"scroll","background-type":"","background-media":"","overlay-type":"","overlay-color":"","overlay-opacity":"","overlay-gradient":""},"tablet":{"background-color":"var(--ast-global-color-5)","background-image":"","background-repeat":"repeat","background-position":"center center","background-size":"auto","background-attachment":"scroll","background-type":"","background-media":"","overlay-type":"","overlay-color":"","overlay-opacity":"","overlay-gradient":""},"mobile":{"background-color":"var(--ast-global-color-5)","background-image":"","background-repeat":"repeat","background-position":"center center","background-size":"auto","background-attachment":"scroll","background-type":"","background-media":"","overlay-type":"","overlay-color":"","overlay-opacity":"","overlay-gradient":""}},"iawp_total_views":23},"product_brand":[],"product_cat":[238,681],"product_tag":[],"class_list":{"0":"post-24838","1":"product","2":"type-product","3":"status-publish","4":"has-post-thumbnail","6":"product_cat-panel-mount","7":"product_cat-waterproof-rugged-cables","8":"desktop-align-left","9":"tablet-align-left","10":"mobile-align-left","12":"first","13":"instock","14":"shipping-taxable","15":"purchasable","16":"product-type-simple"},"acf":[],"_links":{"self":[{"href":"https:\/\/www.fjpremium.com\/es\/wp-json\/wp\/v2\/product\/24838","targetHints":{"allow":["GET"]}}],"collection":[{"href":"https:\/\/www.fjpremium.com\/es\/wp-json\/wp\/v2\/product"}],"about":[{"href":"https:\/\/www.fjpremium.com\/es\/wp-json\/wp\/v2\/types\/product"}],"wp:featuredmedia":[{"embeddable":true,"href":"https:\/\/www.fjpremium.com\/es\/wp-json\/wp\/v2\/media\/24839"}],"wp:attachment":[{"href":"https:\/\/www.fjpremium.com\/es\/wp-json\/wp\/v2\/media?parent=24838"}],"wp:term":[{"taxonomy":"product_brand","embeddable":true,"href":"https:\/\/www.fjpremium.com\/es\/wp-json\/wp\/v2\/product_brand?post=24838"},{"taxonomy":"product_cat","embeddable":true,"href":"https:\/\/www.fjpremium.com\/es\/wp-json\/wp\/v2\/product_cat?post=24838"},{"taxonomy":"product_tag","embeddable":true,"href":"https:\/\/www.fjpremium.com\/es\/wp-json\/wp\/v2\/product_tag?post=24838"}],"curies":[{"name":"wp","href":"https:\/\/api.w.org\/{rel}","templated":true}]}}