{"id":24804,"date":"2024-01-23T09:23:04","date_gmt":"2024-01-23T01:23:04","guid":{"rendered":"https:\/\/www.fjpremium.com\/?post_type=product&#038;p=24804"},"modified":"2024-04-02T09:47:23","modified_gmt":"2024-04-02T01:47:23","slug":"usb-panel-mount-car-3-0-a-m-f-cable","status":"publish","type":"product","link":"https:\/\/www.fjpremium.com\/es\/product\/usb-panel-mount-car-3-0-a-m-f-cable\/","title":{"rendered":"Dual Ports Flush USB Panel Mount Car USB 3.0 A Male to Female Waterproof Cable"},"content":{"rendered":"<p>\u00bfEst\u00e1s buscando mejorar el juego USB de tu veh\u00edculo? El cable USB 3.0 A para autom\u00f3vil con montaje en panel USB empotrado de dos puertos FARSINCE lo tiene cubierto. He aqu\u00ed por qu\u00e9 es un ganador:<\/p>\n<p>\u00bfInstalaci\u00f3n? Pan comido. Simplemente use la tuerca de aluminio provista para asegurarla en un orificio existente o cree uno nuevo en su tablero. Boom, dos puertos USB 3.0 tipo A listos para viajar dondequiera que lo lleven sus ruedas.<\/p>\n<p>Con su cubierta impermeable y a prueba de polvo, sus conectores permanecen a salvo de la lluvia y la suciedad, sin importar su viaje.<\/p>\n<p>USB 3.0 A macho en un extremo, USB 3.0 A hembra en el otro. Conductor de cobre desnudo, l\u00e1mina de aluminio y blindaje trenzado, y una velocidad de transferencia de hasta 5 Gbps. Es r\u00e1pido, confiable y cumple con los est\u00e1ndares RoHS y REACH.<\/p>\n<p><span style=\"font-size: 16px;\">Sus especificaciones:<\/span><\/p>\n<ul>\n<li>Conector 1: USB 3.0 A macho x2<\/li>\n<li>Conector 2: USB 3.0 A hembra x2<\/li>\n<li>Contacto dorado, carcasa niquelada<\/li>\n<li>Conductor del cable: Cobre desnudo<\/li>\n<li>Calibre del cable: 28\/28\/24AWG<\/li>\n<li>Di\u00e1metro exterior: 5,5 mm<\/li>\n<li>Blindaje: Papel de aluminio, trenzado<\/li>\n<li>Carcasa: Molde de inyecci\u00f3n<\/li>\n<li>Cubierta: PVC<\/li>\n<li>Admite dispositivos USB 3.0 de supervelocidad y la velocidad de transferencia alcanza los 5 Gbps<\/li>\n<li>Conformidad: RoHS, REACH<\/li>\n<\/ul>","protected":false},"excerpt":{"rendered":"<p>Dual Ports Flush USB Panel Mount Car USB 3.0 A Male to Female Waterproof Cable for Cars, trucks, motorcycles, boats, yachts<\/p>","protected":false},"featured_media":24807,"template":"","meta":{"_acf_changed":false,"_seopress_robots_primary_cat":"","_seopress_titles_title":"USB Panel Mount Car USB 3.0 A Male to Female Cable","_seopress_titles_desc":"","_seopress_robots_index":"","site-sidebar-layout":"default","site-content-layout":"default","ast-site-content-layout":"default","site-content-style":"default","site-sidebar-style":"default","ast-global-header-display":"","ast-banner-title-visibility":"","ast-main-header-display":"","ast-hfb-above-header-display":"","ast-hfb-below-header-display":"","ast-hfb-mobile-header-display":"","site-post-title":"","ast-breadcrumbs-content":"","ast-featured-img":"","footer-sml-layout":"","ast-disable-related-posts":"","theme-transparent-header-meta":"default","adv-header-id-meta":"","stick-header-meta":"","header-above-stick-meta":"","header-main-stick-meta":"","header-below-stick-meta":"","astra-migrate-meta-layouts":"set","ast-page-background-enabled":"default","ast-page-background-meta":{"desktop":{"background-color":"","background-image":"","background-repeat":"repeat","background-position":"center center","background-size":"auto","background-attachment":"scroll","background-type":"","background-media":"","overlay-type":"","overlay-color":"","overlay-opacity":"","overlay-gradient":""},"tablet":{"background-color":"","background-image":"","background-repeat":"repeat","background-position":"center center","background-size":"auto","background-attachment":"scroll","background-type":"","background-media":"","overlay-type":"","overlay-color":"","overlay-opacity":"","overlay-gradient":""},"mobile":{"background-color":"","background-image":"","background-repeat":"repeat","background-position":"center center","background-size":"auto","background-attachment":"scroll","background-type":"","background-media":"","overlay-type":"","overlay-color":"","overlay-opacity":"","overlay-gradient":""}},"ast-content-background-meta":{"desktop":{"background-color":"var(--ast-global-color-5)","background-image":"","background-repeat":"repeat","background-position":"center center","background-size":"auto","background-attachment":"scroll","background-type":"","background-media":"","overlay-type":"","overlay-color":"","overlay-opacity":"","overlay-gradient":""},"tablet":{"background-color":"var(--ast-global-color-5)","background-image":"","background-repeat":"repeat","background-position":"center center","background-size":"auto","background-attachment":"scroll","background-type":"","background-media":"","overlay-type":"","overlay-color":"","overlay-opacity":"","overlay-gradient":""},"mobile":{"background-color":"var(--ast-global-color-5)","background-image":"","background-repeat":"repeat","background-position":"center center","background-size":"auto","background-attachment":"scroll","background-type":"","background-media":"","overlay-type":"","overlay-color":"","overlay-opacity":"","overlay-gradient":""}},"iawp_total_views":4},"product_brand":[],"product_cat":[238,681],"product_tag":[],"class_list":{"0":"post-24804","1":"product","2":"type-product","3":"status-publish","4":"has-post-thumbnail","6":"product_cat-panel-mount","7":"product_cat-waterproof-rugged-cables","8":"desktop-align-left","9":"tablet-align-left","10":"mobile-align-left","12":"first","13":"instock","14":"shipping-taxable","15":"purchasable","16":"product-type-simple"},"acf":[],"_links":{"self":[{"href":"https:\/\/www.fjpremium.com\/es\/wp-json\/wp\/v2\/product\/24804","targetHints":{"allow":["GET"]}}],"collection":[{"href":"https:\/\/www.fjpremium.com\/es\/wp-json\/wp\/v2\/product"}],"about":[{"href":"https:\/\/www.fjpremium.com\/es\/wp-json\/wp\/v2\/types\/product"}],"wp:featuredmedia":[{"embeddable":true,"href":"https:\/\/www.fjpremium.com\/es\/wp-json\/wp\/v2\/media\/24807"}],"wp:attachment":[{"href":"https:\/\/www.fjpremium.com\/es\/wp-json\/wp\/v2\/media?parent=24804"}],"wp:term":[{"taxonomy":"product_brand","embeddable":true,"href":"https:\/\/www.fjpremium.com\/es\/wp-json\/wp\/v2\/product_brand?post=24804"},{"taxonomy":"product_cat","embeddable":true,"href":"https:\/\/www.fjpremium.com\/es\/wp-json\/wp\/v2\/product_cat?post=24804"},{"taxonomy":"product_tag","embeddable":true,"href":"https:\/\/www.fjpremium.com\/es\/wp-json\/wp\/v2\/product_tag?post=24804"}],"curies":[{"name":"wp","href":"https:\/\/api.w.org\/{rel}","templated":true}]}}