{"id":24791,"date":"2024-01-22T17:08:45","date_gmt":"2024-01-22T09:08:45","guid":{"rendered":"https:\/\/www.fjpremium.com\/?post_type=product&#038;p=24791"},"modified":"2024-04-01T17:54:15","modified_gmt":"2024-04-01T09:54:15","slug":"usb-3-0-a-3-5mm-stereo-car-waterproof-cable","status":"publish","type":"product","link":"https:\/\/www.fjpremium.com\/es\/product\/usb-3-0-a-3-5mm-stereo-car-waterproof-cable\/","title":{"rendered":"Aleaci\u00f3n de aluminio USB 3.0 A, 3.5mm est\u00e9reo Cable impermeable de coche macho a hembra Cable de montaje empotrado en panel de coche con indicador LED"},"content":{"rendered":"<p>Echa un vistazo a este s\u00f3lido cable impermeable para coche USB 3.0 A, est\u00e9reo de 3,5 mm.<\/p>\n<p>Fabricado con conductores de cobre desnudo y blindaje con papel de aluminio y trenzado, es resistente para soportar cualquier interferencia.<\/p>\n<p>La carcasa de aleaci\u00f3n de aluminio y la cubierta de PVC a\u00f1aden durabilidad adicional, mientras que el conector USB tipo A admite dispositivos USB 3.0 de s\u00faper velocidad para una transferencia de datos ultrarr\u00e1pida.<\/p>\n<p>Adem\u00e1s, el conector de audio de 3,5 mm te permite conectar tus auriculares u otros dispositivos externos.<\/p>\n<p>Tambi\u00e9n cumple con las normativas RoHS y REACH, por lo que es respetuoso con el medio ambiente.<\/p>\n<p><!-- notionvc: e16f256b-1002-40c7-afcf-7c7c760a7e79 --><\/p>\n<p><span style=\"font-size: 16px;\">Sus especificaciones:<\/span><\/p>\n<ul>\n<li>Conector 1: USB 3.0 A macho, contacto dorado, carcasa niquelada<\/li>\n<li>Conector 2: USB 3.0 A hembra, contacto dorado, carcasa niquelada<\/li>\n<li>Conector 3: macho est\u00e9reo de 3,5 mm, chapado en oro<\/li>\n<li>Conector 4: hembra est\u00e9reo de 3,5 mm, chapado en oro<\/li>\n<li>Conductor del cable: Cobre desnudo<\/li>\n<li>Calibre del cable: 28\/28\/24AWG para USB 3.0 Tipo-A OD5.5mm; 28AWG para 3.5mm est\u00e9reo OD3.5mm<\/li>\n<li>Blindaje: Papel de aluminio, trenzado<\/li>\n<li>Carcasa: Aleaci\u00f3n de aluminio<\/li>\n<li>Cubierta: PVC<\/li>\n<li>El conector USB tipo A admite dispositivos USB 3.0 de alta velocidad y la velocidad de transferencia alcanza los 5 Gbps.<\/li>\n<li>La toma de audio de 3,5 mm permite la entrada de un dispositivo de audio externo<\/li>\n<li>Conformidad: RoHS, REACH<\/li>\n<\/ul>","protected":false},"excerpt":{"rendered":"<p>Aleaci\u00f3n de aluminio USB 3.0 A, 3,5 mm est\u00e9reo <span class=\"notion-enable-hover\" data-token-index=\"0\">Coche <\/span><!-- notionvc: 92c021a7-6a07-47fb-af82-4a1c8e398760 -->Cable impermeable macho a hembra para montaje empotrado en panel de coche con indicador LED para coches, camiones, motocicletas, barcos, yates<\/p>","protected":false},"featured_media":24792,"template":"","meta":{"_acf_changed":false,"_seopress_robots_primary_cat":"","_seopress_titles_title":"Aluminium Alloy USB 3.0 A, 3.5mm stereo Car Waterproof Cable","_seopress_titles_desc":"","_seopress_robots_index":"","site-sidebar-layout":"default","site-content-layout":"default","ast-site-content-layout":"default","site-content-style":"default","site-sidebar-style":"default","ast-global-header-display":"","ast-banner-title-visibility":"","ast-main-header-display":"","ast-hfb-above-header-display":"","ast-hfb-below-header-display":"","ast-hfb-mobile-header-display":"","site-post-title":"","ast-breadcrumbs-content":"","ast-featured-img":"","footer-sml-layout":"","ast-disable-related-posts":"","theme-transparent-header-meta":"default","adv-header-id-meta":"","stick-header-meta":"","header-above-stick-meta":"","header-main-stick-meta":"","header-below-stick-meta":"","astra-migrate-meta-layouts":"set","ast-page-background-enabled":"default","ast-page-background-meta":{"desktop":{"background-color":"","background-image":"","background-repeat":"repeat","background-position":"center center","background-size":"auto","background-attachment":"scroll","background-type":"","background-media":"","overlay-type":"","overlay-color":"","overlay-opacity":"","overlay-gradient":""},"tablet":{"background-color":"","background-image":"","background-repeat":"repeat","background-position":"center center","background-size":"auto","background-attachment":"scroll","background-type":"","background-media":"","overlay-type":"","overlay-color":"","overlay-opacity":"","overlay-gradient":""},"mobile":{"background-color":"","background-image":"","background-repeat":"repeat","background-position":"center center","background-size":"auto","background-attachment":"scroll","background-type":"","background-media":"","overlay-type":"","overlay-color":"","overlay-opacity":"","overlay-gradient":""}},"ast-content-background-meta":{"desktop":{"background-color":"var(--ast-global-color-5)","background-image":"","background-repeat":"repeat","background-position":"center center","background-size":"auto","background-attachment":"scroll","background-type":"","background-media":"","overlay-type":"","overlay-color":"","overlay-opacity":"","overlay-gradient":""},"tablet":{"background-color":"var(--ast-global-color-5)","background-image":"","background-repeat":"repeat","background-position":"center center","background-size":"auto","background-attachment":"scroll","background-type":"","background-media":"","overlay-type":"","overlay-color":"","overlay-opacity":"","overlay-gradient":""},"mobile":{"background-color":"var(--ast-global-color-5)","background-image":"","background-repeat":"repeat","background-position":"center center","background-size":"auto","background-attachment":"scroll","background-type":"","background-media":"","overlay-type":"","overlay-color":"","overlay-opacity":"","overlay-gradient":""}},"iawp_total_views":28},"product_brand":[],"product_cat":[238,681],"product_tag":[],"class_list":{"0":"post-24791","1":"product","2":"type-product","3":"status-publish","4":"has-post-thumbnail","6":"product_cat-panel-mount","7":"product_cat-waterproof-rugged-cables","8":"desktop-align-left","9":"tablet-align-left","10":"mobile-align-left","12":"first","13":"instock","14":"shipping-taxable","15":"purchasable","16":"product-type-simple"},"acf":[],"_links":{"self":[{"href":"https:\/\/www.fjpremium.com\/es\/wp-json\/wp\/v2\/product\/24791","targetHints":{"allow":["GET"]}}],"collection":[{"href":"https:\/\/www.fjpremium.com\/es\/wp-json\/wp\/v2\/product"}],"about":[{"href":"https:\/\/www.fjpremium.com\/es\/wp-json\/wp\/v2\/types\/product"}],"wp:featuredmedia":[{"embeddable":true,"href":"https:\/\/www.fjpremium.com\/es\/wp-json\/wp\/v2\/media\/24792"}],"wp:attachment":[{"href":"https:\/\/www.fjpremium.com\/es\/wp-json\/wp\/v2\/media?parent=24791"}],"wp:term":[{"taxonomy":"product_brand","embeddable":true,"href":"https:\/\/www.fjpremium.com\/es\/wp-json\/wp\/v2\/product_brand?post=24791"},{"taxonomy":"product_cat","embeddable":true,"href":"https:\/\/www.fjpremium.com\/es\/wp-json\/wp\/v2\/product_cat?post=24791"},{"taxonomy":"product_tag","embeddable":true,"href":"https:\/\/www.fjpremium.com\/es\/wp-json\/wp\/v2\/product_tag?post=24791"}],"curies":[{"name":"wp","href":"https:\/\/api.w.org\/{rel}","templated":true}]}}