{"id":24781,"date":"2024-01-22T16:35:47","date_gmt":"2024-01-22T08:35:47","guid":{"rendered":"https:\/\/www.fjpremium.com\/?post_type=product&#038;p=24781"},"modified":"2024-04-01T17:37:19","modified_gmt":"2024-04-01T09:37:19","slug":"usb-3-0-a-usb-c-car-waterproof-cable","status":"publish","type":"product","link":"https:\/\/www.fjpremium.com\/es\/product\/usb-3-0-a-usb-c-car-waterproof-cable\/","title":{"rendered":"Aleaci\u00f3n de aluminio USB 3.0 A, USB C Car Waterproof Cable macho a hembra empotrable Cable de montaje en panel con indicador LED"},"content":{"rendered":"<p><span style=\"font-size: 16px;\">El cable impermeable para autom\u00f3vil USB 3.0 A, USB C de aleaci\u00f3n de aluminio impresiona por su versatilidad y admite conectores USB 3.0 tipo A y USB 3.0\/3.1 tipo C. <\/span><\/p>\n<p><span style=\"font-size: 16px;\">Con contactos chapados en oro y carcasa niquelada que garantizan durabilidad, y una combinaci\u00f3n robusta de conductores de cobre desnudo y blindaje, garantiza una transmisi\u00f3n de datos estable. <\/span><\/p>\n<p><span style=\"font-size: 16px;\">Su rendimiento es notable y admite dispositivos USB 3.0 de s\u00faper velocidad con velocidades de transferencia de hasta 5 Gbps y USB 3.1 Type-C con velocidades de hasta 10 Gbps y resoluci\u00f3n de video 4K@60Hz. <\/span><\/p>\n<p><span style=\"font-size: 16px;\">Cumple con las regulaciones RoHS y REACH, es un ejemplo de calidad y responsabilidad ambiental, lo que lo convierte en un accesorio esencial para una conectividad confiable en veh\u00edculos y m\u00e1s all\u00e1.<\/span><\/p>\n<p><span style=\"font-size: 16px;\">Sus especificaciones:<\/span><\/p>\n<ul>\n<li>Conector 1: USB 3.0 A macho, USB 3.0\/3.1 C macho<\/li>\n<li>Conector 2: USB 3.0 A hembra, USB 3.0\/3.1 C hembra<\/li>\n<li>Contacto dorado, carcasa niquelada<\/li>\n<li>Conductor del cable: Cobre desnudo<\/li>\n<li>Calibre del cable: 28\/28\/24AWG para USB 3.0 Tipo-A OD5.5mm; 30\/30\/24AWG para USB 3.0 Tipo-C OD4.5mm; 32\/32\/24AWG para USB 3.1 Tipo-C OD4.5mm<\/li>\n<li>Blindaje: Papel de aluminio, trenzado<\/li>\n<li>Carcasa: Aleaci\u00f3n de aluminio<\/li>\n<li>Cubierta: PVC<\/li>\n<li>La velocidad de transferencia del soporte USB 3.1 Type-C alcanza los 10 Gbps, resoluci\u00f3n de v\u00eddeo de hasta 4K@60Hz<\/li>\n<li>Soporta dispositivos USB 3.0 de supervelocidad y la velocidad de transferencia alcanza los 5 Gbps<\/li>\n<li>Conformidad: RoHS, REACH<\/li>\n<\/ul>","protected":false},"excerpt":{"rendered":"<p>Aleaci\u00f3n de aluminio USB 3.0 A, USB C Car Waterproof Cable macho a hembra empotrado Cable de montaje en panel con indicador LED adecuado para coches, camiones, motocicletas, barcos, yates<\/p>","protected":false},"featured_media":24782,"template":"","meta":{"_acf_changed":false,"_seopress_robots_primary_cat":"","_seopress_titles_title":"Aluminium Alloy USB 3.0 A, USB C Car Waterproof Cable","_seopress_titles_desc":"","_seopress_robots_index":"","site-sidebar-layout":"default","site-content-layout":"default","ast-site-content-layout":"default","site-content-style":"default","site-sidebar-style":"default","ast-global-header-display":"","ast-banner-title-visibility":"","ast-main-header-display":"","ast-hfb-above-header-display":"","ast-hfb-below-header-display":"","ast-hfb-mobile-header-display":"","site-post-title":"","ast-breadcrumbs-content":"","ast-featured-img":"","footer-sml-layout":"","ast-disable-related-posts":"","theme-transparent-header-meta":"default","adv-header-id-meta":"","stick-header-meta":"","header-above-stick-meta":"","header-main-stick-meta":"","header-below-stick-meta":"","astra-migrate-meta-layouts":"set","ast-page-background-enabled":"default","ast-page-background-meta":{"desktop":{"background-color":"","background-image":"","background-repeat":"repeat","background-position":"center center","background-size":"auto","background-attachment":"scroll","background-type":"","background-media":"","overlay-type":"","overlay-color":"","overlay-opacity":"","overlay-gradient":""},"tablet":{"background-color":"","background-image":"","background-repeat":"repeat","background-position":"center center","background-size":"auto","background-attachment":"scroll","background-type":"","background-media":"","overlay-type":"","overlay-color":"","overlay-opacity":"","overlay-gradient":""},"mobile":{"background-color":"","background-image":"","background-repeat":"repeat","background-position":"center center","background-size":"auto","background-attachment":"scroll","background-type":"","background-media":"","overlay-type":"","overlay-color":"","overlay-opacity":"","overlay-gradient":""}},"ast-content-background-meta":{"desktop":{"background-color":"var(--ast-global-color-5)","background-image":"","background-repeat":"repeat","background-position":"center center","background-size":"auto","background-attachment":"scroll","background-type":"","background-media":"","overlay-type":"","overlay-color":"","overlay-opacity":"","overlay-gradient":""},"tablet":{"background-color":"var(--ast-global-color-5)","background-image":"","background-repeat":"repeat","background-position":"center center","background-size":"auto","background-attachment":"scroll","background-type":"","background-media":"","overlay-type":"","overlay-color":"","overlay-opacity":"","overlay-gradient":""},"mobile":{"background-color":"var(--ast-global-color-5)","background-image":"","background-repeat":"repeat","background-position":"center center","background-size":"auto","background-attachment":"scroll","background-type":"","background-media":"","overlay-type":"","overlay-color":"","overlay-opacity":"","overlay-gradient":""}},"iawp_total_views":13},"product_brand":[],"product_cat":[238,681],"product_tag":[],"class_list":{"0":"post-24781","1":"product","2":"type-product","3":"status-publish","4":"has-post-thumbnail","6":"product_cat-panel-mount","7":"product_cat-waterproof-rugged-cables","8":"desktop-align-left","9":"tablet-align-left","10":"mobile-align-left","12":"first","13":"instock","14":"shipping-taxable","15":"purchasable","16":"product-type-simple"},"acf":[],"_links":{"self":[{"href":"https:\/\/www.fjpremium.com\/es\/wp-json\/wp\/v2\/product\/24781","targetHints":{"allow":["GET"]}}],"collection":[{"href":"https:\/\/www.fjpremium.com\/es\/wp-json\/wp\/v2\/product"}],"about":[{"href":"https:\/\/www.fjpremium.com\/es\/wp-json\/wp\/v2\/types\/product"}],"wp:featuredmedia":[{"embeddable":true,"href":"https:\/\/www.fjpremium.com\/es\/wp-json\/wp\/v2\/media\/24782"}],"wp:attachment":[{"href":"https:\/\/www.fjpremium.com\/es\/wp-json\/wp\/v2\/media?parent=24781"}],"wp:term":[{"taxonomy":"product_brand","embeddable":true,"href":"https:\/\/www.fjpremium.com\/es\/wp-json\/wp\/v2\/product_brand?post=24781"},{"taxonomy":"product_cat","embeddable":true,"href":"https:\/\/www.fjpremium.com\/es\/wp-json\/wp\/v2\/product_cat?post=24781"},{"taxonomy":"product_tag","embeddable":true,"href":"https:\/\/www.fjpremium.com\/es\/wp-json\/wp\/v2\/product_tag?post=24781"}],"curies":[{"name":"wp","href":"https:\/\/api.w.org\/{rel}","templated":true}]}}