{"id":24689,"date":"2024-01-22T09:22:42","date_gmt":"2024-01-22T01:22:42","guid":{"rendered":"https:\/\/www.fjpremium.com\/?post_type=product&#038;p=24689"},"modified":"2024-03-29T15:00:23","modified_gmt":"2024-03-29T07:00:23","slug":"90-angle-4k-hdmi-2-0-panel-mount-adapter","status":"publish","type":"product","link":"https:\/\/www.fjpremium.com\/es\/product\/90-angle-4k-hdmi-2-0-panel-mount-adapter\/","title":{"rendered":"Acoplador del adaptador del soporte del panel del \u00e1ngulo 4K HDMI 2.0 del 90\u00b0 con el tornillo que fija la hembra a la hembra"},"content":{"rendered":"<p>Experimente una conectividad perfecta con nuestro acoplador adaptador de montaje en panel HDMI 2.0 4K en \u00e1ngulo de 90\u00b0.<\/p>\n<p>Con conectores HDMI hembra chapados en oro, incluido uno con bloqueo de tornillo, este adaptador garantiza una transmisi\u00f3n confiable y conexiones seguras. Con un dise\u00f1o duradero niquelado M3 y un paso de orificio de 25 mm para una f\u00e1cil instalaci\u00f3n, est\u00e1 dise\u00f1ado para durar.<\/p>\n<p>Disfrute de una resoluci\u00f3n 4K impecable, v\u00eddeo 3D y colores vivos, todo ello compatible con un ancho de banda de hasta 18 Gbps. Adem\u00e1s, tenga la tranquilidad de saber que cumple con los est\u00e1ndares RoHS y REACH.<\/p>\n<p>Actualice su configuraci\u00f3n sin esfuerzo: elija calidad, elija innovaci\u00f3n.<\/p>\n<p><span style=\"font-size: 16px;\">Sus especificaciones:<\/span><\/p>\n<ul>\n<li>Conector 1: HDMI hembra en \u00e1ngulo de 90\u00b0, chapado en oro<\/li>\n<li>Conector 2: HDMI hembra con cierre de rosca, chapado en oro<\/li>\n<li>Tipo de tuerca y tornillo: M3 niquelado<\/li>\n<li>Paso de los agujeros: 25 mm<\/li>\n<li>Carcasa: Moldeo por inyecci\u00f3n<\/li>\n<li>Ancho de banda de hasta 18 Gbps<\/li>\n<li>4K\/50\/60 (2160p), que es 4 veces la nitidez de la resoluci\u00f3n de v\u00eddeo 1080p\/60<\/li>\n<li>V\u00eddeo 3D, Deep Color y x.v. Color\u2122.<\/li>\n<li>Conformidad: RoHS, REACH<\/li>\n<\/ul>","protected":false},"excerpt":{"rendered":"<p>Acoplador del adaptador del soporte del panel del \u00e1ngulo 4K HDMI 2.0 del 90\u00b0 con el tornillo que fija la hembra al conector hembra, chapado en oro<\/p>","protected":false},"featured_media":24690,"template":"","meta":{"_acf_changed":false,"_seopress_robots_primary_cat":"","_seopress_titles_title":"90\u00b0 Angle 4K HDMI 2.0 Panel Mount Adapter Coupler","_seopress_titles_desc":"","_seopress_robots_index":"","site-sidebar-layout":"default","site-content-layout":"default","ast-site-content-layout":"default","site-content-style":"default","site-sidebar-style":"default","ast-global-header-display":"","ast-banner-title-visibility":"","ast-main-header-display":"","ast-hfb-above-header-display":"","ast-hfb-below-header-display":"","ast-hfb-mobile-header-display":"","site-post-title":"","ast-breadcrumbs-content":"","ast-featured-img":"","footer-sml-layout":"","ast-disable-related-posts":"","theme-transparent-header-meta":"default","adv-header-id-meta":"","stick-header-meta":"","header-above-stick-meta":"","header-main-stick-meta":"","header-below-stick-meta":"","astra-migrate-meta-layouts":"set","ast-page-background-enabled":"default","ast-page-background-meta":{"desktop":{"background-color":"","background-image":"","background-repeat":"repeat","background-position":"center center","background-size":"auto","background-attachment":"scroll","background-type":"","background-media":"","overlay-type":"","overlay-color":"","overlay-opacity":"","overlay-gradient":""},"tablet":{"background-color":"","background-image":"","background-repeat":"repeat","background-position":"center center","background-size":"auto","background-attachment":"scroll","background-type":"","background-media":"","overlay-type":"","overlay-color":"","overlay-opacity":"","overlay-gradient":""},"mobile":{"background-color":"","background-image":"","background-repeat":"repeat","background-position":"center center","background-size":"auto","background-attachment":"scroll","background-type":"","background-media":"","overlay-type":"","overlay-color":"","overlay-opacity":"","overlay-gradient":""}},"ast-content-background-meta":{"desktop":{"background-color":"var(--ast-global-color-5)","background-image":"","background-repeat":"repeat","background-position":"center center","background-size":"auto","background-attachment":"scroll","background-type":"","background-media":"","overlay-type":"","overlay-color":"","overlay-opacity":"","overlay-gradient":""},"tablet":{"background-color":"var(--ast-global-color-5)","background-image":"","background-repeat":"repeat","background-position":"center center","background-size":"auto","background-attachment":"scroll","background-type":"","background-media":"","overlay-type":"","overlay-color":"","overlay-opacity":"","overlay-gradient":""},"mobile":{"background-color":"var(--ast-global-color-5)","background-image":"","background-repeat":"repeat","background-position":"center center","background-size":"auto","background-attachment":"scroll","background-type":"","background-media":"","overlay-type":"","overlay-color":"","overlay-opacity":"","overlay-gradient":""}},"iawp_total_views":6},"product_brand":[],"product_cat":[238,679],"product_tag":[],"class_list":{"0":"post-24689","1":"product","2":"type-product","3":"status-publish","4":"has-post-thumbnail","6":"product_cat-panel-mount","7":"product_cat-panel-mount-couplers","8":"desktop-align-left","9":"tablet-align-left","10":"mobile-align-left","12":"first","13":"instock","14":"shipping-taxable","15":"purchasable","16":"product-type-simple"},"acf":[],"_links":{"self":[{"href":"https:\/\/www.fjpremium.com\/es\/wp-json\/wp\/v2\/product\/24689","targetHints":{"allow":["GET"]}}],"collection":[{"href":"https:\/\/www.fjpremium.com\/es\/wp-json\/wp\/v2\/product"}],"about":[{"href":"https:\/\/www.fjpremium.com\/es\/wp-json\/wp\/v2\/types\/product"}],"wp:featuredmedia":[{"embeddable":true,"href":"https:\/\/www.fjpremium.com\/es\/wp-json\/wp\/v2\/media\/24690"}],"wp:attachment":[{"href":"https:\/\/www.fjpremium.com\/es\/wp-json\/wp\/v2\/media?parent=24689"}],"wp:term":[{"taxonomy":"product_brand","embeddable":true,"href":"https:\/\/www.fjpremium.com\/es\/wp-json\/wp\/v2\/product_brand?post=24689"},{"taxonomy":"product_cat","embeddable":true,"href":"https:\/\/www.fjpremium.com\/es\/wp-json\/wp\/v2\/product_cat?post=24689"},{"taxonomy":"product_tag","embeddable":true,"href":"https:\/\/www.fjpremium.com\/es\/wp-json\/wp\/v2\/product_tag?post=24689"}],"curies":[{"name":"wp","href":"https:\/\/api.w.org\/{rel}","templated":true}]}}