{"id":24616,"date":"2024-01-19T15:04:34","date_gmt":"2024-01-19T07:04:34","guid":{"rendered":"https:\/\/www.fjpremium.com\/?post_type=product&#038;p=24616"},"modified":"2024-03-27T17:52:50","modified_gmt":"2024-03-27T09:52:50","slug":"flat-panel-mount-usb-type-e-cable-to-usb-c","status":"publish","type":"product","link":"https:\/\/www.fjpremium.com\/es\/product\/flat-panel-mount-usb-type-e-cable-to-usb-c\/","title":{"rendered":"Cable USB plano de montaje en panel tipo E macho a USB 3.1 tipo C hembra para placas base Cable de extensi\u00f3n para montaje en panel"},"content":{"rendered":"<p>Descubra la cima de la conectividad con el cable plano USB tipo E para montaje en panel, una soluci\u00f3n innovadora dise\u00f1ada para una transmisi\u00f3n de datos perfecta.<\/p>\n<p>Dise\u00f1ado con precisi\u00f3n, este cable cuenta con un conector macho USB tipo E perfectamente integrado con un conector hembra USB 3.1 tipo C, reforzado con un mecanismo de bloqueo de tornillo seguro para conexiones estables en cualquier entorno.<\/p>\n<p>El tipo de tuerca y tornillo niquelado M3 garantiza una durabilidad duradera, mientras que el conductor de cobre esta\u00f1ado y el blindaje de doble capa que comprende papel de aluminio y trenzado protegen contra interferencias, ofreciendo velocidades de transferencia de datos ultrarr\u00e1pidas de hasta 10 Gbps.<\/p>\n<p>Dise\u00f1ado para brindar versatilidad, destaca en transmisi\u00f3n multimedia, transferencias de archivos y m\u00e1s.<\/p>\n<p><span style=\"font-size: 16px;\">Sus especificaciones:<\/span><\/p>\n<ul>\n<li>Conector 1: USB tipo E macho<\/li>\n<li>Conector 2: USB 3.1 Tipo C hembra con bloqueo de rosca<\/li>\n<li>Contacto dorado, carcasa niquelada<\/li>\n<li>Tipo de tuerca y tornillo: M3 niquelado<\/li>\n<li>Paso del orificio: 25,8\u00b10,5 mm<\/li>\n<li>Conductor del cable: Cobre esta\u00f1ado<\/li>\n<li>Calibre del cable: 30AWG<\/li>\n<li>Di\u00e1metro exterior: 5,5 mm<\/li>\n<li>Blindaje: Papel de aluminio, trenzado<\/li>\n<li>Carcasa: Moldeo por inyecci\u00f3n<\/li>\n<li>Cubierta: PVC<\/li>\n<li>La velocidad de transferencia alcanza los 10 Gbps<\/li>\n<li>Conformidad: RoHS, REACH<\/li>\n<\/ul>","protected":false},"excerpt":{"rendered":"<p>Cable plano USB tipo E para montaje en panel macho a USB 3.1 tipo C hembra para montaje en panel de placa base, 0.3M<\/p>","protected":false},"featured_media":24621,"template":"","meta":{"_acf_changed":false,"_seopress_robots_primary_cat":"","_seopress_titles_title":"Flat USB Type-E Panel Mount Cable to USB 3.1 Type C Cable","_seopress_titles_desc":"","_seopress_robots_index":"","site-sidebar-layout":"default","site-content-layout":"default","ast-site-content-layout":"default","site-content-style":"default","site-sidebar-style":"default","ast-global-header-display":"","ast-banner-title-visibility":"","ast-main-header-display":"","ast-hfb-above-header-display":"","ast-hfb-below-header-display":"","ast-hfb-mobile-header-display":"","site-post-title":"","ast-breadcrumbs-content":"","ast-featured-img":"","footer-sml-layout":"","ast-disable-related-posts":"","theme-transparent-header-meta":"default","adv-header-id-meta":"","stick-header-meta":"","header-above-stick-meta":"","header-main-stick-meta":"","header-below-stick-meta":"","astra-migrate-meta-layouts":"set","ast-page-background-enabled":"default","ast-page-background-meta":{"desktop":{"background-color":"","background-image":"","background-repeat":"repeat","background-position":"center center","background-size":"auto","background-attachment":"scroll","background-type":"","background-media":"","overlay-type":"","overlay-color":"","overlay-opacity":"","overlay-gradient":""},"tablet":{"background-color":"","background-image":"","background-repeat":"repeat","background-position":"center center","background-size":"auto","background-attachment":"scroll","background-type":"","background-media":"","overlay-type":"","overlay-color":"","overlay-opacity":"","overlay-gradient":""},"mobile":{"background-color":"","background-image":"","background-repeat":"repeat","background-position":"center center","background-size":"auto","background-attachment":"scroll","background-type":"","background-media":"","overlay-type":"","overlay-color":"","overlay-opacity":"","overlay-gradient":""}},"ast-content-background-meta":{"desktop":{"background-color":"var(--ast-global-color-5)","background-image":"","background-repeat":"repeat","background-position":"center center","background-size":"auto","background-attachment":"scroll","background-type":"","background-media":"","overlay-type":"","overlay-color":"","overlay-opacity":"","overlay-gradient":""},"tablet":{"background-color":"var(--ast-global-color-5)","background-image":"","background-repeat":"repeat","background-position":"center center","background-size":"auto","background-attachment":"scroll","background-type":"","background-media":"","overlay-type":"","overlay-color":"","overlay-opacity":"","overlay-gradient":""},"mobile":{"background-color":"var(--ast-global-color-5)","background-image":"","background-repeat":"repeat","background-position":"center center","background-size":"auto","background-attachment":"scroll","background-type":"","background-media":"","overlay-type":"","overlay-color":"","overlay-opacity":"","overlay-gradient":""}},"iawp_total_views":5},"product_brand":[],"product_cat":[238,678],"product_tag":[],"class_list":{"0":"post-24616","1":"product","2":"type-product","3":"status-publish","4":"has-post-thumbnail","6":"product_cat-panel-mount","7":"product_cat-panel-mount-cables","8":"desktop-align-left","9":"tablet-align-left","10":"mobile-align-left","12":"first","13":"instock","14":"shipping-taxable","15":"purchasable","16":"product-type-simple"},"acf":[],"_links":{"self":[{"href":"https:\/\/www.fjpremium.com\/es\/wp-json\/wp\/v2\/product\/24616","targetHints":{"allow":["GET"]}}],"collection":[{"href":"https:\/\/www.fjpremium.com\/es\/wp-json\/wp\/v2\/product"}],"about":[{"href":"https:\/\/www.fjpremium.com\/es\/wp-json\/wp\/v2\/types\/product"}],"wp:featuredmedia":[{"embeddable":true,"href":"https:\/\/www.fjpremium.com\/es\/wp-json\/wp\/v2\/media\/24621"}],"wp:attachment":[{"href":"https:\/\/www.fjpremium.com\/es\/wp-json\/wp\/v2\/media?parent=24616"}],"wp:term":[{"taxonomy":"product_brand","embeddable":true,"href":"https:\/\/www.fjpremium.com\/es\/wp-json\/wp\/v2\/product_brand?post=24616"},{"taxonomy":"product_cat","embeddable":true,"href":"https:\/\/www.fjpremium.com\/es\/wp-json\/wp\/v2\/product_cat?post=24616"},{"taxonomy":"product_tag","embeddable":true,"href":"https:\/\/www.fjpremium.com\/es\/wp-json\/wp\/v2\/product_tag?post=24616"}],"curies":[{"name":"wp","href":"https:\/\/api.w.org\/{rel}","templated":true}]}}