{"id":24571,"date":"2024-01-19T13:33:27","date_gmt":"2024-01-19T05:33:27","guid":{"rendered":"https:\/\/www.fjpremium.com\/?post_type=product&#038;p=24571"},"modified":"2024-03-27T16:16:41","modified_gmt":"2024-03-27T08:16:41","slug":"panel-mount-up-angle-usb-3-1-type-c-cable","status":"publish","type":"product","link":"https:\/\/www.fjpremium.com\/es\/product\/panel-mount-up-angle-usb-3-1-type-c-cable\/","title":{"rendered":"Cable de extensi\u00f3n USB 3.1 tipo C macho a hembra en \u00e1ngulo ascendente para montaje en panel con tornillo"},"content":{"rendered":"<p>El cable USB 3.1 tipo C con \u00e1ngulo hacia arriba para montaje en panel ofrece conectividad confiable para maquinaria industrial y gabinetes electr\u00f3nicos. Con una construcci\u00f3n duradera y un mecanismo de bloqueo seguro, garantiza conexiones estables.<\/p>\n<p>Al admitir hasta 4K a una resoluci\u00f3n de 60 Hz y velocidades de transferencia de datos ultrarr\u00e1pidas de hasta 10 Gbps, permite transferencias de archivos eficientes. Adem\u00e1s, admite carga r\u00e1pida USB de hasta 100W.<\/p>\n<p>El cumplimiento de las normativas RoHS y REACH garantiza la responsabilidad medioambiental.<\/p>\n<p>En general, es una soluci\u00f3n vers\u00e1til y duradera para las necesidades de conectividad montada en panel.<\/p>\n<p><span style=\"font-size: 16px;\">Sus especificaciones:<\/span><\/p>\n<ul>\n<li>Conector 1: USB 3.1 Tipo C macho de \u00e1ngulo ascendente con bloqueo de rosca<\/li>\n<li>Conector 2: USB 3.1 Tipo C hembra<\/li>\n<li>Contacto dorado, carcasa niquelada<\/li>\n<li>Tipo de tuerca y tornillo M2 niquelado<\/li>\n<li>Paso de los agujeros: 16,5 mm<\/li>\n<li>Conductor del cable: Cobre esta\u00f1ado<\/li>\n<li>Calibre del cable: 32\/32\/21AWG<\/li>\n<li>Di\u00e1metro exterior: 4,5\u00b10,2 mm<\/li>\n<li>Blindaje: Papel de aluminio, trenzado<\/li>\n<li>Carcasa: Moldeo por inyecci\u00f3n<\/li>\n<li>Cubierta: PVC<\/li>\n<li>Admite una resoluci\u00f3n de hasta 4K@60Hz<\/li>\n<li>Transferencia de datos\/sincronizaci\u00f3n ultrarr\u00e1pida (hasta 10 Gbps), tambi\u00e9n admite carga r\u00e1pida USB de hasta 100 W<\/li>\n<li>Conformidad: RoHS, REACH<\/li>\n<\/ul>","protected":false},"excerpt":{"rendered":"<p>Cable USB 3.1 tipo C macho a hembra en \u00e1ngulo ascendente para montaje en panel Cable alargador con bloqueo de rosca, 0,3 m<\/p>","protected":false},"featured_media":24572,"template":"","meta":{"_acf_changed":false,"_seopress_robots_primary_cat":"","_seopress_titles_title":"Panel Mount UP Angle USB 3.1 Type C Cable","_seopress_titles_desc":"","_seopress_robots_index":"","site-sidebar-layout":"default","site-content-layout":"default","ast-site-content-layout":"default","site-content-style":"default","site-sidebar-style":"default","ast-global-header-display":"","ast-banner-title-visibility":"","ast-main-header-display":"","ast-hfb-above-header-display":"","ast-hfb-below-header-display":"","ast-hfb-mobile-header-display":"","site-post-title":"","ast-breadcrumbs-content":"","ast-featured-img":"","footer-sml-layout":"","ast-disable-related-posts":"","theme-transparent-header-meta":"default","adv-header-id-meta":"","stick-header-meta":"","header-above-stick-meta":"","header-main-stick-meta":"","header-below-stick-meta":"","astra-migrate-meta-layouts":"set","ast-page-background-enabled":"default","ast-page-background-meta":{"desktop":{"background-color":"","background-image":"","background-repeat":"repeat","background-position":"center center","background-size":"auto","background-attachment":"scroll","background-type":"","background-media":"","overlay-type":"","overlay-color":"","overlay-opacity":"","overlay-gradient":""},"tablet":{"background-color":"","background-image":"","background-repeat":"repeat","background-position":"center center","background-size":"auto","background-attachment":"scroll","background-type":"","background-media":"","overlay-type":"","overlay-color":"","overlay-opacity":"","overlay-gradient":""},"mobile":{"background-color":"","background-image":"","background-repeat":"repeat","background-position":"center center","background-size":"auto","background-attachment":"scroll","background-type":"","background-media":"","overlay-type":"","overlay-color":"","overlay-opacity":"","overlay-gradient":""}},"ast-content-background-meta":{"desktop":{"background-color":"var(--ast-global-color-5)","background-image":"","background-repeat":"repeat","background-position":"center center","background-size":"auto","background-attachment":"scroll","background-type":"","background-media":"","overlay-type":"","overlay-color":"","overlay-opacity":"","overlay-gradient":""},"tablet":{"background-color":"var(--ast-global-color-5)","background-image":"","background-repeat":"repeat","background-position":"center center","background-size":"auto","background-attachment":"scroll","background-type":"","background-media":"","overlay-type":"","overlay-color":"","overlay-opacity":"","overlay-gradient":""},"mobile":{"background-color":"var(--ast-global-color-5)","background-image":"","background-repeat":"repeat","background-position":"center center","background-size":"auto","background-attachment":"scroll","background-type":"","background-media":"","overlay-type":"","overlay-color":"","overlay-opacity":"","overlay-gradient":""}},"iawp_total_views":5},"product_brand":[],"product_cat":[238,678],"product_tag":[],"class_list":{"0":"post-24571","1":"product","2":"type-product","3":"status-publish","4":"has-post-thumbnail","6":"product_cat-panel-mount","7":"product_cat-panel-mount-cables","8":"desktop-align-left","9":"tablet-align-left","10":"mobile-align-left","12":"first","13":"instock","14":"shipping-taxable","15":"purchasable","16":"product-type-simple"},"acf":[],"_links":{"self":[{"href":"https:\/\/www.fjpremium.com\/es\/wp-json\/wp\/v2\/product\/24571","targetHints":{"allow":["GET"]}}],"collection":[{"href":"https:\/\/www.fjpremium.com\/es\/wp-json\/wp\/v2\/product"}],"about":[{"href":"https:\/\/www.fjpremium.com\/es\/wp-json\/wp\/v2\/types\/product"}],"wp:featuredmedia":[{"embeddable":true,"href":"https:\/\/www.fjpremium.com\/es\/wp-json\/wp\/v2\/media\/24572"}],"wp:attachment":[{"href":"https:\/\/www.fjpremium.com\/es\/wp-json\/wp\/v2\/media?parent=24571"}],"wp:term":[{"taxonomy":"product_brand","embeddable":true,"href":"https:\/\/www.fjpremium.com\/es\/wp-json\/wp\/v2\/product_brand?post=24571"},{"taxonomy":"product_cat","embeddable":true,"href":"https:\/\/www.fjpremium.com\/es\/wp-json\/wp\/v2\/product_cat?post=24571"},{"taxonomy":"product_tag","embeddable":true,"href":"https:\/\/www.fjpremium.com\/es\/wp-json\/wp\/v2\/product_tag?post=24571"}],"curies":[{"name":"wp","href":"https:\/\/api.w.org\/{rel}","templated":true}]}}