{"id":24421,"date":"2024-01-17T14:05:17","date_gmt":"2024-01-17T06:05:17","guid":{"rendered":"https:\/\/www.fjpremium.com\/?post_type=product&#038;p=24421"},"modified":"2024-03-26T16:49:54","modified_gmt":"2024-03-26T08:49:54","slug":"micro-usb-2-0-to-usb-c-panel-mount-cable","status":"publish","type":"product","link":"https:\/\/www.fjpremium.com\/es\/product\/micro-usb-2-0-to-usb-c-panel-mount-cable\/","title":{"rendered":"Cable de montaje en panel de micro USB 2.0 a USB-C, cable de extensi\u00f3n de macho a hembra."},"content":{"rendered":"<p>Descubra una conectividad perfecta con nuestro cable de montaje en panel Micro USB 2.0 a USB-C. Cuenta con conectores Micro USB 2.0 macho de 5 pines a USB 2.0 tipo C hembra dise\u00f1ados con precisi\u00f3n con bloqueo de tornillo para conexiones seguras.<\/p>\n<p>Dise\u00f1ado con tuerca y tornillo niquelado M3 para una f\u00e1cil instalaci\u00f3n, con un paso de orificio de 17 mm y un di\u00e1metro exterior delgado de 4,5 mm.<\/p>\n<p>Experimente una r\u00e1pida transferencia de datos de 480 Mbps para dispositivos USB 2.0 de alta velocidad, blindados para una \u00f3ptima integridad de la se\u00f1al y protecci\u00f3n contra interferencias.<\/p>\n<p>Nuestro cable, que cumple con los est\u00e1ndares RoHS y REACH, cumple con los est\u00e1ndares de calidad y responsabilidad ambiental de la industria.<\/p>\n<p>Actualice con confianza con nuestro cable de montaje en panel Micro USB 2.0 a USB-C: el pin\u00e1culo de la conectividad.<\/p>\n<p><span style=\"font-size: 16px;\">Sus especificaciones:<\/span><\/p>\n<ul>\n<li>Conector 1: Micro 5PIN USB 2.0 macho<\/li>\n<li>Conector 2: USB 2.0 Tipo-C hembra con bloqueo de rosca<\/li>\n<li>Contacto dorado, carcasa niquelada<\/li>\n<li>Tipo de tuerca y tornillo: M3 niquelado<\/li>\n<li>Paso de los orificios: 17\u00b10,5 mm<\/li>\n<li>Conductor del cable: Cobre desnudo<\/li>\n<li>Calibre del cable: 28\/24AWG<\/li>\n<li>Di\u00e1metro exterior: 4,5\u00b10,2 mm<\/li>\n<li>Blindaje: Papel de aluminio, trenzado<\/li>\n<li>Carcasa: Moldeo por inyecci\u00f3n<\/li>\n<li>Cubierta: PVC<\/li>\n<li>Admite dispositivos USB 2.0 de alta velocidad y la velocidad de transferencia alcanza los 480 Mbps<\/li>\n<li>Compatible con USB 1.1 de velocidad m\u00e1xima (12 Mbps) y USB 1.0 de baja velocidad (1,5 Mbps)<\/li>\n<li>Conformidad: RoHS, REACH<\/li>\n<\/ul>","protected":false},"excerpt":{"rendered":"<p>Cable de montaje en panel de micro USB 2.0 a USB-C, cable de extensi\u00f3n de macho a hembracon fijaci\u00f3n de tornillo, 0,3M.<\/p>","protected":false},"featured_media":24422,"template":"","meta":{"_acf_changed":false,"_seopress_robots_primary_cat":"","_seopress_titles_title":"Micro USB 2.0 to USB-C Panel Mount Cable, M-F","_seopress_titles_desc":"","_seopress_robots_index":"","site-sidebar-layout":"default","site-content-layout":"default","ast-site-content-layout":"default","site-content-style":"default","site-sidebar-style":"default","ast-global-header-display":"","ast-banner-title-visibility":"","ast-main-header-display":"","ast-hfb-above-header-display":"","ast-hfb-below-header-display":"","ast-hfb-mobile-header-display":"","site-post-title":"","ast-breadcrumbs-content":"","ast-featured-img":"","footer-sml-layout":"","ast-disable-related-posts":"","theme-transparent-header-meta":"default","adv-header-id-meta":"","stick-header-meta":"","header-above-stick-meta":"","header-main-stick-meta":"","header-below-stick-meta":"","astra-migrate-meta-layouts":"set","ast-page-background-enabled":"default","ast-page-background-meta":{"desktop":{"background-color":"","background-image":"","background-repeat":"repeat","background-position":"center center","background-size":"auto","background-attachment":"scroll","background-type":"","background-media":"","overlay-type":"","overlay-color":"","overlay-opacity":"","overlay-gradient":""},"tablet":{"background-color":"","background-image":"","background-repeat":"repeat","background-position":"center center","background-size":"auto","background-attachment":"scroll","background-type":"","background-media":"","overlay-type":"","overlay-color":"","overlay-opacity":"","overlay-gradient":""},"mobile":{"background-color":"","background-image":"","background-repeat":"repeat","background-position":"center center","background-size":"auto","background-attachment":"scroll","background-type":"","background-media":"","overlay-type":"","overlay-color":"","overlay-opacity":"","overlay-gradient":""}},"ast-content-background-meta":{"desktop":{"background-color":"var(--ast-global-color-5)","background-image":"","background-repeat":"repeat","background-position":"center center","background-size":"auto","background-attachment":"scroll","background-type":"","background-media":"","overlay-type":"","overlay-color":"","overlay-opacity":"","overlay-gradient":""},"tablet":{"background-color":"var(--ast-global-color-5)","background-image":"","background-repeat":"repeat","background-position":"center center","background-size":"auto","background-attachment":"scroll","background-type":"","background-media":"","overlay-type":"","overlay-color":"","overlay-opacity":"","overlay-gradient":""},"mobile":{"background-color":"var(--ast-global-color-5)","background-image":"","background-repeat":"repeat","background-position":"center center","background-size":"auto","background-attachment":"scroll","background-type":"","background-media":"","overlay-type":"","overlay-color":"","overlay-opacity":"","overlay-gradient":""}},"iawp_total_views":14},"product_brand":[],"product_cat":[238,678],"product_tag":[],"class_list":{"0":"post-24421","1":"product","2":"type-product","3":"status-publish","4":"has-post-thumbnail","6":"product_cat-panel-mount","7":"product_cat-panel-mount-cables","8":"desktop-align-left","9":"tablet-align-left","10":"mobile-align-left","12":"first","13":"instock","14":"shipping-taxable","15":"purchasable","16":"product-type-simple"},"acf":[],"_links":{"self":[{"href":"https:\/\/www.fjpremium.com\/es\/wp-json\/wp\/v2\/product\/24421","targetHints":{"allow":["GET"]}}],"collection":[{"href":"https:\/\/www.fjpremium.com\/es\/wp-json\/wp\/v2\/product"}],"about":[{"href":"https:\/\/www.fjpremium.com\/es\/wp-json\/wp\/v2\/types\/product"}],"wp:featuredmedia":[{"embeddable":true,"href":"https:\/\/www.fjpremium.com\/es\/wp-json\/wp\/v2\/media\/24422"}],"wp:attachment":[{"href":"https:\/\/www.fjpremium.com\/es\/wp-json\/wp\/v2\/media?parent=24421"}],"wp:term":[{"taxonomy":"product_brand","embeddable":true,"href":"https:\/\/www.fjpremium.com\/es\/wp-json\/wp\/v2\/product_brand?post=24421"},{"taxonomy":"product_cat","embeddable":true,"href":"https:\/\/www.fjpremium.com\/es\/wp-json\/wp\/v2\/product_cat?post=24421"},{"taxonomy":"product_tag","embeddable":true,"href":"https:\/\/www.fjpremium.com\/es\/wp-json\/wp\/v2\/product_tag?post=24421"}],"curies":[{"name":"wp","href":"https:\/\/api.w.org\/{rel}","templated":true}]}}