{"id":24352,"date":"2024-01-17T10:48:16","date_gmt":"2024-01-17T02:48:16","guid":{"rendered":"https:\/\/www.fjpremium.com\/?post_type=product&#038;p=24352"},"modified":"2024-03-25T14:23:33","modified_gmt":"2024-03-25T06:23:33","slug":"panel-mount-usb-2-0-angle-extension-cable","status":"publish","type":"product","link":"https:\/\/www.fjpremium.com\/es\/product\/panel-mount-usb-2-0-angle-extension-cable\/","title":{"rendered":"Cable de extensi\u00f3n angular USB 2.0 de montaje en panel, macho a hembra"},"content":{"rendered":"<p>Cable de extensi\u00f3n en \u00e1ngulo USB 2.0 de montaje en panel FARSINCE, dise\u00f1ado para brindar durabilidad y versatilidad. Est\u00e1n disponibles cuatro tipos de \u00e1ngulos izquierdo, derecho, arriba y abajo<\/p>\n<p>Con contactos chapados en oro y una carcasa niquelada, garantiza una calidad duradera, mientras que el dise\u00f1o en \u00e1ngulo flexible ofrece m\u00faltiples opciones de instalaci\u00f3n.<\/p>\n<p>La f\u00e1cil configuraci\u00f3n est\u00e1 garantizada con el tipo de tornillo y tuerca niquelado M3, que se adapta perfectamente a cualquier configuraci\u00f3n.<\/p>\n<p>La transferencia de datos confiable se ve facilitada por conductores de cobre desnudos y blindaje, lo que garantiza una interferencia m\u00ednima.<\/p>\n<p>Admite dispositivos USB 2.0 de alta velocidad con velocidades de hasta 480 Mbps y tambi\u00e9n mantiene la compatibilidad con dispositivos USB 1.1 y 1.0.<\/p>\n<p>Actualice su conectividad sin esfuerzo con nuestro cable de extensi\u00f3n en \u00e1ngulo USB 2.0 de montaje en panel.<\/p>\n<p>Sus especificaciones:<\/p>\n<ul>\n<li>Conector 1: USB 2.0 Tipo -A \u00e1ngulo macho<\/li>\n<li>Conector 2: USB 2.0 Tipo -A hembra con bloqueo de rosca<\/li>\n<li>Contacto dorado, carcasa niquelada<\/li>\n<li>Tipo de tuerca y tornillo: M3 niquelado<\/li>\n<li>Paso de los orificios: 30\u00b10,5 mm<\/li>\n<li>Conductor del cable: Cobre desnudo<\/li>\n<li>Calibre del cable: 28\/24AWG<\/li>\n<li>Di\u00e1metro exterior: 4,5\u00b10,2 mm<\/li>\n<li>Blindaje: Papel de aluminio, trenzado<\/li>\n<li>Carcasa: Moldeo por inyecci\u00f3n<\/li>\n<li>Cubierta: PVC<\/li>\n<li>Tipos de \u00e1ngulo disponibles: izquierda, derecha, arriba y abajo<\/li>\n<li>Admite dispositivos USB 2.0 de alta velocidad y la velocidad de transferencia alcanza los 480 Mbps<\/li>\n<li>Compatible con USB 1.1 de velocidad m\u00e1xima (12 Mbps) y USB 1.0 de baja velocidad (1,5 Mbps)<\/li>\n<li>Conformidad: RoHS, REACH<\/li>\n<\/ul>","protected":false},"excerpt":{"rendered":"<p>Cable de extensi\u00f3n en \u00e1ngulo USB 2.0 de montaje en panel, macho a hembra con fijaci\u00f3n por tornillo, 0,3M<\/p>","protected":false},"featured_media":24353,"template":"","meta":{"_acf_changed":false,"_seopress_robots_primary_cat":"","_seopress_titles_title":"Panel Mount USB 2.0 Angle Extension Cable, Male to Female","_seopress_titles_desc":"","_seopress_robots_index":"","site-sidebar-layout":"default","site-content-layout":"default","ast-site-content-layout":"default","site-content-style":"default","site-sidebar-style":"default","ast-global-header-display":"","ast-banner-title-visibility":"","ast-main-header-display":"","ast-hfb-above-header-display":"","ast-hfb-below-header-display":"","ast-hfb-mobile-header-display":"","site-post-title":"","ast-breadcrumbs-content":"","ast-featured-img":"","footer-sml-layout":"","ast-disable-related-posts":"","theme-transparent-header-meta":"default","adv-header-id-meta":"","stick-header-meta":"","header-above-stick-meta":"","header-main-stick-meta":"","header-below-stick-meta":"","astra-migrate-meta-layouts":"set","ast-page-background-enabled":"default","ast-page-background-meta":{"desktop":{"background-color":"","background-image":"","background-repeat":"repeat","background-position":"center center","background-size":"auto","background-attachment":"scroll","background-type":"","background-media":"","overlay-type":"","overlay-color":"","overlay-opacity":"","overlay-gradient":""},"tablet":{"background-color":"","background-image":"","background-repeat":"repeat","background-position":"center center","background-size":"auto","background-attachment":"scroll","background-type":"","background-media":"","overlay-type":"","overlay-color":"","overlay-opacity":"","overlay-gradient":""},"mobile":{"background-color":"","background-image":"","background-repeat":"repeat","background-position":"center center","background-size":"auto","background-attachment":"scroll","background-type":"","background-media":"","overlay-type":"","overlay-color":"","overlay-opacity":"","overlay-gradient":""}},"ast-content-background-meta":{"desktop":{"background-color":"var(--ast-global-color-5)","background-image":"","background-repeat":"repeat","background-position":"center center","background-size":"auto","background-attachment":"scroll","background-type":"","background-media":"","overlay-type":"","overlay-color":"","overlay-opacity":"","overlay-gradient":""},"tablet":{"background-color":"var(--ast-global-color-5)","background-image":"","background-repeat":"repeat","background-position":"center center","background-size":"auto","background-attachment":"scroll","background-type":"","background-media":"","overlay-type":"","overlay-color":"","overlay-opacity":"","overlay-gradient":""},"mobile":{"background-color":"var(--ast-global-color-5)","background-image":"","background-repeat":"repeat","background-position":"center center","background-size":"auto","background-attachment":"scroll","background-type":"","background-media":"","overlay-type":"","overlay-color":"","overlay-opacity":"","overlay-gradient":""}},"iawp_total_views":6},"product_brand":[],"product_cat":[238,678],"product_tag":[],"class_list":{"0":"post-24352","1":"product","2":"type-product","3":"status-publish","4":"has-post-thumbnail","6":"product_cat-panel-mount","7":"product_cat-panel-mount-cables","8":"desktop-align-left","9":"tablet-align-left","10":"mobile-align-left","12":"first","13":"instock","14":"shipping-taxable","15":"purchasable","16":"product-type-simple"},"acf":[],"_links":{"self":[{"href":"https:\/\/www.fjpremium.com\/es\/wp-json\/wp\/v2\/product\/24352","targetHints":{"allow":["GET"]}}],"collection":[{"href":"https:\/\/www.fjpremium.com\/es\/wp-json\/wp\/v2\/product"}],"about":[{"href":"https:\/\/www.fjpremium.com\/es\/wp-json\/wp\/v2\/types\/product"}],"wp:featuredmedia":[{"embeddable":true,"href":"https:\/\/www.fjpremium.com\/es\/wp-json\/wp\/v2\/media\/24353"}],"wp:attachment":[{"href":"https:\/\/www.fjpremium.com\/es\/wp-json\/wp\/v2\/media?parent=24352"}],"wp:term":[{"taxonomy":"product_brand","embeddable":true,"href":"https:\/\/www.fjpremium.com\/es\/wp-json\/wp\/v2\/product_brand?post=24352"},{"taxonomy":"product_cat","embeddable":true,"href":"https:\/\/www.fjpremium.com\/es\/wp-json\/wp\/v2\/product_cat?post=24352"},{"taxonomy":"product_tag","embeddable":true,"href":"https:\/\/www.fjpremium.com\/es\/wp-json\/wp\/v2\/product_tag?post=24352"}],"curies":[{"name":"wp","href":"https:\/\/api.w.org\/{rel}","templated":true}]}}