{"id":24317,"date":"2024-01-17T09:33:09","date_gmt":"2024-01-17T01:33:09","guid":{"rendered":"https:\/\/www.fjpremium.com\/?post_type=product&#038;p=24317"},"modified":"2024-03-21T16:34:58","modified_gmt":"2024-03-21T08:34:58","slug":"mini-dp-to-dp-panel-mount-cable","status":"publish","type":"product","link":"https:\/\/www.fjpremium.com\/es\/product\/mini-dp-to-dp-panel-mount-cable\/","title":{"rendered":"Cable de montaje en panel de Mini DisplayPort macho a Displayport hembra, Cable de montaje en panel de Mini Dp a DP"},"content":{"rendered":"<p>Cable de montaje en panel FARSINCE Mini DP a DP: combine perfectamente sus cables DisplayPort y Mini DisplayPort con nuestra soluci\u00f3n confiable.<\/p>\n<p>Dise\u00f1ado para la conectividad a trav\u00e9s de un panel, este cable cuenta con una construcci\u00f3n de materiales de primera calidad, incluido un conductor de cobre esta\u00f1ado, papel de aluminio y blindaje trenzado, todo ello recubierto por una cubierta de PVC duradera.<\/p>\n<p>Experimente una transmisi\u00f3n impecable con soporte para ancho de banda de alta velocidad de bits y resoluci\u00f3n de hasta 4K, cumpliendo con los est\u00e1ndares DisplayPort 1.2. Descanse tranquilo sabiendo que est\u00e1 certificado con RoHS y REACH, y respaldado por una s\u00f3lida garant\u00eda de 2 a\u00f1os. Eleve su conectividad con confianza en la calidad y la confiabilidad.<\/p>\n<p>Sus especificaciones:<\/p>\n<ul>\n<li>Conector 1: Mini DisplayPort macho, chapado en oro<\/li>\n<li>Conector 2: DisplayPort hembra con cierre de rosca, contacto chapado en oro, carcasa niquelada<\/li>\n<li>Tipo de tuerca y tornillo: M3 niquelado<\/li>\n<li>Paso de los orificios: 27\u00b10,5 mm<\/li>\n<li>Conductor del cable: Cobre adelgazado<\/li>\n<li>Calibre del cable: 32AWG<\/li>\n<li>Di\u00e1metro exterior: 5,0\u00b10,2 mm<\/li>\n<li>Blindaje: Papel de aluminio<\/li>\n<li>Carcasa: Moldeo por inyecci\u00f3n<\/li>\n<li>Cubierta: PVC<\/li>\n<li>Admite un ancho de banda de alta velocidad de bits (HBR) y una resoluci\u00f3n de hasta 4K<\/li>\n<li>Conforme al est\u00e1ndar DisplayPort 1.2<\/li>\n<li>Conformidad: RoHS, REACH<\/li>\n<\/ul>","protected":false},"excerpt":{"rendered":"<p>De alta velocidad Mini DisplayPort macho a Displayport hembra Cable de montaje en panel, Mini Dp a DP Cable de montaje en panel, 0.2M<\/p>","protected":false},"featured_media":24318,"template":"","meta":{"_acf_changed":false,"_seopress_robots_primary_cat":"","_seopress_titles_title":"Mini DisplayPort, Mini Dp to DP Panel Mount Cable","_seopress_titles_desc":"","_seopress_robots_index":"","site-sidebar-layout":"default","site-content-layout":"default","ast-site-content-layout":"default","site-content-style":"default","site-sidebar-style":"default","ast-global-header-display":"","ast-banner-title-visibility":"","ast-main-header-display":"","ast-hfb-above-header-display":"","ast-hfb-below-header-display":"","ast-hfb-mobile-header-display":"","site-post-title":"","ast-breadcrumbs-content":"","ast-featured-img":"","footer-sml-layout":"","ast-disable-related-posts":"","theme-transparent-header-meta":"default","adv-header-id-meta":"","stick-header-meta":"","header-above-stick-meta":"","header-main-stick-meta":"","header-below-stick-meta":"","astra-migrate-meta-layouts":"set","ast-page-background-enabled":"default","ast-page-background-meta":{"desktop":{"background-color":"","background-image":"","background-repeat":"repeat","background-position":"center center","background-size":"auto","background-attachment":"scroll","background-type":"","background-media":"","overlay-type":"","overlay-color":"","overlay-opacity":"","overlay-gradient":""},"tablet":{"background-color":"","background-image":"","background-repeat":"repeat","background-position":"center center","background-size":"auto","background-attachment":"scroll","background-type":"","background-media":"","overlay-type":"","overlay-color":"","overlay-opacity":"","overlay-gradient":""},"mobile":{"background-color":"","background-image":"","background-repeat":"repeat","background-position":"center center","background-size":"auto","background-attachment":"scroll","background-type":"","background-media":"","overlay-type":"","overlay-color":"","overlay-opacity":"","overlay-gradient":""}},"ast-content-background-meta":{"desktop":{"background-color":"var(--ast-global-color-5)","background-image":"","background-repeat":"repeat","background-position":"center center","background-size":"auto","background-attachment":"scroll","background-type":"","background-media":"","overlay-type":"","overlay-color":"","overlay-opacity":"","overlay-gradient":""},"tablet":{"background-color":"var(--ast-global-color-5)","background-image":"","background-repeat":"repeat","background-position":"center center","background-size":"auto","background-attachment":"scroll","background-type":"","background-media":"","overlay-type":"","overlay-color":"","overlay-opacity":"","overlay-gradient":""},"mobile":{"background-color":"var(--ast-global-color-5)","background-image":"","background-repeat":"repeat","background-position":"center center","background-size":"auto","background-attachment":"scroll","background-type":"","background-media":"","overlay-type":"","overlay-color":"","overlay-opacity":"","overlay-gradient":""}},"iawp_total_views":16},"product_brand":[],"product_cat":[238,678],"product_tag":[],"class_list":{"0":"post-24317","1":"product","2":"type-product","3":"status-publish","4":"has-post-thumbnail","6":"product_cat-panel-mount","7":"product_cat-panel-mount-cables","8":"desktop-align-left","9":"tablet-align-left","10":"mobile-align-left","12":"first","13":"instock","14":"shipping-taxable","15":"purchasable","16":"product-type-simple"},"acf":[],"_links":{"self":[{"href":"https:\/\/www.fjpremium.com\/es\/wp-json\/wp\/v2\/product\/24317","targetHints":{"allow":["GET"]}}],"collection":[{"href":"https:\/\/www.fjpremium.com\/es\/wp-json\/wp\/v2\/product"}],"about":[{"href":"https:\/\/www.fjpremium.com\/es\/wp-json\/wp\/v2\/types\/product"}],"wp:featuredmedia":[{"embeddable":true,"href":"https:\/\/www.fjpremium.com\/es\/wp-json\/wp\/v2\/media\/24318"}],"wp:attachment":[{"href":"https:\/\/www.fjpremium.com\/es\/wp-json\/wp\/v2\/media?parent=24317"}],"wp:term":[{"taxonomy":"product_brand","embeddable":true,"href":"https:\/\/www.fjpremium.com\/es\/wp-json\/wp\/v2\/product_brand?post=24317"},{"taxonomy":"product_cat","embeddable":true,"href":"https:\/\/www.fjpremium.com\/es\/wp-json\/wp\/v2\/product_cat?post=24317"},{"taxonomy":"product_tag","embeddable":true,"href":"https:\/\/www.fjpremium.com\/es\/wp-json\/wp\/v2\/product_tag?post=24317"}],"curies":[{"name":"wp","href":"https:\/\/api.w.org\/{rel}","templated":true}]}}